{"id":450,"date":"2021-03-18T14:04:57","date_gmt":"2021-03-18T14:04:57","guid":{"rendered":"https:\/\/inclusiveworkplace.eu\/contact-us\/"},"modified":"2021-12-10T08:36:52","modified_gmt":"2021-12-10T08:36:52","slug":"contact-us","status":"publish","type":"page","link":"https:\/\/inclusiveworkplace.eu\/sk\/contact-us\/","title":{"rendered":"Obsah"},"content":{"rendered":"<h1>Kontaktujte n\u00e1s<\/h1>\n<div>\n<p>        <img decoding=\"async\" src=\"\/wp-content\/uploads\/2021\/07\/TUKE_logo.jpg\" alt=\"TUKE logo\"><\/p>\n<div>Natasa Urbancikova<\/div>\n<p>TUKE &#8211; Slovensko<\/p>\n<\/div>\n<p>\n    <a href=\"mailto:natasa.urbancikova@tuke.sk\">email<\/a>\n<\/p>\n<hr>\n<div>\n<p>        <img decoding=\"async\" src=\"\/wp-content\/uploads\/2021\/07\/astra_logo_en.png\" alt=\"ASTRA logo\"><\/p>\n<div>Iveta Orbanova<\/div>\n<p>ASTRA &#8211; Slovensko<\/p>\n<\/div>\n<p>\n    <a href=\"mailto:astra@astra-ngo.sk\">email<\/a>\n<\/p>\n<hr>\n<div>\n<p>        <img decoding=\"async\" src=\"\/wp-content\/uploads\/2021\/07\/idec_logo.jpg\" alt=\"IDEC logo\"><\/p>\n<div>Koralia Tsagkaratou<\/div>\n<p>IDEC &#8211; Gr\u00e9cko<\/p>\n<\/div>\n<p>\n    <a href=\"mailto:koralia@idec.gr\">email<\/a>\n<\/p>\n<hr>\n<div>\n<p>        <img decoding=\"async\" src=\"\/wp-content\/uploads\/2021\/07\/TREBAG_logo.png\" alt=\"TREBAG logo\"><\/p>\n<div>Andrea K\u00f6vesd<\/div>\n<p>TREBAG &#8211; Ma\u010farsko<\/p>\n<\/div>\n<p>\n    <a href=\"mailto:andrea.kovesd@trebag.hu\">email<\/a>\n<\/p>\n<hr>\n<div>\n<p>        <img decoding=\"async\" src=\"\/wp-content\/uploads\/2021\/07\/vhs_logo.png\" alt=\"VHS Cham logo\"><\/p>\n<div>Martina Bachmeier<\/div>\n<p>VHS Cham &#8211; Nemecko<\/p>\n<\/div>\n<p>\n    <a href=\"mailto:projects@vhs-cham.de\">email<\/a>\n<\/p>\n<hr>\n<div>\n<p>        <img decoding=\"async\" src=\"\/wp-content\/uploads\/2021\/07\/OBES_logo.jpg\" alt=\"OBES logo\"><\/p>\n<div>Konstantinos Margaritis<\/div>\n<p>OBES &#8211; Gr\u00e9cko<\/p>\n<\/div>\n<p>\n    <a href=\"mailto:info@obes.gr\">email<\/a>\n<\/p>\n<hr>\n<div>\n<p>        <img decoding=\"async\" src=\"\/wp-content\/uploads\/2021\/07\/CCIL_logo.png\" alt=\"CCIL logo\"><\/p>\n<div>Ilaria Rizzato<\/div>\n<p>Camera di Commercio Italo-Lussemburghese \u2013 Luxembursko<\/p>\n<\/div>\n<p>\n    <a href=\"mailto:info@ccil.lu\">email<\/a>\n<\/p>\n<div>\n<p>Projekt INSPIRER &#8211; Inkluz\u00edvne pracovisk\u00e1 pre seniorov [2020-1-SK01-KA204-078253]<\/p>\n<\/div>\n<div>\n<p>Podpora Eur\u00f3pskej komisie pri pr\u00edprave tejto publik\u00e1cie nepredstavuje schv\u00e1lenie jej obsahu, ktor\u00fd odr\u00e1\u017ea iba n\u00e1zory autorov a Komisia nezodpoved\u00e1 za ak\u00e9ko\u013evek pou\u017eitie inform\u00e1ci\u00ed v nej obsiahnut\u00fdch.<\/p>\n<\/div>\n<p><img decoding=\"async\" src=\"\/wp-content\/uploads\/2021\/07\/logosbeneficaireserasmusright_sk_0.jpg\" alt=\"\"><\/p>\n<p><!--more--><br \/>\n<!-- {\"name\":\"Contact\",\"type\":\"layout\",\"children\":[{\"name\":\"Hero\",\"type\":\"section\",\"props\":{\"style\":\"primary\",\"width\":\"large\",\"vertical_align\":\"\",\"title_position\":\"top-left\",\"title_rotation\":\"left\",\"title_breakpoint\":\"xl\",\"image_position\":\"center-center\",\"padding\":\"large\"},\"children\":[{\"name\":\"\",\"type\":\"row\",\"children\":[{\"name\":\"\",\"type\":\"column\",\"props\":{\"image_position\":\"center-center\",\"width_medium\":\"1-1\",\"media_overlay_gradient\":\"\"},\"children\":[{\"name\":\"\",\"type\":\"headline\",\"props\":{\"title_element\":\"h1\",\"title_style\":\"heading-medium\",\"maxwidth\":\"2xlarge\",\"animation\":\"parallax\",\"content\":\"Kontaktujte n\\u00e1s\",\"parallax_breakpoint\":\"m\",\"parallax_y_start\":\"0\",\"parallax_y_end\":\"-50\"}}]}],\"props\":{\"margin_remove_bottom\":false}}]},{\"name\":\"Team\",\"type\":\"section\",\"props\":{\"style\":\"default\",\"width\":\"small\",\"vertical_align\":\"\",\"title_position\":\"top-left\",\"title_rotation\":\"left\",\"title_breakpoint\":\"xl\",\"image_position\":\"center-center\",\"padding\":\"large\"},\"children\":[{\"name\":\"\",\"type\":\"row\",\"props\":{\"layout\":\"2-3,1-3\",\"column_gap\":\"small\",\"row_gap\":\"small\"},\"children\":[{\"name\":\"\",\"type\":\"column\",\"props\":{\"image_position\":\"center-center\",\"vertical_align\":\"middle\",\"width_small\":\"2-3\",\"media_overlay_gradient\":\"\"},\"children\":[{\"name\":\"\",\"type\":\"panel\",\"props\":{\"link_text\":\"Read more\",\"title_element\":\"div\",\"meta_style\":\"h5\",\"meta_align\":\"above-title\",\"image_align\":\"left\",\"image_grid_width\":\"auto\",\"link_style\":\"default\",\"margin\":\"default\",\"title_style\":\"h3\",\"meta_color\":\"primary\",\"image_border\":\"circle\",\"text_align\":\"left\",\"text_align_breakpoint\":\"s\",\"text_align_fallback\":\"center\",\"title\":\"Natasa Urbancikova\",\"meta\":\"TUKE - Slovensko\",\"image\":\"wp-content\\\/uploads\\\/2021\\\/07\\\/TUKE_logo.jpg\",\"image_width\":\"70\",\"title_margin\":\"remove\",\"image_grid_column_gap\":\"medium\",\"image_grid_row_gap\":\"medium\",\"image_grid_breakpoint\":\"s\",\"icon_width\":80,\"title_hover_style\":\"reset\",\"title_align\":\"top\",\"title_grid_width\":\"1-2\",\"title_grid_breakpoint\":\"m\",\"meta_element\":\"h3\",\"content_column_breakpoint\":\"m\",\"image_svg_color\":\"emphasis\",\"image_alt\":\"TUKE logo\"}}]},{\"name\":\"\",\"type\":\"column\",\"props\":{\"image_position\":\"center-center\",\"vertical_align\":\"middle\",\"width_small\":\"1-3\",\"media_overlay_gradient\":\"\"},\"children\":[{\"name\":\"\",\"type\":\"button\",\"props\":{\"margin\":\"default\",\"text_align\":\"right\",\"text_align_breakpoint\":\"s\",\"text_align_fallback\":\"center\",\"grid_column_gap\":\"small\",\"grid_row_gap\":\"small\"},\"children\":[{\"name\":\"\",\"type\":\"button_item\",\"props\":{\"button_style\":\"text\",\"icon_align\":\"left\",\"content\":\"email\",\"link\":\"mailto:natasa.urbancikova@tuke.sk\"}}]}]}]},{\"name\":\"\",\"type\":\"row\",\"props\":{\"margin\":\"medium\"},\"children\":[{\"name\":\"\",\"type\":\"column\",\"props\":{\"image_position\":\"center-center\",\"width_medium\":\"1-1\",\"media_overlay_gradient\":\"\"},\"children\":[{\"name\":\"\",\"type\":\"divider\",\"props\":{\"divider_element\":\"hr\",\"divider_style\":\"\",\"divider_align\":\"\",\"divider_align_breakpoint\":\"\",\"divider_align_fallback\":\"\"}}]}]},{\"name\":\"\",\"type\":\"row\",\"props\":{\"layout\":\"2-3,1-3\",\"column_gap\":\"small\",\"row_gap\":\"small\"},\"children\":[{\"name\":\"\",\"type\":\"column\",\"props\":{\"image_position\":\"center-center\",\"vertical_align\":\"middle\",\"width_small\":\"2-3\",\"media_overlay_gradient\":\"\"},\"children\":[{\"name\":\"\",\"type\":\"panel\",\"props\":{\"link_text\":\"Read more\",\"title_element\":\"div\",\"meta_style\":\"h5\",\"meta_align\":\"above-title\",\"image_align\":\"left\",\"image_grid_width\":\"auto\",\"link_style\":\"default\",\"margin\":\"default\",\"title_style\":\"h3\",\"meta_color\":\"primary\",\"image_border\":\"circle\",\"text_align\":\"left\",\"text_align_breakpoint\":\"s\",\"text_align_fallback\":\"center\",\"title\":\"Iveta Orbanova\",\"meta\":\"ASTRA - Slovensko\",\"image\":\"wp-content\\\/uploads\\\/2021\\\/07\\\/astra_logo_en.png\",\"image_width\":\"70\",\"title_margin\":\"remove\",\"image_grid_column_gap\":\"medium\",\"image_grid_row_gap\":\"medium\",\"image_grid_breakpoint\":\"s\",\"icon_width\":80,\"title_hover_style\":\"reset\",\"title_align\":\"top\",\"title_grid_width\":\"1-2\",\"title_grid_breakpoint\":\"m\",\"meta_element\":\"h3\",\"content_column_breakpoint\":\"m\",\"image_svg_color\":\"emphasis\",\"image_alt\":\"ASTRA logo\"}}]},{\"name\":\"\",\"type\":\"column\",\"props\":{\"image_position\":\"center-center\",\"vertical_align\":\"middle\",\"width_small\":\"1-3\",\"media_overlay_gradient\":\"\"},\"children\":[{\"name\":\"\",\"type\":\"button\",\"props\":{\"margin\":\"default\",\"text_align\":\"right\",\"text_align_breakpoint\":\"s\",\"text_align_fallback\":\"center\",\"grid_column_gap\":\"small\",\"grid_row_gap\":\"small\"},\"children\":[{\"name\":\"\",\"type\":\"button_item\",\"props\":{\"button_style\":\"text\",\"icon_align\":\"left\",\"content\":\"email\",\"link\":\"mailto:astra@astra-ngo.sk\"}}]}]}]},{\"name\":\"\",\"type\":\"row\",\"props\":{\"margin\":\"medium\"},\"children\":[{\"name\":\"\",\"type\":\"column\",\"props\":{\"image_position\":\"center-center\",\"width_medium\":\"1-1\",\"media_overlay_gradient\":\"\"},\"children\":[{\"name\":\"\",\"type\":\"divider\",\"props\":{\"divider_element\":\"hr\",\"divider_style\":\"\",\"divider_align\":\"\",\"divider_align_breakpoint\":\"\",\"divider_align_fallback\":\"\"}}]}]},{\"name\":\"\",\"type\":\"row\",\"props\":{\"layout\":\"2-3,1-3\",\"column_gap\":\"small\",\"row_gap\":\"small\"},\"children\":[{\"name\":\"\",\"type\":\"column\",\"props\":{\"image_position\":\"center-center\",\"vertical_align\":\"middle\",\"width_small\":\"2-3\",\"media_overlay_gradient\":\"\"},\"children\":[{\"name\":\"\",\"type\":\"panel\",\"props\":{\"link_text\":\"Read more\",\"title_element\":\"div\",\"meta_style\":\"h5\",\"meta_align\":\"above-title\",\"image_align\":\"left\",\"image_grid_width\":\"auto\",\"link_style\":\"default\",\"margin\":\"default\",\"title_style\":\"h3\",\"meta_color\":\"primary\",\"image_border\":\"circle\",\"text_align\":\"left\",\"text_align_breakpoint\":\"s\",\"text_align_fallback\":\"center\",\"title\":\"Koralia Tsagkaratou\",\"meta\":\"IDEC - Gr\\u00e9cko\",\"image\":\"wp-content\\\/uploads\\\/2021\\\/07\\\/idec_logo.jpg\",\"image_width\":\"70\",\"title_margin\":\"remove\",\"image_grid_column_gap\":\"medium\",\"image_grid_row_gap\":\"medium\",\"image_grid_breakpoint\":\"s\",\"icon_width\":80,\"title_hover_style\":\"reset\",\"title_align\":\"top\",\"title_grid_width\":\"1-2\",\"title_grid_breakpoint\":\"m\",\"meta_element\":\"h3\",\"content_column_breakpoint\":\"m\",\"image_svg_color\":\"emphasis\",\"image_alt\":\"IDEC logo\"}}]},{\"name\":\"\",\"type\":\"column\",\"props\":{\"image_position\":\"center-center\",\"vertical_align\":\"middle\",\"width_small\":\"1-3\",\"media_overlay_gradient\":\"\"},\"children\":[{\"name\":\"\",\"type\":\"button\",\"props\":{\"margin\":\"default\",\"text_align\":\"right\",\"text_align_breakpoint\":\"s\",\"text_align_fallback\":\"center\",\"grid_column_gap\":\"small\",\"grid_row_gap\":\"small\"},\"children\":[{\"name\":\"\",\"type\":\"button_item\",\"props\":{\"button_style\":\"text\",\"icon_align\":\"left\",\"content\":\"email\",\"link\":\"mailto:koralia@idec.gr\"}}]}]}]},{\"name\":\"\",\"type\":\"row\",\"props\":{\"margin\":\"medium\"},\"children\":[{\"name\":\"\",\"type\":\"column\",\"props\":{\"image_position\":\"center-center\",\"width_medium\":\"1-1\",\"media_overlay_gradient\":\"\"},\"children\":[{\"name\":\"\",\"type\":\"divider\",\"props\":{\"divider_element\":\"hr\",\"divider_style\":\"\",\"divider_align\":\"\",\"divider_align_breakpoint\":\"\",\"divider_align_fallback\":\"\"}}]}]},{\"name\":\"\",\"type\":\"row\",\"props\":{\"layout\":\"2-3,1-3\",\"column_gap\":\"small\",\"row_gap\":\"small\"},\"children\":[{\"name\":\"\",\"type\":\"column\",\"props\":{\"image_position\":\"center-center\",\"vertical_align\":\"middle\",\"width_small\":\"2-3\",\"media_overlay_gradient\":\"\"},\"children\":[{\"name\":\"\",\"type\":\"panel\",\"props\":{\"link_text\":\"Read more\",\"title_element\":\"div\",\"meta_style\":\"h5\",\"meta_align\":\"above-title\",\"image_align\":\"left\",\"image_grid_width\":\"auto\",\"link_style\":\"default\",\"margin\":\"default\",\"title_style\":\"h3\",\"meta_color\":\"primary\",\"image_border\":\"circle\",\"text_align\":\"left\",\"text_align_breakpoint\":\"s\",\"text_align_fallback\":\"center\",\"title\":\"Andrea K\\u00f6vesd\",\"meta\":\"TREBAG - Ma\\u010farsko\",\"image\":\"wp-content\\\/uploads\\\/2021\\\/07\\\/TREBAG_logo.png\",\"image_width\":\"70\",\"title_margin\":\"remove\",\"image_grid_column_gap\":\"medium\",\"image_grid_row_gap\":\"medium\",\"image_grid_breakpoint\":\"s\",\"icon_width\":80,\"title_hover_style\":\"reset\",\"title_align\":\"top\",\"title_grid_width\":\"1-2\",\"title_grid_breakpoint\":\"m\",\"meta_element\":\"h3\",\"content_column_breakpoint\":\"m\",\"image_svg_color\":\"emphasis\",\"image_alt\":\"TREBAG logo\"}}]},{\"name\":\"\",\"type\":\"column\",\"props\":{\"image_position\":\"center-center\",\"vertical_align\":\"middle\",\"width_small\":\"1-3\",\"media_overlay_gradient\":\"\"},\"children\":[{\"name\":\"\",\"type\":\"button\",\"props\":{\"margin\":\"default\",\"text_align\":\"right\",\"text_align_breakpoint\":\"s\",\"text_align_fallback\":\"center\",\"grid_column_gap\":\"small\",\"grid_row_gap\":\"small\"},\"children\":[{\"name\":\"\",\"type\":\"button_item\",\"props\":{\"button_style\":\"text\",\"icon_align\":\"left\",\"content\":\"email\",\"link\":\"mailto:andrea.kovesd@trebag.hu\"}}]}]}]},{\"name\":\"\",\"type\":\"row\",\"props\":{\"margin\":\"medium\"},\"children\":[{\"name\":\"\",\"type\":\"column\",\"props\":{\"image_position\":\"center-center\",\"width_medium\":\"1-1\",\"media_overlay_gradient\":\"\"},\"children\":[{\"name\":\"\",\"type\":\"divider\",\"props\":{\"divider_element\":\"hr\",\"divider_style\":\"\",\"divider_align\":\"\",\"divider_align_breakpoint\":\"\",\"divider_align_fallback\":\"\"}}]}]},{\"name\":\"\",\"type\":\"row\",\"props\":{\"layout\":\"2-3,1-3\",\"column_gap\":\"small\",\"row_gap\":\"small\"},\"children\":[{\"name\":\"\",\"type\":\"column\",\"props\":{\"image_position\":\"center-center\",\"vertical_align\":\"middle\",\"width_small\":\"2-3\",\"media_overlay_gradient\":\"\"},\"children\":[{\"name\":\"\",\"type\":\"panel\",\"props\":{\"link_text\":\"Read more\",\"title_element\":\"div\",\"meta_style\":\"h5\",\"meta_align\":\"above-title\",\"image_align\":\"left\",\"image_grid_width\":\"auto\",\"link_style\":\"default\",\"margin\":\"default\",\"title_style\":\"h3\",\"meta_color\":\"primary\",\"image_border\":\"circle\",\"text_align\":\"left\",\"text_align_breakpoint\":\"s\",\"text_align_fallback\":\"center\",\"title\":\"Martina Bachmeier\",\"meta\":\"VHS Cham - Nemecko\",\"image\":\"wp-content\\\/uploads\\\/2021\\\/07\\\/vhs_logo.png\",\"image_width\":\"70\",\"title_margin\":\"remove\",\"image_grid_column_gap\":\"medium\",\"image_grid_row_gap\":\"medium\",\"image_grid_breakpoint\":\"s\",\"icon_width\":80,\"title_hover_style\":\"reset\",\"title_align\":\"top\",\"title_grid_width\":\"1-2\",\"title_grid_breakpoint\":\"m\",\"meta_element\":\"h3\",\"content_column_breakpoint\":\"m\",\"image_svg_color\":\"emphasis\",\"image_alt\":\"VHS Cham logo\"}}]},{\"name\":\"\",\"type\":\"column\",\"props\":{\"image_position\":\"center-center\",\"vertical_align\":\"middle\",\"width_small\":\"1-3\",\"media_overlay_gradient\":\"\"},\"children\":[{\"name\":\"\",\"type\":\"button\",\"props\":{\"margin\":\"default\",\"text_align\":\"right\",\"text_align_breakpoint\":\"s\",\"text_align_fallback\":\"center\",\"grid_column_gap\":\"small\",\"grid_row_gap\":\"small\"},\"children\":[{\"name\":\"\",\"type\":\"button_item\",\"props\":{\"button_style\":\"text\",\"icon_align\":\"left\",\"content\":\"email\",\"link\":\"mailto:projects@vhs-cham.de\"}}]}]}]},{\"name\":\"\",\"type\":\"row\",\"props\":{\"margin\":\"medium\"},\"children\":[{\"name\":\"\",\"type\":\"column\",\"props\":{\"image_position\":\"center-center\",\"width_medium\":\"1-1\",\"media_overlay_gradient\":\"\"},\"children\":[{\"name\":\"\",\"type\":\"divider\",\"props\":{\"divider_element\":\"hr\",\"divider_style\":\"\",\"divider_align\":\"\",\"divider_align_breakpoint\":\"\",\"divider_align_fallback\":\"\"}}]}]},{\"name\":\"\",\"type\":\"row\",\"props\":{\"layout\":\"2-3,1-3\",\"column_gap\":\"small\",\"row_gap\":\"small\"},\"children\":[{\"name\":\"\",\"type\":\"column\",\"props\":{\"image_position\":\"center-center\",\"vertical_align\":\"middle\",\"width_small\":\"2-3\",\"media_overlay_gradient\":\"\"},\"children\":[{\"name\":\"\",\"type\":\"panel\",\"props\":{\"link_text\":\"Read more\",\"title_element\":\"div\",\"meta_style\":\"h5\",\"meta_align\":\"above-title\",\"image_align\":\"left\",\"image_grid_width\":\"auto\",\"link_style\":\"default\",\"margin\":\"default\",\"title_style\":\"h3\",\"meta_color\":\"primary\",\"image_border\":\"circle\",\"text_align\":\"left\",\"text_align_breakpoint\":\"s\",\"text_align_fallback\":\"center\",\"title\":\"Konstantinos Margaritis\",\"meta\":\"OBES - Gr\\u00e9cko\",\"image\":\"wp-content\\\/uploads\\\/2021\\\/07\\\/OBES_logo.jpg\",\"image_width\":\"70\",\"title_margin\":\"remove\",\"image_grid_column_gap\":\"medium\",\"image_grid_row_gap\":\"medium\",\"image_grid_breakpoint\":\"s\",\"icon_width\":80,\"title_hover_style\":\"reset\",\"title_align\":\"top\",\"title_grid_width\":\"1-2\",\"title_grid_breakpoint\":\"m\",\"meta_element\":\"h3\",\"content_column_breakpoint\":\"m\",\"image_svg_color\":\"emphasis\",\"image_alt\":\"OBES logo\"}}]},{\"name\":\"\",\"type\":\"column\",\"props\":{\"image_position\":\"center-center\",\"vertical_align\":\"middle\",\"width_small\":\"1-3\",\"media_overlay_gradient\":\"\"},\"children\":[{\"name\":\"\",\"type\":\"button\",\"props\":{\"margin\":\"default\",\"text_align\":\"right\",\"text_align_breakpoint\":\"s\",\"text_align_fallback\":\"center\",\"grid_column_gap\":\"small\",\"grid_row_gap\":\"small\"},\"children\":[{\"name\":\"\",\"type\":\"button_item\",\"props\":{\"button_style\":\"text\",\"icon_align\":\"left\",\"content\":\"email\",\"link\":\"mailto:info@obes.gr\"}}]}]}]},{\"type\":\"row\",\"props\":{\"margin\":\"medium\"},\"children\":[{\"type\":\"column\",\"props\":{\"image_position\":\"center-center\",\"media_overlay_gradient\":\"\"},\"children\":[{\"name\":\"\",\"type\":\"divider\",\"props\":{\"divider_element\":\"hr\",\"divider_style\":\"\",\"divider_align\":\"\",\"divider_align_breakpoint\":\"\",\"divider_align_fallback\":\"\"}}]}]},{\"name\":\"\",\"type\":\"row\",\"props\":{\"layout\":\"2-3,1-3\",\"column_gap\":\"small\",\"row_gap\":\"small\"},\"children\":[{\"name\":\"\",\"type\":\"column\",\"props\":{\"image_position\":\"center-center\",\"vertical_align\":\"middle\",\"width_small\":\"2-3\",\"media_overlay_gradient\":\"\"},\"children\":[{\"name\":\"\",\"type\":\"panel\",\"props\":{\"link_text\":\"Read more\",\"title_element\":\"div\",\"meta_style\":\"h5\",\"meta_align\":\"above-title\",\"image_align\":\"left\",\"image_grid_width\":\"auto\",\"link_style\":\"default\",\"margin\":\"default\",\"title_style\":\"h3\",\"meta_color\":\"primary\",\"image_border\":\"circle\",\"text_align\":\"left\",\"text_align_breakpoint\":\"s\",\"text_align_fallback\":\"center\",\"title\":\"Ilaria Rizzato\",\"meta\":\"Camera di Commercio Italo-Lussemburghese \\u2013 Luxembursko\",\"image\":\"wp-content\\\/uploads\\\/2021\\\/07\\\/CCIL_logo.png\",\"image_width\":\"70\",\"title_margin\":\"remove\",\"image_grid_column_gap\":\"medium\",\"image_grid_row_gap\":\"medium\",\"image_grid_breakpoint\":\"s\",\"icon_width\":80,\"title_hover_style\":\"reset\",\"title_align\":\"top\",\"title_grid_width\":\"1-2\",\"title_grid_breakpoint\":\"m\",\"meta_element\":\"h3\",\"content_column_breakpoint\":\"m\",\"image_svg_color\":\"emphasis\",\"image_alt\":\"CCIL logo\"}}]},{\"name\":\"\",\"type\":\"column\",\"props\":{\"image_position\":\"center-center\",\"vertical_align\":\"middle\",\"width_small\":\"1-3\",\"media_overlay_gradient\":\"\"},\"children\":[{\"name\":\"\",\"type\":\"button\",\"props\":{\"margin\":\"default\",\"text_align\":\"right\",\"text_align_breakpoint\":\"s\",\"text_align_fallback\":\"center\",\"grid_column_gap\":\"small\",\"grid_row_gap\":\"small\"},\"children\":[{\"name\":\"\",\"type\":\"button_item\",\"props\":{\"button_style\":\"text\",\"icon_align\":\"left\",\"content\":\"email\",\"link\":\"mailto:info@ccil.lu\"}}]}]}]}]},{\"type\":\"section\",\"props\":{\"style\":\"default\",\"width\":\"default\",\"vertical_align\":\"middle\",\"title_position\":\"top-left\",\"title_rotation\":\"left\",\"title_breakpoint\":\"xl\",\"image_position\":\"center-center\"},\"children\":[{\"type\":\"row\",\"props\":{\"layout\":\"1-2,1-2\"},\"children\":[{\"type\":\"column\",\"props\":{\"image_position\":\"center-center\",\"media_overlay_gradient\":\"\",\"width_medium\":\"1-2\"},\"children\":[{\"type\":\"text\",\"props\":{\"margin\":\"default\",\"column_breakpoint\":\"m\",\"content\":\"\n\n<p>Projekt INSPIRER - Inkluz\\u00edvne pracovisk\\u00e1 pre seniorov [2020-1-SK01-KA204-078253]<\\\/p>\",\"text_style\":\"meta\",\"text_color\":\"emphasis\"},\"modified\":\"2021-08-03T10:16:43.685Z\",\"name\":\"footer 1 sk\"},{\"type\":\"text\",\"props\":{\"margin\":\"default\",\"column_breakpoint\":\"m\",\"content\":\"\n\n<p>Podpora Eur\\u00f3pskej komisie pri pr\\u00edprave tejto publik\\u00e1cie nepredstavuje schv\\u00e1lenie jej obsahu, ktor\\u00fd odr\\u00e1\\u017ea iba n\\u00e1zory autorov a Komisia nezodpoved\\u00e1 za ak\\u00e9ko\\u013evek pou\\u017eitie inform\\u00e1ci\\u00ed v nej obsiahnut\\u00fdch.<\\\/p>\",\"text_style\":\"meta\",\"text_color\":\"emphasis\"},\"modified\":\"2021-08-03T10:16:49.410Z\",\"name\":\"footer 2 sk\"}]},{\"type\":\"column\",\"props\":{\"image_position\":\"center-center\",\"media_overlay_gradient\":\"\",\"width_medium\":\"1-2\"},\"children\":[{\"type\":\"image\",\"props\":{\"margin\":\"default\",\"image_svg_color\":\"emphasis\",\"image\":\"wp-content\\\/uploads\\\/2021\\\/07\\\/logosbeneficaireserasmusright_sk_0.jpg\",\"image_width\":\"400\",\"text_align\":\"center\"},\"modified\":\"2021-08-03T10:16:54.086Z\",\"name\":\"footer 3 sk\"}]}]}]}],\"version\":\"2.5.8\"} --><\/p>\n","protected":false},"excerpt":{"rendered":"<p>Kontaktujte n\u00e1s Natasa Urbancikova TUKE &#8211; Slovensko email Iveta Orbanova ASTRA &#8211; Slovensko email Koralia Tsagkaratou IDEC &#8211; Gr\u00e9cko email Andrea K\u00f6vesd TREBAG &#8211; Ma\u010farsko email Martina Bachmeier VHS Cham &#8211; Nemecko email Konstantinos Margaritis OBES &#8211; Gr\u00e9cko email Ilaria Rizzato Camera di Commercio Italo-Lussemburghese \u2013 Luxembursko email Projekt INSPIRER &#8211; Inkluz\u00edvne pracovisk\u00e1 pre seniorov [&hellip;]<\/p>\n","protected":false},"author":1,"featured_media":0,"parent":0,"menu_order":0,"comment_status":"closed","ping_status":"closed","template":"","meta":[],"_links":{"self":[{"href":"https:\/\/inclusiveworkplace.eu\/sk\/wp-json\/wp\/v2\/pages\/450"}],"collection":[{"href":"https:\/\/inclusiveworkplace.eu\/sk\/wp-json\/wp\/v2\/pages"}],"about":[{"href":"https:\/\/inclusiveworkplace.eu\/sk\/wp-json\/wp\/v2\/types\/page"}],"author":[{"embeddable":true,"href":"https:\/\/inclusiveworkplace.eu\/sk\/wp-json\/wp\/v2\/users\/1"}],"replies":[{"embeddable":true,"href":"https:\/\/inclusiveworkplace.eu\/sk\/wp-json\/wp\/v2\/comments?post=450"}],"version-history":[{"count":5,"href":"https:\/\/inclusiveworkplace.eu\/sk\/wp-json\/wp\/v2\/pages\/450\/revisions"}],"predecessor-version":[{"id":898,"href":"https:\/\/inclusiveworkplace.eu\/sk\/wp-json\/wp\/v2\/pages\/450\/revisions\/898"}],"wp:attachment":[{"href":"https:\/\/inclusiveworkplace.eu\/sk\/wp-json\/wp\/v2\/media?parent=450"}],"curies":[{"name":"wp","href":"https:\/\/api.w.org\/{rel}","templated":true}]}}