{"id":447,"date":"2021-03-18T14:05:15","date_gmt":"2021-03-18T14:05:15","guid":{"rendered":"https:\/\/inclusiveworkplace.eu\/blog\/"},"modified":"2022-12-13T17:13:53","modified_gmt":"2022-12-13T17:13:53","slug":"blog","status":"publish","type":"page","link":"https:\/\/inclusiveworkplace.eu\/sk\/blog\/","title":{"rendered":"Blog"},"content":{"rendered":"<h1>Blog INSPIRER<\/h1>\n<h1>Poh\u013ead na multigenera\u010dn\u00fa kult\u00faru v podnikoch<\/h1>\n<div>\n<\/div>\n<div>\n<p>Projekt INSPIRER &#8211; Inkluz\u00edvne pracovisk\u00e1 pre seniorov [2020-1-SK01-KA204-078253]<\/p>\n<\/div>\n<div>\n<p>Podpora Eur\u00f3pskej komisie pri pr\u00edprave tejto publik\u00e1cie nepredstavuje schv\u00e1lenie jej obsahu, ktor\u00fd odr\u00e1\u017ea iba n\u00e1zory autorov a Komisia nezodpoved\u00e1 za ak\u00e9ko\u013evek pou\u017eitie inform\u00e1ci\u00ed v nej obsiahnut\u00fdch.<\/p>\n<\/div>\n<p><img decoding=\"async\" src=\"\/wp-content\/uploads\/2021\/07\/logosbeneficaireserasmusright_sk_0.jpg\" alt=\"\"><\/p>\n<p><!--more--><br \/>\n<!-- {\"name\":\"Post Index\",\"type\":\"layout\",\"children\":[{\"name\":\"Posts\",\"type\":\"section\",\"props\":{\"style\":\"default\",\"width\":\"default\",\"vertical_align\":\"middle\",\"title_position\":\"top-left\",\"title_rotation\":\"left\",\"title_breakpoint\":\"xl\",\"image_position\":\"top-right\",\"padding_remove_bottom\":true,\"image_effect\":\"parallax\",\"image\":\"wp-content\\\/uploads\\\/blog-bg.svg\",\"image_parallax_bgy_start\":\"80\",\"image_parallax_bgy_end\":\"290\"},\"children\":[{\"name\":\"\",\"type\":\"row\",\"props\":{\"column_gap\":\"large\",\"row_gap\":\"large\"},\"children\":[{\"name\":\"\",\"type\":\"column\",\"props\":{\"image_position\":\"center-center\",\"width_medium\":\"1-1\",\"media_overlay_gradient\":\"\",\"position_sticky_breakpoint\":\"m\"},\"children\":[{\"name\":\"\",\"type\":\"headline\",\"props\":{\"title_element\":\"h1\",\"content\":\"Blog INSPIRER\",\"text_align\":\"center\",\"title_style\":\"heading-medium\"}},{\"type\":\"headline\",\"props\":{\"title_element\":\"h1\",\"content\":\"Poh\\u013ead na multigenera\\u010dn\\u00fa kult\\u00faru v podnikoch\",\"text_align\":\"center\"}},{\"type\":\"grid\",\"props\":{\"show_title\":true,\"show_meta\":true,\"show_content\":true,\"show_image\":true,\"show_link\":true,\"grid_default\":\"1\",\"grid_medium\":\"2\",\"filter_style\":\"tab\",\"filter_all\":true,\"filter_position\":\"top\",\"filter_align\":\"left\",\"filter_grid_width\":\"auto\",\"filter_grid_breakpoint\":\"m\",\"title_hover_style\":\"reset\",\"title_element\":\"h2\",\"title_align\":\"top\",\"title_grid_width\":\"1-2\",\"title_grid_breakpoint\":\"m\",\"meta_style\":\"meta\",\"meta_align\":\"above-title\",\"meta_element\":\"div\",\"content_column_breakpoint\":\"m\",\"icon_width\":80,\"image_align\":\"top\",\"image_grid_width\":\"1-2\",\"image_grid_breakpoint\":\"m\",\"image_svg_color\":\"emphasis\",\"link_text\":\"\",\"link_style\":\"default\",\"margin\":\"xlarge\",\"item_animation\":true,\"panel_style\":\"card-default\",\"image_link\":false,\"title_link\":false,\"title_margin\":\"small\",\"panel_link\":true,\"margin_remove_bottom\":true,\"image_width\":\"910\",\"title_style\":\"h3\",\"panel_image_no_padding\":true,\"panel_padding\":\"default\"},\"children\":[{\"type\":\"grid_item\",\"source\":{\"query\":{\"name\":\"posts.customPosts\",\"arguments\":{\"terms\":[1],\"offset\":0,\"limit\":30,\"order\":\"date\",\"order_direction\":\"DESC\",\"category_operator\":\"IN\",\"post_tag_operator\":\"IN\",\"users\":[],\"users_operator\":\"IN\"}},\"props\":{\"title\":{\"filters\":{\"search\":\"\"},\"name\":\"title\"},\"meta\":{\"filters\":{\"search\":\"\"},\"arguments\":{\"format\":\"list\",\"separator\":\"|\",\"link_style\":\"\",\"show_publish_date\":true,\"show_author\":true,\"show_comments\":true,\"show_taxonomy\":\"category\",\"date_format\":\"\"},\"name\":\"metaString\"},\"image\":{\"filters\":{\"search\":\"\"},\"name\":\"featuredImage.url\"},\"image_alt\":{\"filters\":{\"search\":\"\"},\"name\":\"featuredImage.alt\"},\"link\":{\"filters\":{\"search\":\"\"},\"name\":\"link\"},\"tags\":{\"filters\":{\"search\":\"\"},\"arguments\":{\"separator\":\", \",\"show_link\":true,\"link_style\":\"\"},\"name\":\"post_tagString\"},\"content\":{\"filters\":{\"search\":\"\"},\"name\":\"excerpt\"}}}}]},{\"type\":\"pagination\",\"props\":{\"pagination_type\":\"numeric\",\"text_align\":\"center\",\"pagination_space_between\":false,\"margin\":\"large\"}}]}]}],\"source\":{\"query\":{\"name\":\"categories.customCategory\",\"arguments\":{\"id\":1},\"field\":{\"name\":\"children\",\"arguments\":{\"order\":\"term_order\",\"order_direction\":\"ASC\"},\"directives\":[{\"name\":\"slice\",\"arguments\":{\"offset\":0,\"limit\":1}}]}}}},{\"type\":\"section\",\"props\":{\"style\":\"default\",\"width\":\"default\",\"vertical_align\":\"middle\",\"title_position\":\"top-left\",\"title_rotation\":\"left\",\"title_breakpoint\":\"xl\",\"image_position\":\"center-center\"},\"children\":[{\"type\":\"row\",\"props\":{\"layout\":\"1-2,1-2\"},\"children\":[{\"type\":\"column\",\"props\":{\"image_position\":\"center-center\",\"media_overlay_gradient\":\"\",\"width_medium\":\"1-2\",\"position_sticky_breakpoint\":\"m\"},\"children\":[{\"type\":\"text\",\"props\":{\"margin\":\"default\",\"column_breakpoint\":\"m\",\"content\":\"\n\n<p>Projekt INSPIRER - Inkluz\\u00edvne pracovisk\\u00e1 pre seniorov [2020-1-SK01-KA204-078253]<\\\/p>\",\"text_style\":\"meta\",\"text_color\":\"emphasis\"},\"modified\":\"2021-08-03T10:16:43.685Z\",\"name\":\"footer 1 sk\"},{\"type\":\"text\",\"props\":{\"margin\":\"default\",\"column_breakpoint\":\"m\",\"content\":\"\n\n<p>Podpora Eur\\u00f3pskej komisie pri pr\\u00edprave tejto publik\\u00e1cie nepredstavuje schv\\u00e1lenie jej obsahu, ktor\\u00fd odr\\u00e1\\u017ea iba n\\u00e1zory autorov a Komisia nezodpoved\\u00e1 za ak\\u00e9ko\\u013evek pou\\u017eitie inform\\u00e1ci\\u00ed v nej obsiahnut\\u00fdch.<\\\/p>\",\"text_style\":\"meta\",\"text_color\":\"emphasis\"},\"modified\":\"2021-08-03T10:16:49.410Z\",\"name\":\"footer 2 sk\"}]},{\"type\":\"column\",\"props\":{\"image_position\":\"center-center\",\"media_overlay_gradient\":\"\",\"width_medium\":\"1-2\",\"position_sticky_breakpoint\":\"m\"},\"children\":[{\"type\":\"image\",\"props\":{\"margin\":\"default\",\"image_svg_color\":\"emphasis\",\"image\":\"wp-content\\\/uploads\\\/2021\\\/07\\\/logosbeneficaireserasmusright_sk_0.jpg\",\"image_width\":\"400\",\"text_align\":\"center\"},\"modified\":\"2021-08-03T10:16:54.086Z\",\"name\":\"footer 3 sk\"}]}]}]}],\"version\":\"2.7.22\"} --><\/p>\n","protected":false},"excerpt":{"rendered":"<p>Blog INSPIRER Poh\u013ead na multigenera\u010dn\u00fa kult\u00faru v podnikoch Projekt INSPIRER &#8211; Inkluz\u00edvne pracovisk\u00e1 pre seniorov [2020-1-SK01-KA204-078253] Podpora Eur\u00f3pskej komisie pri pr\u00edprave tejto publik\u00e1cie nepredstavuje schv\u00e1lenie jej obsahu, ktor\u00fd odr\u00e1\u017ea iba n\u00e1zory autorov a Komisia nezodpoved\u00e1 za ak\u00e9ko\u013evek pou\u017eitie inform\u00e1ci\u00ed v nej obsiahnut\u00fdch.<\/p>\n","protected":false},"author":1,"featured_media":0,"parent":0,"menu_order":0,"comment_status":"closed","ping_status":"closed","template":"","meta":[],"_links":{"self":[{"href":"https:\/\/inclusiveworkplace.eu\/sk\/wp-json\/wp\/v2\/pages\/447"}],"collection":[{"href":"https:\/\/inclusiveworkplace.eu\/sk\/wp-json\/wp\/v2\/pages"}],"about":[{"href":"https:\/\/inclusiveworkplace.eu\/sk\/wp-json\/wp\/v2\/types\/page"}],"author":[{"embeddable":true,"href":"https:\/\/inclusiveworkplace.eu\/sk\/wp-json\/wp\/v2\/users\/1"}],"replies":[{"embeddable":true,"href":"https:\/\/inclusiveworkplace.eu\/sk\/wp-json\/wp\/v2\/comments?post=447"}],"version-history":[{"count":7,"href":"https:\/\/inclusiveworkplace.eu\/sk\/wp-json\/wp\/v2\/pages\/447\/revisions"}],"predecessor-version":[{"id":1811,"href":"https:\/\/inclusiveworkplace.eu\/sk\/wp-json\/wp\/v2\/pages\/447\/revisions\/1811"}],"wp:attachment":[{"href":"https:\/\/inclusiveworkplace.eu\/sk\/wp-json\/wp\/v2\/media?parent=447"}],"curies":[{"name":"wp","href":"https:\/\/api.w.org\/{rel}","templated":true}]}}