{"id":444,"date":"2021-03-18T14:04:12","date_gmt":"2021-03-18T14:04:12","guid":{"rendered":"https:\/\/inclusiveworkplace.eu\/services\/"},"modified":"2023-01-02T07:44:40","modified_gmt":"2023-01-02T07:44:40","slug":"services","status":"publish","type":"page","link":"https:\/\/inclusiveworkplace.eu\/sk\/services\/","title":{"rendered":"Slu\u017eby"},"content":{"rendered":"<h1>V\u00fdstupy, ktor\u00e9 prin\u00e1\u0161a projekt INSPIRER<\/h1>\n<div>\n<p>Online kurz o multigenera\u010dnej kult\u00fare na pracovisku<\/p>\n<div>\n<p>Tento jedine\u010dn\u00fd online kurz je ur\u010den\u00fd mana\u017e\u00e9rom a mana\u017e\u00e9rom \u013eudsk\u00fdch zdrojov, ktor\u00ed pracuj\u00fa s multigenera\u010dn\u00fdmi t\u00edmami.<\/p>\n<p>Nau\u010dte sa, ako:<\/p>\n<ul class=\"uk-list\">\n<li><img decoding=\"async\" class=\"uk-margin-small-right uk-text-primary\" src=\"\/wp-content\/uploads\/pricing-check.svg\" uk-svg=\"\" \/>zdokonali\u0165 a podpori\u0165 schopnosti svojich zamestnancov bez oh\u013eadu na ich vek<\/li>\n<li><img decoding=\"async\" class=\"uk-margin-small-right uk-text-primary\" src=\"\/wp-content\/uploads\/pricing-check.svg\" uk-svg=\"\" \/>\u00faspe\u0161ne riadi\u0165  multigenera\u010dn\u00e9 pracovn\u00e9 t\u00edmy<\/li>\n<\/ul>\n<\/div>\n<p><a href=\"https:\/\/e-trainingcentre.gr\/course\/view.php?id=133\">ZA\u010cA\u0164<\/a><\/p>\n<\/div>\n<div>\n<div>\n<p><strong>Zauj\u00edmaj\u00fa v\u00e1s v\u00fdchodisk\u00e1 kurzu?<\/strong><\/p>\n<\/div>\n<p><a href=\"\/wp-content\/uploads\/2021\/10\/Synthesis_Report_INSPIRER_final_with-reviewers.pdf\">S\u00fahrnn\u00e1 spr\u00e1va o potreb\u00e1ch vzdel\u00e1vania v oblasti multigenera\u010dnej  kult\u00fary na pracovisku<\/a><\/p>\n<\/div>\n<div>\n<p>360\u00ba stup\u0148ov\u00e1 sp\u00e4tn\u00e1 v\u00e4zba multigenera\u010dnej kult\u00fary na pracovisku<\/p>\n<div>\n<p>Tento n\u00e1stroj poskytuje holistick\u00fd pr\u00edstup k hodnoteniu kult\u00fary vo va\u0161om podniku.<\/p>\n<p>Podporuje va\u0161ich mana\u017e\u00e9rov a zamestnancov (pod a nad 55 rokov) pri hodnoten\u00ed prvkov, ktor\u00e9 tvoria multigenera\u010dn\u00e9 pracovisko. Z\u00e1rove\u0148 poskytuje n\u00e1vrhy a politiky t\u00fdkaj\u00face sa toho, \u010do by mala ka\u017ed\u00e1 strana aplikova\u0165 pre podporu spolupr\u00e1ce medzi jednotliv\u00fdmi gener\u00e1ciami.<\/p>\n<p>N\u00e1stroj sa m\u00f4\u017ee pou\u017ei\u0165 na hodnotenie vplyvu a v\u00fdsledkov pred a po ka\u017edom tr\u00e9ningu.<\/p>\n<\/div>\n<p><a href=\"https:\/\/inspirerv2.cfserver3.net\/sk\">360\u00b0 sp\u00e4tn\u00e1 v\u00e4zba<\/a><\/p>\n<\/div>\n<div>\n<p>Medzigenera\u010dn\u00fd\/ vz\u00e1jomn\u00fd reverzn\u00fd mentoring v oblasti digit\u00e1lnych technol\u00f3gi\u00ed<\/p>\n<div>\n<p>Funguje ako bezpe\u010dn\u00fd priestor, v ktorom je mo\u017en\u00e9 vytvori\u0165 dvojice mlad\u0161\u00edch a star\u0161\u00edch zamestnancov, aby si navz\u00e1jom poskytovali mentoring v oblasti nov\u00fdch technol\u00f3gi\u00ed a zdie\u013eali poznatky z oblasti svojej expert\u00edzy. Star\u0161\u00ed zamestnanci bud\u00fa ma\u0165 \u00fa\u017eitok z odborn\u00fdch znalost\u00ed mlad\u0161\u00edch zamestnancov v oblasti digit\u00e1lnych zru\u010dnost\u00ed a naopak, mlad\u0161\u00ed zamestnanci z\u00edskaj\u00fa cenn\u00e9 poznatky z oblasti komunik\u00e1cie a interperson\u00e1lnych zru\u010dnost\u00ed.<\/p>\n<\/div>\n<p><a href=\"https:\/\/mentoring.inclusiveworkplace.eu\/sk\/welcome\/\">Mentoringov\u00fd priestor<\/a><\/p>\n<\/div>\n<div>\n<p>Projekt INSPIRER &#8211; Inkluz\u00edvne pracovisk\u00e1 pre seniorov [2020-1-SK01-KA204-078253]<\/p>\n<\/div>\n<div>\n<p>Podpora Eur\u00f3pskej komisie pri pr\u00edprave tejto publik\u00e1cie nepredstavuje schv\u00e1lenie jej obsahu, ktor\u00fd odr\u00e1\u017ea iba n\u00e1zory autorov a Komisia nezodpoved\u00e1 za ak\u00e9ko\u013evek pou\u017eitie inform\u00e1ci\u00ed v nej obsiahnut\u00fdch.<\/p>\n<\/div>\n<p><img decoding=\"async\" src=\"\/wp-content\/uploads\/2021\/07\/logosbeneficaireserasmusright_sk_0.jpg\" alt=\"\"><\/p>\n<p><!--more--><br \/>\n<!-- {\"name\":\"Pricing\",\"type\":\"layout\",\"children\":[{\"name\":\"Hero\",\"type\":\"section\",\"props\":{\"style\":\"default\",\"width\":\"default\",\"vertical_align\":\"middle\",\"title_position\":\"top-left\",\"title_rotation\":\"left\",\"title_breakpoint\":\"xl\",\"image_position\":\"bottom-center\",\"image\":\"wp-content\\\/uploads\\\/pricing-hero-bg.svg\",\"image_size\":\"cover\",\"header_transparent_noplaceholder\":false,\"padding\":\"large\",\"animation\":\"slide-bottom-medium\",\"animation_delay\":\"200\",\"padding_remove_bottom\":false},\"children\":[{\"name\":\"\",\"type\":\"row\",\"children\":[{\"name\":\"\",\"type\":\"column\",\"props\":{\"image_position\":\"center-center\",\"text_color\":\"light\",\"media_overlay_gradient\":\"\",\"width_medium\":\"1-1\",\"position_sticky_breakpoint\":\"m\"},\"children\":[{\"name\":\"\",\"type\":\"headline\",\"props\":{\"title_element\":\"h1\",\"content\":\"V\\u00fdstupy, ktor\\u00e9 prin\\u00e1\\u0161a projekt INSPIRER\",\"text_align\":\"center\",\"title_style\":\"heading-medium\",\"margin\":\"large\",\"margin_remove_bottom\":false}}]}]},{\"name\":\"\",\"type\":\"row\",\"props\":{\"layout\":\"1-3,1-3,1-3\",\"margin\":\"xlarge\"},\"children\":[{\"name\":\"\",\"type\":\"column\",\"props\":{\"image_position\":\"center-center\",\"media_overlay_gradient\":\"\",\"width_medium\":\"1-3\",\"position_sticky_breakpoint\":\"m\"},\"children\":[{\"name\":\"\",\"type\":\"panel\",\"props\":{\"link_text\":\"ZA\\u010cA\\u0164\",\"title_element\":\"div\",\"meta_style\":\"h4\",\"meta_align\":\"above-title\",\"image_align\":\"top\",\"image_grid_width\":\"1-2\",\"link_style\":\"secondary\",\"margin\":\"default\",\"title\":\"\",\"meta\":\"Online kurz o multigenera\\u010dnej kult\\u00fare na pracovisku\",\"content\":\"\n\n<p>Tento jedine\\u010dn\\u00fd online kurz je ur\\u010den\\u00fd mana\\u017e\\u00e9rom a mana\\u017e\\u00e9rom \\u013eudsk\\u00fdch zdrojov, ktor\\u00ed pracuj\\u00fa s multigenera\\u010dn\\u00fdmi t\\u00edmami.<\\\/p>\\n\n\n<p>Nau\\u010dte sa, ako:<\\\/p>\\n\n\n<ul class=\\\"uk-list\\\">\\n\n\n<li><img class=\\\"uk-margin-small-right uk-text-primary\\\" src=\\\"wp-content\\\/uploads\\\/pricing-check.svg\\\" uk-svg=\\\"\\\" \\\/>zdokonali\\u0165 a podpori\\u0165 schopnosti svojich zamestnancov bez oh\\u013eadu na ich vek<\\\/li>\\n\n\n<li><img class=\\\"uk-margin-small-right uk-text-primary\\\" src=\\\"wp-content\\\/uploads\\\/pricing-check.svg\\\" uk-svg=\\\"\\\" \\\/>\\u00faspe\\u0161ne riadi\\u0165  multigenera\\u010dn\\u00e9 pracovn\\u00e9 t\\u00edmy<\\\/li>\\n<\\\/ul>\",\"link\":\"https:\\\/\\\/e-trainingcentre.gr\\\/course\\\/view.php?id=133\",\"panel_style\":\"card-default\",\"title_style\":\"heading-large\",\"image\":\"\",\"link_size\":\"large\",\"text_align\":\"left\",\"text_align_breakpoint\":\"m\",\"text_align_fallback\":\"center\",\"maxwidth\":\"large\",\"image_svg_color\":\"emphasis\",\"block_align\":\"center\",\"title_hover_style\":\"reset\",\"title_align\":\"top\",\"title_grid_width\":\"1-2\",\"title_grid_breakpoint\":\"m\",\"image_grid_breakpoint\":\"m\",\"icon_width\":80,\"meta_element\":\"h2\",\"content_column_breakpoint\":\"m\",\"panel_padding\":\"default\"}},{\"type\":\"panel\",\"props\":{\"link_text\":\"S\\u00fahrnn\\u00e1 spr\\u00e1va o potreb\\u00e1ch vzdel\\u00e1vania v oblasti multigenera\\u010dnej  kult\\u00fary na pracovisku\",\"title_hover_style\":\"reset\",\"title_element\":\"h3\",\"title_align\":\"top\",\"title_grid_width\":\"1-2\",\"title_grid_breakpoint\":\"m\",\"meta_style\":\"meta\",\"meta_align\":\"below-title\",\"meta_element\":\"div\",\"content_column_breakpoint\":\"m\",\"icon_width\":80,\"image_align\":\"top\",\"image_grid_width\":\"1-2\",\"image_grid_breakpoint\":\"m\",\"image_svg_color\":\"emphasis\",\"link_style\":\"text\",\"margin\":\"default\",\"content\":\"\n\n<p><strong>Zauj\\u00edmaj\\u00fa v\\u00e1s v\\u00fdchodisk\\u00e1 kurzu?<\\\/strong><\\\/p>\",\"link\":\"wp-content\\\/uploads\\\/2021\\\/10\\\/Synthesis_Report_INSPIRER_final_with-reviewers.pdf\",\"link_target\":true,\"panel_style\":\"card-primary\",\"content_style\":\"meta\",\"link_size\":\"small\",\"panel_padding\":\"small\"}}]},{\"name\":\"\",\"type\":\"column\",\"props\":{\"image_position\":\"center-center\",\"media_overlay_gradient\":\"\",\"width_medium\":\"1-3\",\"position_sticky_breakpoint\":\"m\"},\"children\":[{\"name\":\"\",\"type\":\"panel\",\"props\":{\"link_text\":\"360\\u00b0 sp\\u00e4tn\\u00e1 v\\u00e4zba\",\"title_element\":\"div\",\"meta_style\":\"h4\",\"meta_align\":\"above-title\",\"image_align\":\"top\",\"image_grid_width\":\"1-2\",\"link_style\":\"primary\",\"margin\":\"default\",\"title\":\"\",\"meta\":\"360\\u00ba stup\\u0148ov\\u00e1 sp\\u00e4tn\\u00e1 v\\u00e4zba multigenera\\u010dnej kult\\u00fary na pracovisku\",\"content\":\"\n\n<p>Tento n\\u00e1stroj poskytuje holistick\\u00fd pr\\u00edstup k hodnoteniu kult\\u00fary vo va\\u0161om podniku.<\\\/p>\\n\n\n<p>Podporuje va\\u0161ich mana\\u017e\\u00e9rov a zamestnancov (pod a nad 55 rokov) pri hodnoten\\u00ed prvkov, ktor\\u00e9 tvoria multigenera\\u010dn\\u00e9 pracovisko. Z\\u00e1rove\\u0148 poskytuje n\\u00e1vrhy a politiky t\\u00fdkaj\\u00face sa toho, \\u010do by mala ka\\u017ed\\u00e1 strana aplikova\\u0165 pre podporu spolupr\\u00e1ce medzi jednotliv\\u00fdmi gener\\u00e1ciami.<\\\/p>\\n\n\n<p>N\\u00e1stroj sa m\\u00f4\\u017ee pou\\u017ei\\u0165 na hodnotenie vplyvu a v\\u00fdsledkov pred a po ka\\u017edom tr\\u00e9ningu.<\\\/p>\",\"link\":\"https:\\\/\\\/inspirerv2.cfserver3.net\\\/sk\",\"panel_style\":\"card-default\",\"title_style\":\"heading-large\",\"image\":\"\",\"link_size\":\"large\",\"text_align\":\"left\",\"text_align_breakpoint\":\"m\",\"text_align_fallback\":\"center\",\"maxwidth\":\"large\",\"image_svg_color\":\"emphasis\",\"block_align\":\"center\",\"title_hover_style\":\"reset\",\"title_align\":\"top\",\"title_grid_width\":\"1-2\",\"title_grid_breakpoint\":\"m\",\"image_grid_breakpoint\":\"m\",\"icon_width\":80,\"meta_element\":\"h2\",\"content_column_breakpoint\":\"m\",\"panel_padding\":\"default\",\"link_target\":true}}]},{\"name\":\"\",\"type\":\"column\",\"props\":{\"image_position\":\"center-center\",\"media_overlay_gradient\":\"\",\"width_medium\":\"1-3\",\"position_sticky_breakpoint\":\"m\"},\"children\":[{\"name\":\"\",\"type\":\"panel\",\"props\":{\"link_text\":\"Mentoringov\\u00fd priestor\",\"title_element\":\"div\",\"meta_style\":\"h4\",\"meta_align\":\"above-title\",\"image_align\":\"top\",\"image_grid_width\":\"1-2\",\"link_style\":\"primary\",\"margin\":\"default\",\"title\":\"\",\"meta\":\"Medzigenera\\u010dn\\u00fd\\\/ vz\\u00e1jomn\\u00fd reverzn\\u00fd mentoring v oblasti digit\\u00e1lnych technol\\u00f3gi\\u00ed\",\"content\":\"\n\n<p>Funguje ako bezpe\\u010dn\\u00fd priestor, v ktorom je mo\\u017en\\u00e9 vytvori\\u0165 dvojice mlad\\u0161\\u00edch a star\\u0161\\u00edch zamestnancov, aby si navz\\u00e1jom poskytovali mentoring v oblasti nov\\u00fdch technol\\u00f3gi\\u00ed a zdie\\u013eali poznatky z oblasti svojej expert\\u00edzy. Star\\u0161\\u00ed zamestnanci bud\\u00fa ma\\u0165 \\u00fa\\u017eitok z odborn\\u00fdch znalost\\u00ed mlad\\u0161\\u00edch zamestnancov v oblasti digit\\u00e1lnych zru\\u010dnost\\u00ed a naopak, mlad\\u0161\\u00ed zamestnanci z\\u00edskaj\\u00fa cenn\\u00e9 poznatky z oblasti komunik\\u00e1cie a interperson\\u00e1lnych zru\\u010dnost\\u00ed.<\\\/p>\",\"link\":\"https:\\\/\\\/mentoring.inclusiveworkplace.eu\\\/sk\\\/welcome\\\/\",\"panel_style\":\"card-default\",\"title_style\":\"heading-large\",\"image\":\"\",\"link_size\":\"large\",\"text_align\":\"left\",\"text_align_breakpoint\":\"m\",\"text_align_fallback\":\"center\",\"maxwidth\":\"large\",\"image_svg_color\":\"emphasis\",\"block_align\":\"center\",\"title_hover_style\":\"reset\",\"title_align\":\"top\",\"title_grid_width\":\"1-2\",\"title_grid_breakpoint\":\"m\",\"image_grid_breakpoint\":\"m\",\"icon_width\":80,\"meta_element\":\"h2\",\"content_column_breakpoint\":\"m\",\"panel_padding\":\"default\",\"link_target\":true}}]}]}]},{\"type\":\"section\",\"props\":{\"style\":\"default\",\"width\":\"default\",\"vertical_align\":\"middle\",\"title_position\":\"top-left\",\"title_rotation\":\"left\",\"title_breakpoint\":\"xl\",\"image_position\":\"center-center\"},\"children\":[{\"type\":\"row\",\"props\":{\"layout\":\"1-2,1-2\"},\"children\":[{\"type\":\"column\",\"props\":{\"image_position\":\"center-center\",\"media_overlay_gradient\":\"\",\"width_medium\":\"1-2\",\"position_sticky_breakpoint\":\"m\"},\"children\":[{\"type\":\"text\",\"props\":{\"margin\":\"default\",\"column_breakpoint\":\"m\",\"content\":\"\n\n<p>Projekt INSPIRER - Inkluz\\u00edvne pracovisk\\u00e1 pre seniorov [2020-1-SK01-KA204-078253]<\\\/p>\",\"text_style\":\"meta\",\"text_color\":\"emphasis\"},\"modified\":\"2021-08-03T10:16:43.685Z\",\"name\":\"footer 1 sk\"},{\"type\":\"text\",\"props\":{\"margin\":\"default\",\"column_breakpoint\":\"m\",\"content\":\"\n\n<p>Podpora Eur\\u00f3pskej komisie pri pr\\u00edprave tejto publik\\u00e1cie nepredstavuje schv\\u00e1lenie jej obsahu, ktor\\u00fd odr\\u00e1\\u017ea iba n\\u00e1zory autorov a Komisia nezodpoved\\u00e1 za ak\\u00e9ko\\u013evek pou\\u017eitie inform\\u00e1ci\\u00ed v nej obsiahnut\\u00fdch.<\\\/p>\",\"text_style\":\"meta\",\"text_color\":\"emphasis\"},\"modified\":\"2021-08-03T10:16:49.410Z\",\"name\":\"footer 2 sk\"}]},{\"type\":\"column\",\"props\":{\"image_position\":\"center-center\",\"media_overlay_gradient\":\"\",\"width_medium\":\"1-2\",\"position_sticky_breakpoint\":\"m\"},\"children\":[{\"type\":\"image\",\"props\":{\"margin\":\"default\",\"image_svg_color\":\"emphasis\",\"image\":\"wp-content\\\/uploads\\\/2021\\\/07\\\/logosbeneficaireserasmusright_sk_0.jpg\",\"image_width\":\"400\",\"text_align\":\"center\"},\"modified\":\"2021-08-03T10:16:54.086Z\",\"name\":\"footer 3 sk\"}]}]}]}],\"version\":\"2.7.22\"} --><\/p>\n","protected":false},"excerpt":{"rendered":"<p>V\u00fdstupy, ktor\u00e9 prin\u00e1\u0161a projekt INSPIRER Online kurz o multigenera\u010dnej kult\u00fare na pracovisku Tento jedine\u010dn\u00fd online kurz je ur\u010den\u00fd mana\u017e\u00e9rom a mana\u017e\u00e9rom \u013eudsk\u00fdch zdrojov, ktor\u00ed pracuj\u00fa s multigenera\u010dn\u00fdmi t\u00edmami. Nau\u010dte sa, ako: zdokonali\u0165 a podpori\u0165 schopnosti svojich zamestnancov bez oh\u013eadu na ich vek \u00faspe\u0161ne riadi\u0165 multigenera\u010dn\u00e9 pracovn\u00e9 t\u00edmy ZA\u010cA\u0164 Zauj\u00edmaj\u00fa v\u00e1s v\u00fdchodisk\u00e1 kurzu? S\u00fahrnn\u00e1 spr\u00e1va o [&hellip;]<\/p>\n","protected":false},"author":1,"featured_media":0,"parent":0,"menu_order":0,"comment_status":"closed","ping_status":"closed","template":"","meta":[],"_links":{"self":[{"href":"https:\/\/inclusiveworkplace.eu\/sk\/wp-json\/wp\/v2\/pages\/444"}],"collection":[{"href":"https:\/\/inclusiveworkplace.eu\/sk\/wp-json\/wp\/v2\/pages"}],"about":[{"href":"https:\/\/inclusiveworkplace.eu\/sk\/wp-json\/wp\/v2\/types\/page"}],"author":[{"embeddable":true,"href":"https:\/\/inclusiveworkplace.eu\/sk\/wp-json\/wp\/v2\/users\/1"}],"replies":[{"embeddable":true,"href":"https:\/\/inclusiveworkplace.eu\/sk\/wp-json\/wp\/v2\/comments?post=444"}],"version-history":[{"count":16,"href":"https:\/\/inclusiveworkplace.eu\/sk\/wp-json\/wp\/v2\/pages\/444\/revisions"}],"predecessor-version":[{"id":2012,"href":"https:\/\/inclusiveworkplace.eu\/sk\/wp-json\/wp\/v2\/pages\/444\/revisions\/2012"}],"wp:attachment":[{"href":"https:\/\/inclusiveworkplace.eu\/sk\/wp-json\/wp\/v2\/media?parent=444"}],"curies":[{"name":"wp","href":"https:\/\/api.w.org\/{rel}","templated":true}]}}