{"id":437,"date":"2021-03-18T13:56:22","date_gmt":"2021-03-18T13:56:22","guid":{"rendered":"https:\/\/inclusiveworkplace.eu\/sample-page\/"},"modified":"2022-12-14T15:01:15","modified_gmt":"2022-12-14T15:01:15","slug":"sample-page","status":"publish","type":"page","link":"https:\/\/inclusiveworkplace.eu\/sk\/","title":{"rendered":"Domov"},"content":{"rendered":"<h1>In\u0161pirujte<\/h1>\n<div>Vybudujte multigenera\u010dn\u00fa kult\u00faru u\u010denia a spolupr\u00e1ce!<\/div>\n<p><a href=\"#office\"><img decoding=\"async\" src=\"\/wp-content\/uploads\/company-image.svg\" alt=\"\"><\/a><\/p>\n<div>Chcete vo svojom podniku alebo organiz\u00e1cii vybudova\u0165 kult\u00faru spolupr\u00e1ce, rozmanitosti a inov\u00e1ci\u00ed?<\/p>\n<p>Existuje mno\u017estvo strat\u00e9gi\u00ed, z ktor\u00fdch si m\u00f4\u017eete vybra\u0165, ale INSPIRER poskytuje aj v\u0161etky potrebn\u00e9 n\u00e1stroje: kurz, 360\u00b0 sp\u00e4tn\u00fa v\u00e4zbu a platformu pre reverzn\u00fd mentoring.<\/p>\n<p>Kontaktujte n\u00e1s alebo nav\u0161t\u00edvte n\u00e1\u0161 blog, aby ste sa dozvedeli viac o tom, ako sa multigenera\u010dn\u00e1 kult\u00fara na pracovisku uplat\u0148uje v skuto\u010dnom \u017eivote.<\/p><\/div>\n<h2>\u010co INSPIRER pon\u00faka:<\/h2>\n<p><img decoding=\"async\" src=\"\/wp-content\/uploads\/2021\/07\/inclusive_workplace_home1_web.jpg\" alt=\"\"><\/p>\n<h3>Online kurz o multigenera\u010dnej kult\u00fare na pracovisku<\/h3>\n<div>\n<p>Tento jedine\u010dn\u00fd online kurz je ur\u010den\u00fd mana\u017e\u00e9rom a mana\u017e\u00e9rom \u013eudsk\u00fdch zdrojov, ktor\u00ed pracuj\u00fa s multigenera\u010dn\u00fdmi t\u00edmami. Kurz je zameran\u00fd na vyu\u017eitie pln\u00e9ho potenci\u00e1lu podpory multigenera\u010dnej kult\u00fary na pracovisku a poskytuje u\u017eito\u010dn\u00e9 inform\u00e1cie.<\/p>\n<p>Nau\u010dte sa, ako zlep\u0161i\u0165 a podpori\u0165 zru\u010dnosti va\u0161ich zamestnancov bez oh\u013eadu na ich vek a ako \u00faspe\u0161ne riadi\u0165 multigenera\u010dn\u00e9 t\u00edmy.<\/p>\n<\/div>\n<p>\n    <a href=\"\/sk\/services\/\">Zisti\u0165 viac<\/a>\n<\/p>\n<h3>360\u00ba stup\u0148ov\u00e1 sp\u00e4tn\u00e1 v\u00e4zba multigenera\u010dnej kult\u00fary na pracovisku<\/h3>\n<div>\n<p>Tento n\u00e1stroj poskytuje holistick\u00fd pr\u00edstup k hodnoteniu kult\u00fary vo va\u0161om podniku. Podporuje va\u0161ich mana\u017e\u00e9rov a zamestnancov (pod a nad 55 rokov) pri hodnoten\u00ed prvkov, ktor\u00e9 tvoria multigenera\u010dn\u00e9 pracovisko.<\/p>\n<p>Z\u00e1rove\u0148 poskytuje n\u00e1vrhy a politiky t\u00fdkaj\u00face sa toho, \u010do by mala ka\u017ed\u00e1 strana aplikova\u0165 pre podporu spolupr\u00e1ce medzi jednotliv\u00fdmi gener\u00e1ciami.<\/p>\n<p>N\u00e1stroj sa m\u00f4\u017ee pou\u017ei\u0165 na hodnotenie vplyvu a v\u00fdsledkov pred a po ka\u017edom tr\u00e9ningu.<\/p>\n<\/div>\n<p>\n    <a href=\"\/sk\/services\/\">Zisti\u0165 viac<\/a>\n<\/p>\n<p><img decoding=\"async\" src=\"\/wp-content\/uploads\/2021\/07\/inclusive_workplace_home2_web.jpg\" alt=\"\"><br \/>\n<img decoding=\"async\" src=\"\/wp-content\/uploads\/2021\/07\/inclusive_workplace_home3_web.jpg\" alt=\"\"><\/p>\n<h3>Medzigenera\u010dn\u00fd\/ vz\u00e1jomn\u00fd reverzn\u00fd mentoring v oblasti digit\u00e1lnych technol\u00f3gi\u00e1ch<\/h3>\n<div>\n<p>T\u00e1to platforma je cenn\u00fdm n\u00e1strojom na uplat\u0148ovanie vz\u00e1jomn\u00e9ho reverzn\u00e9ho mentoringu vo va\u0161om podniku alebo organiz\u00e1cii.<\/p>\n<p>Funguje ako bezpe\u010dn\u00fd priestor, v ktorom je mo\u017en\u00e9 vytvori\u0165 dvojice mlad\u0161\u00edch a star\u0161\u00edch zamestnancov, aby si navz\u00e1jom poskytovali mentoring v oblasti nov\u00fdch technol\u00f3gi\u00ed a zdie\u013eali poznatky z oblasti svojej expert\u00edzy.<\/p>\n<p>Star\u0161\u00ed zamestnanci bud\u00fa ma\u0165 \u00fa\u017eitok z odborn\u00fdch znalost\u00ed mlad\u0161\u00edch zamestnancov v oblasti digit\u00e1lnych zru\u010dnost\u00ed a naopak, mlad\u0161\u00ed zamestnanci z\u00edskaj\u00fa cenn\u00e9 poznatky o komunik\u00e1cii a in\u00fdch ve\u013emi d\u00f4le\u017eit\u00fdch m\u00e4kk\u00fdch zru\u010dnostiach.<\/p>\n<\/div>\n<p>\n    <a href=\"\/sk\/services\/\">Zisti\u0165 viac<\/a>\n<\/p>\n<hr>\n<h1>Z\u00edskajte prezenta\u010dn\u00fd let\u00e1k projektu Inspirer<\/h1>\n<p>\n    <a href=\"\/wp-content\/uploads\/2021\/12\/INSPIRER_brozura-SK.pdf\">Stiahnu\u0165 pdf<\/a>\n<\/p>\n<hr>\n<h1>Prihl\u00e1ste sa na odber n\u00e1\u0161ho bulletinu!<\/h1>\n<div>\n<p>Projekt INSPIRER &#8211; Inkluz\u00edvne pracovisk\u00e1 pre seniorov [2020-1-SK01-KA204-078253]<\/p>\n<\/div>\n<div>\n<p>Podpora Eur\u00f3pskej komisie pri pr\u00edprave tejto publik\u00e1cie nepredstavuje schv\u00e1lenie jej obsahu, ktor\u00fd odr\u00e1\u017ea iba n\u00e1zory autorov a Komisia nezodpoved\u00e1 za ak\u00e9ko\u013evek pou\u017eitie inform\u00e1ci\u00ed v nej obsiahnut\u00fdch.<\/p>\n<\/div>\n<p><img decoding=\"async\" src=\"\/wp-content\/uploads\/2021\/07\/logosbeneficaireserasmusright_sk_0.jpg\" alt=\"\"><\/p>\n<p><!--more--><br \/>\n<!-- {\"name\":\"Company\",\"type\":\"layout\",\"children\":[{\"name\":\"Hero\",\"type\":\"section\",\"props\":{\"style\":\"default\",\"width\":\"default\",\"vertical_align\":\"middle\",\"title_position\":\"top-left\",\"title_rotation\":\"left\",\"title_breakpoint\":\"xl\",\"image_position\":\"top-center\",\"image\":\"wp-content\\\/uploads\\\/2021\\\/03\\\/inspirer_home_2.jpg\",\"height\":\"percent\",\"header_transparent_noplaceholder\":true,\"text_color\":\"light\",\"image_size\":\"cover\",\"overlap\":true,\"image_width\":\"2560\",\"animation\":\"fade\",\"media_overlay\":\"rgba(0, 0, 0, 0.5)\",\"padding_remove_bottom\":false},\"children\":[{\"name\":\"\",\"type\":\"row\",\"children\":[{\"name\":\"\",\"type\":\"column\",\"props\":{\"image_position\":\"center-center\",\"media_overlay_gradient\":\"\",\"width_medium\":\"1-1\",\"position_sticky_breakpoint\":\"m\"},\"children\":[{\"name\":\"\",\"type\":\"headline\",\"props\":{\"title_element\":\"h1\",\"content\":\"In\\u0161pirujte\",\"title_style\":\"heading-medium\",\"text_align\":\"right\",\"margin\":\"small\"}},{\"name\":\"\",\"type\":\"headline\",\"props\":{\"title_element\":\"div\",\"content\":\"Vybudujte multigenera\\u010dn\\u00fa kult\\u00faru u\\u010denia a spolupr\\u00e1ce!\",\"title_style\":\"h3\",\"margin\":\"remove-vertical\",\"text_align\":\"right\"}}]}],\"props\":{\"margin_remove_bottom\":false}}]},{\"name\":\"Image\",\"type\":\"section\",\"props\":{\"style\":\"default\",\"width\":\"default\",\"vertical_align\":\"middle\",\"title_position\":\"top-left\",\"title_rotation\":\"left\",\"title_breakpoint\":\"xl\",\"image_position\":\"center-center\",\"padding\":\"none\",\"id\":\"office\",\"animation\":\"slide-bottom-medium\"},\"children\":[{\"name\":\"\",\"type\":\"row\",\"children\":[{\"name\":\"\",\"type\":\"column\",\"props\":{\"image_position\":\"center-center\",\"media_overlay_gradient\":\"\",\"text_color\":\"light\",\"width_medium\":\"1-1\",\"position_sticky_breakpoint\":\"m\"},\"children\":[{\"name\":\"\",\"type\":\"image\",\"props\":{\"margin\":\"small\",\"image\":\"wp-content\\\/uploads\\\/company-image.svg\",\"text_align\":\"right\",\"animation\":\"parallax\",\"parallax_y_start\":\"-130\",\"parallax_y_end\":\"-200\",\"visibility\":\"m\",\"link\":\"#office\",\"image_svg_color\":\"emphasis\",\"image_svg_inline\":true}}]}],\"props\":{\"margin_remove_bottom\":true}}]},{\"name\":\"Office\",\"type\":\"section\",\"props\":{\"style\":\"default\",\"width\":\"default\",\"vertical_align\":\"middle\",\"title_position\":\"top-left\",\"title_rotation\":\"left\",\"title_breakpoint\":\"xl\",\"image_position\":\"center-center\",\"padding_remove_top\":false,\"image\":\"\",\"image_size\":\"contain\",\"image_effect\":\"parallax\",\"image_parallax_bgy_start\":\"50\",\"image_parallax_bgy_end\":\"-50\",\"padding\":\"xsmall\",\"animation\":\"slide-bottom-medium\",\"animation_delay\":\"200\",\"media_visibility\":\"m\",\"padding_remove_bottom\":false},\"children\":[{\"name\":\"\",\"type\":\"row\",\"children\":[{\"name\":\"\",\"type\":\"column\",\"props\":{\"image_position\":\"center-center\",\"media_overlay_gradient\":\"\",\"width_medium\":\"1-1\",\"position_sticky_breakpoint\":\"m\"},\"children\":[{\"name\":\"\",\"type\":\"headline\",\"props\":{\"title_element\":\"div\",\"content\":\"Chcete vo svojom podniku alebo organiz\\u00e1cii vybudova\\u0165 kult\\u00faru spolupr\\u00e1ce, rozmanitosti a inov\\u00e1ci\\u00ed?<br \\\/><br \\\/>Existuje mno\\u017estvo strat\\u00e9gi\\u00ed, z ktor\\u00fdch si m\\u00f4\\u017eete vybra\\u0165, ale INSPIRER poskytuje aj v\\u0161etky potrebn\\u00e9 n\\u00e1stroje: kurz, 360\\u00b0 sp\\u00e4tn\\u00fa v\\u00e4zbu a platformu pre reverzn\\u00fd mentoring.<br \\\/><br \\\/>Kontaktujte n\\u00e1s alebo nav\\u0161t\\u00edvte n\\u00e1\\u0161 blog, aby ste sa dozvedeli viac o tom, ako sa multigenera\\u010dn\\u00e1 kult\\u00fara na pracovisku uplat\\u0148uje v skuto\\u010dnom \\u017eivote.\",\"text_align\":\"center\",\"title_style\":\"h3\",\"block_align\":\"center\",\"margin_remove_top\":true,\"margin\":\"remove-vertical\"}}]}]},{\"type\":\"row\",\"props\":{\"margin_remove_bottom\":true,\"margin\":\"large\"},\"children\":[{\"type\":\"column\",\"props\":{\"image_position\":\"center-center\",\"media_overlay_gradient\":\"\",\"position_sticky_breakpoint\":\"m\"},\"children\":[{\"type\":\"headline\",\"props\":{\"title_element\":\"h2\",\"content\":\"\\u010co INSPIRER pon\\u00faka:\",\"text_align\":\"center\",\"margin_remove_bottom\":true}}]}]},{\"name\":\"\",\"type\":\"row\",\"props\":{\"layout\":\"1-2,1-2\",\"vertical_align\":true,\"margin\":\"default\",\"column_gap\":\"large\",\"row_gap\":\"large\"},\"children\":[{\"name\":\"\",\"type\":\"column\",\"props\":{\"image_position\":\"center-center\",\"vertical_align\":\"middle\",\"media_overlay_gradient\":\"\",\"width_medium\":\"1-2\",\"position_sticky_breakpoint\":\"m\"},\"children\":[{\"type\":\"image\",\"props\":{\"margin\":\"default\",\"image_svg_color\":\"emphasis\",\"image\":\"wp-content\\\/uploads\\\/2021\\\/07\\\/inclusive_workplace_home1_web.jpg\",\"image_border\":\"pill\",\"image_box_decoration\":\"shadow\"}}]},{\"name\":\"\",\"type\":\"column\",\"props\":{\"image_position\":\"center-center\",\"vertical_align\":\"middle\",\"media_overlay_gradient\":\"\",\"width_medium\":\"1-2\",\"position_sticky_breakpoint\":\"m\"},\"children\":[{\"name\":\"\",\"type\":\"headline\",\"props\":{\"title_element\":\"h3\",\"content\":\"Online kurz o multigenera\\u010dnej kult\\u00fare na pracovisku\",\"margin\":\"medium\",\"margin_remove_top\":true,\"text_align\":\"left\",\"text_align_breakpoint\":\"m\",\"text_align_fallback\":\"center\"}},{\"name\":\"\",\"type\":\"text\",\"props\":{\"margin\":\"default\",\"column_breakpoint\":\"m\",\"content\":\"\n\n<p>Tento jedine\\u010dn\\u00fd online kurz je ur\\u010den\\u00fd mana\\u017e\\u00e9rom a mana\\u017e\\u00e9rom \\u013eudsk\\u00fdch zdrojov, ktor\\u00ed pracuj\\u00fa s multigenera\\u010dn\\u00fdmi t\\u00edmami. Kurz je zameran\\u00fd na vyu\\u017eitie pln\\u00e9ho potenci\\u00e1lu podpory multigenera\\u010dnej kult\\u00fary na pracovisku a poskytuje u\\u017eito\\u010dn\\u00e9 inform\\u00e1cie.<\\\/p>\\n\n\n<p>Nau\\u010dte sa, ako zlep\\u0161i\\u0165 a podpori\\u0165 zru\\u010dnosti va\\u0161ich zamestnancov bez oh\\u013eadu na ich vek a ako \\u00faspe\\u0161ne riadi\\u0165 multigenera\\u010dn\\u00e9 t\\u00edmy.<\\\/p>\",\"text_align\":\"left\",\"text_align_breakpoint\":\"m\",\"text_align_fallback\":\"center\",\"maxwidth_breakpoint\":\"s\",\"block_align\":\"center\"}},{\"type\":\"button\",\"props\":{\"grid_column_gap\":\"small\",\"grid_row_gap\":\"small\",\"margin\":\"default\"},\"children\":[{\"type\":\"button_item\",\"props\":{\"button_style\":\"primary\",\"icon_align\":\"left\",\"content\":\"Zisti\\u0165 viac\",\"link\":\"\\\/sk\\\/services\\\/\"}}]}]}]},{\"name\":\"\",\"type\":\"row\",\"props\":{\"layout\":\"1-2,1-2\",\"vertical_align\":true,\"margin\":\"xlarge\",\"column_gap\":\"large\",\"row_gap\":\"large\"},\"children\":[{\"name\":\"\",\"type\":\"column\",\"props\":{\"image_position\":\"center-center\",\"vertical_align\":\"middle\",\"media_overlay_gradient\":\"\",\"width_medium\":\"1-2\",\"position_sticky_breakpoint\":\"m\"},\"children\":[{\"name\":\"\",\"type\":\"headline\",\"props\":{\"title_element\":\"h3\",\"content\":\"360\\u00ba stup\\u0148ov\\u00e1 sp\\u00e4tn\\u00e1 v\\u00e4zba multigenera\\u010dnej kult\\u00fary na pracovisku\",\"margin\":\"medium\",\"margin_remove_top\":true,\"text_align\":\"left\",\"text_align_breakpoint\":\"m\",\"text_align_fallback\":\"center\"}},{\"name\":\"\",\"type\":\"text\",\"props\":{\"margin\":\"default\",\"column_breakpoint\":\"m\",\"content\":\"\n\n<p>Tento n\\u00e1stroj poskytuje holistick\\u00fd pr\\u00edstup k hodnoteniu kult\\u00fary vo va\\u0161om podniku. Podporuje va\\u0161ich mana\\u017e\\u00e9rov a zamestnancov (pod a nad 55 rokov) pri hodnoten\\u00ed prvkov, ktor\\u00e9 tvoria multigenera\\u010dn\\u00e9 pracovisko.<\\\/p>\\n\n\n<p>Z\\u00e1rove\\u0148 poskytuje n\\u00e1vrhy a politiky t\\u00fdkaj\\u00face sa toho, \\u010do by mala ka\\u017ed\\u00e1 strana aplikova\\u0165 pre podporu spolupr\\u00e1ce medzi jednotliv\\u00fdmi gener\\u00e1ciami.<\\\/p>\\n\n\n<p>N\\u00e1stroj sa m\\u00f4\\u017ee pou\\u017ei\\u0165 na hodnotenie vplyvu a v\\u00fdsledkov pred a po ka\\u017edom tr\\u00e9ningu.<\\\/p>\",\"text_align\":\"left\",\"text_align_breakpoint\":\"m\",\"text_align_fallback\":\"center\",\"maxwidth_breakpoint\":\"s\",\"block_align\":\"center\"}},{\"type\":\"button\",\"props\":{\"grid_column_gap\":\"small\",\"grid_row_gap\":\"small\",\"margin\":\"default\"},\"children\":[{\"type\":\"button_item\",\"props\":{\"button_style\":\"primary\",\"icon_align\":\"left\",\"content\":\"Zisti\\u0165 viac\",\"link\":\"\\\/sk\\\/services\\\/\"}}]}]},{\"name\":\"\",\"type\":\"column\",\"props\":{\"image_position\":\"center-center\",\"vertical_align\":\"middle\",\"media_overlay_gradient\":\"\",\"width_medium\":\"1-2\",\"position_sticky_breakpoint\":\"m\"},\"children\":[{\"type\":\"image\",\"props\":{\"margin\":\"default\",\"image_svg_color\":\"emphasis\",\"image\":\"wp-content\\\/uploads\\\/2021\\\/07\\\/inclusive_workplace_home2_web.jpg\",\"image_border\":\"pill\",\"image_box_decoration\":\"shadow\"}}]}]},{\"name\":\"\",\"type\":\"row\",\"props\":{\"layout\":\"1-2,1-2\",\"vertical_align\":true,\"margin\":\"default\",\"column_gap\":\"large\",\"row_gap\":\"large\"},\"children\":[{\"name\":\"\",\"type\":\"column\",\"props\":{\"image_position\":\"center-center\",\"vertical_align\":\"middle\",\"media_overlay_gradient\":\"\",\"width_medium\":\"1-2\",\"position_sticky_breakpoint\":\"m\"},\"children\":[{\"type\":\"image\",\"props\":{\"margin\":\"default\",\"image_svg_color\":\"emphasis\",\"image\":\"wp-content\\\/uploads\\\/2021\\\/07\\\/inclusive_workplace_home3_web.jpg\",\"image_border\":\"pill\",\"image_box_decoration\":\"shadow\"}}]},{\"name\":\"\",\"type\":\"column\",\"props\":{\"image_position\":\"center-center\",\"vertical_align\":\"middle\",\"media_overlay_gradient\":\"\",\"width_medium\":\"1-2\",\"position_sticky_breakpoint\":\"m\"},\"children\":[{\"name\":\"\",\"type\":\"headline\",\"props\":{\"title_element\":\"h3\",\"content\":\"Medzigenera\\u010dn\\u00fd\\\/ vz\\u00e1jomn\\u00fd reverzn\\u00fd mentoring v oblasti digit\\u00e1lnych technol\\u00f3gi\\u00e1ch\",\"margin\":\"medium\",\"margin_remove_top\":true,\"text_align\":\"left\",\"text_align_breakpoint\":\"m\",\"text_align_fallback\":\"center\"}},{\"name\":\"\",\"type\":\"text\",\"props\":{\"margin\":\"default\",\"column_breakpoint\":\"m\",\"content\":\"\n\n<p>T\\u00e1to platforma je cenn\\u00fdm n\\u00e1strojom na uplat\\u0148ovanie vz\\u00e1jomn\\u00e9ho reverzn\\u00e9ho mentoringu vo va\\u0161om podniku alebo organiz\\u00e1cii.<\\\/p>\\n\n\n<p>Funguje ako bezpe\\u010dn\\u00fd priestor, v ktorom je mo\\u017en\\u00e9 vytvori\\u0165 dvojice mlad\\u0161\\u00edch a star\\u0161\\u00edch zamestnancov, aby si navz\\u00e1jom poskytovali mentoring v oblasti nov\\u00fdch technol\\u00f3gi\\u00ed a zdie\\u013eali poznatky z oblasti svojej expert\\u00edzy.<\\\/p>\\n\n\n<p>Star\\u0161\\u00ed zamestnanci bud\\u00fa ma\\u0165 \\u00fa\\u017eitok z odborn\\u00fdch znalost\\u00ed mlad\\u0161\\u00edch zamestnancov v oblasti digit\\u00e1lnych zru\\u010dnost\\u00ed a naopak, mlad\\u0161\\u00ed zamestnanci z\\u00edskaj\\u00fa cenn\\u00e9 poznatky o komunik\\u00e1cii a in\\u00fdch ve\\u013emi d\\u00f4le\\u017eit\\u00fdch m\\u00e4kk\\u00fdch zru\\u010dnostiach.<\\\/p>\",\"text_align\":\"left\",\"text_align_breakpoint\":\"m\",\"text_align_fallback\":\"center\",\"maxwidth_breakpoint\":\"s\",\"block_align\":\"center\"}},{\"type\":\"button\",\"props\":{\"grid_column_gap\":\"small\",\"grid_row_gap\":\"small\",\"margin\":\"default\"},\"children\":[{\"type\":\"button_item\",\"props\":{\"button_style\":\"primary\",\"icon_align\":\"left\",\"content\":\"Zisti\\u0165 viac\",\"link\":\"\\\/sk\\\/services\\\/\"}}]}]}]},{\"type\":\"row\",\"children\":[{\"type\":\"column\",\"props\":{\"image_position\":\"center-center\",\"media_overlay_gradient\":\"\",\"position_sticky_breakpoint\":\"m\"},\"children\":[{\"type\":\"divider\",\"props\":{\"divider_element\":\"hr\"}},{\"type\":\"headline\",\"props\":{\"title_element\":\"h1\",\"content\":\"Z\\u00edskajte prezenta\\u010dn\\u00fd let\\u00e1k projektu Inspirer\",\"text_align\":\"center\"}},{\"type\":\"button\",\"props\":{\"grid_column_gap\":\"small\",\"grid_row_gap\":\"small\",\"margin\":\"default\",\"text_align\":\"center\"},\"children\":[{\"type\":\"button_item\",\"props\":{\"button_style\":\"primary\",\"icon_align\":\"left\",\"content\":\"Stiahnu\\u0165 pdf\",\"link\":\"wp-content\\\/uploads\\\/2021\\\/12\\\/INSPIRER_brozura-SK.pdf\",\"link_target\":\"blank\"}}]}]}]},{\"type\":\"row\",\"children\":[{\"type\":\"column\",\"props\":{\"image_position\":\"center-center\",\"media_overlay_gradient\":\"\",\"position_sticky_breakpoint\":\"m\"},\"children\":[{\"type\":\"divider\",\"props\":{\"divider_element\":\"hr\"}}]}]},{\"type\":\"row\",\"props\":{\"layout\":\"1-2,1-2\",\"margin\":\"large\"},\"children\":[{\"type\":\"column\",\"props\":{\"image_position\":\"center-center\",\"media_overlay_gradient\":\"\",\"width_medium\":\"1-2\",\"position_sticky_breakpoint\":\"m\"},\"children\":[{\"type\":\"headline\",\"props\":{\"title_element\":\"h1\",\"content\":\"Prihl\\u00e1ste sa na odber n\\u00e1\\u0161ho bulletinu!\"}}]},{\"type\":\"column\",\"props\":{\"image_position\":\"center-center\",\"media_overlay_gradient\":\"\",\"width_medium\":\"1-2\",\"position_sticky_breakpoint\":\"m\"},\"children\":[{\"type\":\"newsletter\",\"props\":{\"layout\":\"grid\",\"show_name\":false,\"label_first_name\":\"First name\",\"label_last_name\":\"Last name\",\"label_email\":\"Emailov\\u00e1 adresa\",\"label_button\":\"Prihl\\u00e1si\\u0165 sa na odber\",\"provider\":{\"name\":\"mailchimp\",\"after_submit\":\"message\",\"message\":\"You've been subscribed successfully.\",\"redirect\":\"\"},\"mailchimp\":{\"client_id\":\"\",\"list_id\":\"621f9adef6\",\"double_optin\":true},\"cmonitor\":{\"client_id\":\"\",\"list_id\":\"\"},\"button_mode\":\"button\",\"button_style\":\"secondary\",\"button_icon\":\"mail\",\"form_size\":\"\"}}]}]}]},{\"type\":\"section\",\"props\":{\"style\":\"default\",\"width\":\"default\",\"vertical_align\":\"middle\",\"title_position\":\"top-left\",\"title_rotation\":\"left\",\"title_breakpoint\":\"xl\",\"image_position\":\"center-center\"},\"children\":[{\"type\":\"row\",\"props\":{\"layout\":\"1-2,1-2\"},\"children\":[{\"type\":\"column\",\"props\":{\"image_position\":\"center-center\",\"media_overlay_gradient\":\"\",\"width_medium\":\"1-2\",\"position_sticky_breakpoint\":\"m\"},\"children\":[{\"type\":\"text\",\"props\":{\"margin\":\"default\",\"column_breakpoint\":\"m\",\"content\":\"\n\n<p>Projekt INSPIRER - Inkluz\\u00edvne pracovisk\\u00e1 pre seniorov [2020-1-SK01-KA204-078253]<\\\/p>\",\"text_style\":\"meta\",\"text_color\":\"emphasis\"},\"modified\":\"2021-08-03T10:16:43.685Z\",\"name\":\"footer 1 sk\"},{\"type\":\"text\",\"props\":{\"margin\":\"default\",\"column_breakpoint\":\"m\",\"content\":\"\n\n<p>Podpora Eur\\u00f3pskej komisie pri pr\\u00edprave tejto publik\\u00e1cie nepredstavuje schv\\u00e1lenie jej obsahu, ktor\\u00fd odr\\u00e1\\u017ea iba n\\u00e1zory autorov a Komisia nezodpoved\\u00e1 za ak\\u00e9ko\\u013evek pou\\u017eitie inform\\u00e1ci\\u00ed v nej obsiahnut\\u00fdch.<\\\/p>\",\"text_style\":\"meta\",\"text_color\":\"emphasis\"},\"modified\":\"2021-08-03T10:16:49.410Z\",\"name\":\"footer 2 sk\"}]},{\"type\":\"column\",\"props\":{\"image_position\":\"center-center\",\"media_overlay_gradient\":\"\",\"width_medium\":\"1-2\",\"position_sticky_breakpoint\":\"m\"},\"children\":[{\"type\":\"image\",\"props\":{\"margin\":\"default\",\"image_svg_color\":\"emphasis\",\"image\":\"wp-content\\\/uploads\\\/2021\\\/07\\\/logosbeneficaireserasmusright_sk_0.jpg\",\"image_width\":\"400\",\"text_align\":\"center\"},\"modified\":\"2021-08-03T10:16:54.086Z\",\"name\":\"footer 3 sk\"}]}]}]}],\"version\":\"2.7.22\"} --><\/p>\n","protected":false},"excerpt":{"rendered":"<p>In\u0161pirujte Vybudujte multigenera\u010dn\u00fa kult\u00faru u\u010denia a spolupr\u00e1ce! Chcete vo svojom podniku alebo organiz\u00e1cii vybudova\u0165 kult\u00faru spolupr\u00e1ce, rozmanitosti a inov\u00e1ci\u00ed? Existuje mno\u017estvo strat\u00e9gi\u00ed, z ktor\u00fdch si m\u00f4\u017eete vybra\u0165, ale INSPIRER poskytuje aj v\u0161etky potrebn\u00e9 n\u00e1stroje: kurz, 360\u00b0 sp\u00e4tn\u00fa v\u00e4zbu a platformu pre reverzn\u00fd mentoring. Kontaktujte n\u00e1s alebo nav\u0161t\u00edvte n\u00e1\u0161 blog, aby ste sa dozvedeli viac o [&hellip;]<\/p>\n","protected":false},"author":1,"featured_media":0,"parent":0,"menu_order":0,"comment_status":"closed","ping_status":"open","template":"","meta":[],"_links":{"self":[{"href":"https:\/\/inclusiveworkplace.eu\/sk\/wp-json\/wp\/v2\/pages\/437"}],"collection":[{"href":"https:\/\/inclusiveworkplace.eu\/sk\/wp-json\/wp\/v2\/pages"}],"about":[{"href":"https:\/\/inclusiveworkplace.eu\/sk\/wp-json\/wp\/v2\/types\/page"}],"author":[{"embeddable":true,"href":"https:\/\/inclusiveworkplace.eu\/sk\/wp-json\/wp\/v2\/users\/1"}],"replies":[{"embeddable":true,"href":"https:\/\/inclusiveworkplace.eu\/sk\/wp-json\/wp\/v2\/comments?post=437"}],"version-history":[{"count":13,"href":"https:\/\/inclusiveworkplace.eu\/sk\/wp-json\/wp\/v2\/pages\/437\/revisions"}],"predecessor-version":[{"id":1946,"href":"https:\/\/inclusiveworkplace.eu\/sk\/wp-json\/wp\/v2\/pages\/437\/revisions\/1946"}],"wp:attachment":[{"href":"https:\/\/inclusiveworkplace.eu\/sk\/wp-json\/wp\/v2\/media?parent=437"}],"curies":[{"name":"wp","href":"https:\/\/api.w.org\/{rel}","templated":true}]}}