{"id":491,"date":"2021-03-18T14:05:15","date_gmt":"2021-03-18T14:05:15","guid":{"rendered":"https:\/\/inclusiveworkplace.eu\/blog\/"},"modified":"2022-12-13T17:11:48","modified_gmt":"2022-12-13T17:11:48","slug":"blog","status":"publish","type":"page","link":"https:\/\/inclusiveworkplace.eu\/hu\/blog\/","title":{"rendered":"Blog"},"content":{"rendered":"<h1>INSPIRER blog<\/h1>\n<h1>Betekint\u00e9s c\u00e9gek multigener\u00e1ci\u00f3s kult\u00far\u00e1j\u00e1ba<\/h1>\n<div>\n<\/div>\n<div>\n<p>INSPIRER projekt &#8211; Befogad\u00f3 munkahelyek id\u0151s\u00f6d\u0151 munkav\u00e1llal\u00f3knak [2020-1-SK01-KA204-078253]<\/p>\n<\/div>\n<div>\n<p>Az Eur\u00f3pai Bizotts\u00e1g t\u00e1mogat\u00e1st ny\u00fajtott ennek a projektnek a k\u00f6lts\u00e9geihez. Ez a kiadv\u00e1ny (weoldal) a szerz\u0151 n\u00e9zeteit t\u00fckr\u00f6zi, \u00e9s az Eur\u00f3pai Bizotts\u00e1g nem tehet\u0151 felel\u0151ss\u00e9 az abban foglaltak b\u00e1rminem\u0171 felhaszn\u00e1l\u00e1s\u00e9rt.<\/p>\n<\/div>\n<p><img decoding=\"async\" src=\"\/wp-content\/uploads\/2021\/08\/logosbeneficaireserasmusright_hu_0.jpg\" alt=\"\"><\/p>\n<p><!--more--><br \/>\n<!-- {\"name\":\"Post Index\",\"type\":\"layout\",\"children\":[{\"name\":\"Posts\",\"type\":\"section\",\"props\":{\"style\":\"default\",\"width\":\"default\",\"vertical_align\":\"middle\",\"title_position\":\"top-left\",\"title_rotation\":\"left\",\"title_breakpoint\":\"xl\",\"image_position\":\"top-right\",\"padding_remove_bottom\":true,\"image_effect\":\"parallax\",\"image\":\"wp-content\\\/uploads\\\/blog-bg.svg\",\"image_parallax_bgy_start\":\"80\",\"image_parallax_bgy_end\":\"290\"},\"children\":[{\"name\":\"\",\"type\":\"row\",\"props\":{\"column_gap\":\"large\",\"row_gap\":\"large\"},\"children\":[{\"name\":\"\",\"type\":\"column\",\"props\":{\"image_position\":\"center-center\",\"width_medium\":\"1-1\",\"media_overlay_gradient\":\"\",\"position_sticky_breakpoint\":\"m\"},\"children\":[{\"name\":\"\",\"type\":\"headline\",\"props\":{\"title_element\":\"h1\",\"content\":\"INSPIRER blog\",\"text_align\":\"center\",\"title_style\":\"heading-medium\"}},{\"type\":\"headline\",\"props\":{\"title_element\":\"h1\",\"content\":\"Betekint\\u00e9s c\\u00e9gek multigener\\u00e1ci\\u00f3s kult\\u00far\\u00e1j\\u00e1ba\",\"text_align\":\"center\"}},{\"type\":\"grid\",\"props\":{\"show_title\":true,\"show_meta\":true,\"show_content\":true,\"show_image\":true,\"show_link\":true,\"grid_default\":\"1\",\"grid_medium\":\"2\",\"filter_style\":\"tab\",\"filter_all\":true,\"filter_position\":\"top\",\"filter_align\":\"left\",\"filter_grid_width\":\"auto\",\"filter_grid_breakpoint\":\"m\",\"title_hover_style\":\"reset\",\"title_element\":\"h2\",\"title_align\":\"top\",\"title_grid_width\":\"1-2\",\"title_grid_breakpoint\":\"m\",\"meta_style\":\"meta\",\"meta_align\":\"above-title\",\"meta_element\":\"div\",\"content_column_breakpoint\":\"m\",\"icon_width\":80,\"image_align\":\"top\",\"image_grid_width\":\"1-2\",\"image_grid_breakpoint\":\"m\",\"image_svg_color\":\"emphasis\",\"link_text\":\"\",\"link_style\":\"default\",\"margin\":\"xlarge\",\"item_animation\":true,\"panel_style\":\"card-default\",\"image_link\":false,\"title_link\":false,\"title_margin\":\"small\",\"panel_link\":true,\"margin_remove_bottom\":true,\"image_width\":\"910\",\"title_style\":\"h3\",\"panel_image_no_padding\":true,\"panel_padding\":\"default\"},\"children\":[{\"type\":\"grid_item\",\"source\":{\"query\":{\"name\":\"posts.customPosts\",\"arguments\":{\"terms\":[1],\"offset\":0,\"limit\":30,\"order\":\"date\",\"order_direction\":\"DESC\",\"category_operator\":\"IN\",\"post_tag_operator\":\"IN\",\"users\":[],\"users_operator\":\"IN\"}},\"props\":{\"title\":{\"filters\":{\"search\":\"\"},\"name\":\"title\"},\"meta\":{\"filters\":{\"search\":\"\"},\"arguments\":{\"format\":\"list\",\"separator\":\"|\",\"link_style\":\"\",\"show_publish_date\":true,\"show_author\":true,\"show_comments\":true,\"show_taxonomy\":\"category\",\"date_format\":\"\"},\"name\":\"metaString\"},\"image\":{\"filters\":{\"search\":\"\"},\"name\":\"featuredImage.url\"},\"image_alt\":{\"filters\":{\"search\":\"\"},\"name\":\"featuredImage.alt\"},\"link\":{\"filters\":{\"search\":\"\"},\"name\":\"link\"},\"tags\":{\"filters\":{\"search\":\"\"},\"arguments\":{\"separator\":\", \",\"show_link\":true,\"link_style\":\"\"},\"name\":\"post_tagString\"},\"content\":{\"filters\":{\"search\":\"\"},\"name\":\"excerpt\"}}}}]},{\"type\":\"pagination\",\"props\":{\"pagination_type\":\"numeric\",\"text_align\":\"center\",\"pagination_space_between\":false,\"margin\":\"large\"}}]}]}],\"source\":{\"query\":{\"name\":\"categories.customCategory\",\"arguments\":{\"id\":1},\"field\":{\"name\":\"children\",\"arguments\":{\"order\":\"term_order\",\"order_direction\":\"ASC\"},\"directives\":[{\"name\":\"slice\",\"arguments\":{\"offset\":0,\"limit\":1}}]}}}},{\"type\":\"section\",\"props\":{\"style\":\"default\",\"width\":\"default\",\"vertical_align\":\"middle\",\"title_position\":\"top-left\",\"title_rotation\":\"left\",\"title_breakpoint\":\"xl\",\"image_position\":\"center-center\"},\"children\":[{\"type\":\"row\",\"props\":{\"layout\":\"1-2,1-2\"},\"children\":[{\"type\":\"column\",\"props\":{\"image_position\":\"center-center\",\"media_overlay_gradient\":\"\",\"width_medium\":\"1-2\",\"position_sticky_breakpoint\":\"m\"},\"children\":[{\"type\":\"text\",\"props\":{\"margin\":\"default\",\"column_breakpoint\":\"m\",\"content\":\"\n\n<p>INSPIRER projekt - Befogad\\u00f3 munkahelyek id\\u0151s\\u00f6d\\u0151 munkav\\u00e1llal\\u00f3knak [2020-1-SK01-KA204-078253]<\\\/p>\",\"text_style\":\"meta\",\"text_color\":\"emphasis\"},\"modified\":\"2021-08-03T10:12:06.747Z\",\"name\":\"footer 1 hu\"},{\"type\":\"text\",\"props\":{\"margin\":\"default\",\"column_breakpoint\":\"m\",\"content\":\"\n\n<p>Az Eur\\u00f3pai Bizotts\\u00e1g t\\u00e1mogat\\u00e1st ny\\u00fajtott ennek a projektnek a k\\u00f6lts\\u00e9geihez. Ez a kiadv\\u00e1ny (weoldal) a szerz\\u0151 n\\u00e9zeteit t\\u00fckr\\u00f6zi, \\u00e9s az Eur\\u00f3pai Bizotts\\u00e1g nem tehet\\u0151 felel\\u0151ss\\u00e9 az abban foglaltak b\\u00e1rminem\\u0171 felhaszn\\u00e1l\\u00e1s\\u00e9rt.<\\\/p>\",\"text_style\":\"meta\",\"text_color\":\"emphasis\"},\"modified\":\"2021-08-03T10:12:24.490Z\",\"name\":\"footer 2 hu\"}]},{\"type\":\"column\",\"props\":{\"image_position\":\"center-center\",\"media_overlay_gradient\":\"\",\"width_medium\":\"1-2\",\"position_sticky_breakpoint\":\"m\"},\"children\":[{\"type\":\"image\",\"props\":{\"margin\":\"default\",\"image_svg_color\":\"emphasis\",\"image\":\"wp-content\\\/uploads\\\/2021\\\/08\\\/logosbeneficaireserasmusright_hu_0.jpg\",\"image_width\":\"400\",\"text_align\":\"center\"},\"modified\":\"2021-08-03T10:12:30.382Z\",\"name\":\"footer 3 hu\"}]}]}]}],\"version\":\"2.7.22\"} --><\/p>\n","protected":false},"excerpt":{"rendered":"<p>INSPIRER blog Betekint\u00e9s c\u00e9gek multigener\u00e1ci\u00f3s kult\u00far\u00e1j\u00e1ba INSPIRER projekt &#8211; Befogad\u00f3 munkahelyek id\u0151s\u00f6d\u0151 munkav\u00e1llal\u00f3knak [2020-1-SK01-KA204-078253] Az Eur\u00f3pai Bizotts\u00e1g t\u00e1mogat\u00e1st ny\u00fajtott ennek a projektnek a k\u00f6lts\u00e9geihez. Ez a kiadv\u00e1ny (weoldal) a szerz\u0151 n\u00e9zeteit t\u00fckr\u00f6zi, \u00e9s az Eur\u00f3pai Bizotts\u00e1g nem tehet\u0151 felel\u0151ss\u00e9 az abban foglaltak b\u00e1rminem\u0171 felhaszn\u00e1l\u00e1s\u00e9rt.<\/p>\n","protected":false},"author":1,"featured_media":0,"parent":0,"menu_order":0,"comment_status":"closed","ping_status":"closed","template":"","meta":[],"_links":{"self":[{"href":"https:\/\/inclusiveworkplace.eu\/hu\/wp-json\/wp\/v2\/pages\/491"}],"collection":[{"href":"https:\/\/inclusiveworkplace.eu\/hu\/wp-json\/wp\/v2\/pages"}],"about":[{"href":"https:\/\/inclusiveworkplace.eu\/hu\/wp-json\/wp\/v2\/types\/page"}],"author":[{"embeddable":true,"href":"https:\/\/inclusiveworkplace.eu\/hu\/wp-json\/wp\/v2\/users\/1"}],"replies":[{"embeddable":true,"href":"https:\/\/inclusiveworkplace.eu\/hu\/wp-json\/wp\/v2\/comments?post=491"}],"version-history":[{"count":7,"href":"https:\/\/inclusiveworkplace.eu\/hu\/wp-json\/wp\/v2\/pages\/491\/revisions"}],"predecessor-version":[{"id":1808,"href":"https:\/\/inclusiveworkplace.eu\/hu\/wp-json\/wp\/v2\/pages\/491\/revisions\/1808"}],"wp:attachment":[{"href":"https:\/\/inclusiveworkplace.eu\/hu\/wp-json\/wp\/v2\/media?parent=491"}],"curies":[{"name":"wp","href":"https:\/\/api.w.org\/{rel}","templated":true}]}}