{"id":477,"date":"2021-03-18T14:04:12","date_gmt":"2021-03-18T14:04:12","guid":{"rendered":"https:\/\/inclusiveworkplace.eu\/services\/"},"modified":"2022-09-27T16:55:39","modified_gmt":"2022-09-27T16:55:39","slug":"services","status":"publish","type":"page","link":"https:\/\/inclusiveworkplace.eu\/hu\/services\/","title":{"rendered":"Szolg\u00e1ltat\u00e1saink"},"content":{"rendered":"<h1>INSPIRER projekt szolg\u00e1ltat\u00e1sok<\/h1>\n<div>\n<p>Multigener\u00e1ci\u00f3s munkahelyi kult\u00far\u00e1val kapcsolatos k\u00e9pz\u00e9s<\/p>\n<div>\n<p>Ez az egyed\u00fcl\u00e1ll\u00f3 k\u00e9pz\u00e9s a gener\u00e1ci\u00f3kon \u00e1t\u00edvel\u0151 csapatokat vezet\u0151 menedzsereknek\u00e9s a hum\u00e1ner\u0151forr\u00e1s -szakembereknek sz\u00f3l, \u00e9s hasznos inform\u00e1ci\u00f3kat \u00e9s k\u00e9pz\u00e9seket ny\u00fajt a t\u00f6bbgener\u00e1ci\u00f3s kult\u00fara munkahelyi t\u00e1mogat\u00e1s\u00e1nak teljes kihaszn\u00e1l\u00e1s\u00e1hoz.<\/p>\n<p>Tanulja meg:<\/p>\n<ul class=\"uk-list\">\n<li><img decoding=\"async\" class=\"uk-margin-small-right uk-text-primary\" src=\"\/wp-content\/uploads\/pricing-check.svg\" uk-svg=\"\" \/>hogyan fejlesztheti \u00e9s t\u00e1mogathatja munkav\u00e1llal\u00f3i k\u00e9pess\u00e9geit kort\u00f3l f\u00fcggetlen\u00fcl<\/li>\n<li><img decoding=\"async\" class=\"uk-margin-small-right uk-text-primary\" src=\"\/wp-content\/uploads\/pricing-check.svg\" uk-svg=\"\" \/> hogyan kezelheti sikeresen a t\u00f6bbgener\u00e1ci\u00f3s csapatokat.<\/li>\n<\/ul>\n<\/div>\n<p><a href=\"https:\/\/e-trainingcentre.gr\/course\/view.php?id=79\">Bej\u00e1rat<\/a><\/p>\n<\/div>\n<div>\n<div>\n<p><strong>\u00c9rdekli a k\u00e9pz\u00e9s h\u00e1ttere? <\/strong><\/p>\n<\/div>\n<p><a href=\"https:\/\/inclusiveworkplace.eu\/wp-content\/uploads\/2021\/10\/Synthesis_Report_INSPIRER_final_with-reviewers.pdf\">Olvassa el az \u00d6sszefoglal\u00f3 jelent\u00e9s\u00fcnket a multigener\u00e1ci\u00f3s k\u00e9pz\u00e9si ig\u00e9nyfelmr\u00e9s\u00fcnkr\u0151l<\/a><\/p>\n<\/div>\n<div>\n<p>360\u00ba \u00e9rt\u00e9kel\u00e9si eszk\u00f6z multigener\u00e1ci\u00f3s munkahelyi kult\u00fara m\u00e9r\u00e9s\u00e9re<\/p>\n<div>\n<p>Az eszk\u00f6z holisztikus megk\u00f6zel\u00edt\u00e9st biztos\u00edt a v\u00e1llalat kult\u00far\u00e1j\u00e1nak \u00e9rt\u00e9kel\u00e9s\u00e9hez.<\/p>\n<p>Seg\u00edti a vezet\u0151it \u00e9s alkalmazottait (55 \u00e9v felett \u00e9s alatt) a t\u00f6bbgener\u00e1ci\u00f3s munkahelyet alkot\u00f3 elemek m\u00e9r\u00e9s\u00e9ben. Ezenk\u00edv\u00fcl javaslatokat \u00e9s ir\u00e1nyelveket is tartalmaz arra vonatkoz\u00f3an, hogy a felek mit hajtsanak v\u00e9gre a gener\u00e1ci\u00f3k k\u00f6z\u00f6tti egy\u00fcttm\u0171k\u00f6d\u00e9s fokoz\u00e1sa \u00e9rdek\u00e9ben.<\/p>\n<p>Minden k\u00e9pz\u00e9si r\u00e9sz el\u0151tt \u00e9s ut\u00e1n haszn\u00e1lhat\u00f3 a hat\u00e1s \u00e9s az eredm\u00e9nyek \u00e9rt\u00e9kel\u00e9s\u00e9re.<\/p>\n<\/div>\n<p><a href=\"https:\/\/inspirerv2.cfserver3.net\/hu\">360\u2070 \u00e9rt\u00e9kel\u0151 eszk\u00f6z<\/a><\/p>\n<\/div>\n<div>\n<p>Gener\u00e1ci\u00f3k k\u00f6z\u00f6tti\/ ford\u00edtott mentor\u00e1l\u00e1s<\/p>\n<div>\n<p>Ez a platform \u00e9rt\u00e9kes eszk\u00f6z a ford\u00edtott mentor\u00e1l\u00e1s megval\u00f3s\u00edt\u00e1s\u00e1hoz v\u00e1llalat\u00e1ban vagy szervezet\u00e9ben.<\/p>\n<p>Biztons\u00e1gos helyk\u00e9nt m\u0171k\u00f6dik, ahol a fiatalabb \u00e9s az id\u0151sebb munkav\u00e1llal\u00f3kat \u00f6ssze lehet kapcsolni, hogy mentor\u00e1l\u00e1st biztos\u00edtsanak az \u00faj technol\u00f3gi\u00e1kr\u00f3l \u00e9s szakter\u00fcletekr\u0151l, valamint megoszthass\u00e1k tapasztalataikat.<\/p>\n<p>Az id\u0151sebb munkav\u00e1llal\u00f3k profit\u00e1lhatnak a fiatalabbak digit\u00e1lis k\u00e9szs\u00e9gekkel kapcsolatos szak\u00e9rtelm\u00e9b\u0151l, a fiatalabbak pedig betekint\u00e9st kapnak a kommunik\u00e1ci\u00f3ba \u00e9s m\u00e1s sz\u00fcks\u00e9ges k\u00e9szs\u00e9gekbe.<\/p>\n<\/div>\n<p><a href=\"https:\/\/mentoring.inclusiveworkplace.eu\/hu\/welcome\/\">Mentoring Space<\/a><\/p>\n<\/div>\n<div>\n<p>INSPIRER projekt &#8211; Befogad\u00f3 munkahelyek id\u0151s\u00f6d\u0151 munkav\u00e1llal\u00f3knak [2020-1-SK01-KA204-078253]<\/p>\n<\/div>\n<div>\n<p>Az Eur\u00f3pai Bizotts\u00e1g t\u00e1mogat\u00e1st ny\u00fajtott ennek a projektnek a k\u00f6lts\u00e9geihez. Ez a kiadv\u00e1ny (weoldal) a szerz\u0151 n\u00e9zeteit t\u00fckr\u00f6zi, \u00e9s az Eur\u00f3pai Bizotts\u00e1g nem tehet\u0151 felel\u0151ss\u00e9 az abban foglaltak b\u00e1rminem\u0171 felhaszn\u00e1l\u00e1s\u00e9rt.<\/p>\n<\/div>\n<p><img decoding=\"async\" src=\"\/wp-content\/uploads\/2021\/08\/logosbeneficaireserasmusright_hu_0.jpg\" alt=\"\"><\/p>\n<p><!--more--><br \/>\n<!-- {\"name\":\"Pricing\",\"type\":\"layout\",\"children\":[{\"name\":\"Hero\",\"type\":\"section\",\"props\":{\"style\":\"default\",\"width\":\"default\",\"vertical_align\":\"middle\",\"title_position\":\"top-left\",\"title_rotation\":\"left\",\"title_breakpoint\":\"xl\",\"image_position\":\"bottom-center\",\"image\":\"wp-content\\\/uploads\\\/pricing-hero-bg.svg\",\"image_size\":\"cover\",\"header_transparent_noplaceholder\":false,\"padding\":\"large\",\"animation\":\"slide-bottom-medium\",\"animation_delay\":\"200\",\"padding_remove_bottom\":false},\"children\":[{\"name\":\"\",\"type\":\"row\",\"children\":[{\"name\":\"\",\"type\":\"column\",\"props\":{\"image_position\":\"center-center\",\"text_color\":\"light\",\"media_overlay_gradient\":\"\",\"width_medium\":\"1-1\",\"position_sticky_breakpoint\":\"m\"},\"children\":[{\"name\":\"\",\"type\":\"headline\",\"props\":{\"title_element\":\"h1\",\"content\":\"INSPIRER projekt szolg\\u00e1ltat\\u00e1sok\",\"text_align\":\"center\",\"title_style\":\"heading-medium\",\"margin\":\"large\",\"margin_remove_bottom\":false}}]}]},{\"name\":\"\",\"type\":\"row\",\"props\":{\"layout\":\"1-3,1-3,1-3\",\"margin\":\"xlarge\"},\"children\":[{\"name\":\"\",\"type\":\"column\",\"props\":{\"image_position\":\"center-center\",\"media_overlay_gradient\":\"\",\"width_medium\":\"1-3\",\"position_sticky_breakpoint\":\"m\"},\"children\":[{\"name\":\"\",\"type\":\"panel\",\"props\":{\"link_text\":\"Bej\\u00e1rat\",\"title_element\":\"div\",\"meta_style\":\"h4\",\"meta_align\":\"above-title\",\"image_align\":\"top\",\"image_grid_width\":\"1-2\",\"link_style\":\"secondary\",\"margin\":\"default\",\"title\":\"\",\"meta\":\"Multigener\\u00e1ci\\u00f3s munkahelyi kult\\u00far\\u00e1val kapcsolatos k\\u00e9pz\\u00e9s\",\"content\":\"\n\n<p>Ez az egyed\\u00fcl\\u00e1ll\\u00f3 k\\u00e9pz\\u00e9s a gener\\u00e1ci\\u00f3kon \\u00e1t\\u00edvel\\u0151 csapatokat vezet\\u0151 menedzsereknek\\u00e9s a hum\\u00e1ner\\u0151forr\\u00e1s -szakembereknek sz\\u00f3l, \\u00e9s hasznos inform\\u00e1ci\\u00f3kat \\u00e9s k\\u00e9pz\\u00e9seket ny\\u00fajt a t\\u00f6bbgener\\u00e1ci\\u00f3s kult\\u00fara munkahelyi t\\u00e1mogat\\u00e1s\\u00e1nak teljes kihaszn\\u00e1l\\u00e1s\\u00e1hoz.<\\\/p>\\n\n\n<p>Tanulja meg:<\\\/p>\\n\n\n<ul class=\\\"uk-list\\\">\\n\n\n<li><img class=\\\"uk-margin-small-right uk-text-primary\\\" src=\\\"wp-content\\\/uploads\\\/pricing-check.svg\\\" uk-svg=\\\"\\\" \\\/>hogyan fejlesztheti \\u00e9s t\\u00e1mogathatja munkav\\u00e1llal\\u00f3i k\\u00e9pess\\u00e9geit kort\\u00f3l f\\u00fcggetlen\\u00fcl<\\\/li>\\n\n\n<li><img class=\\\"uk-margin-small-right uk-text-primary\\\" src=\\\"wp-content\\\/uploads\\\/pricing-check.svg\\\" uk-svg=\\\"\\\" \\\/> hogyan kezelheti sikeresen a t\\u00f6bbgener\\u00e1ci\\u00f3s csapatokat.<\\\/li>\\n<\\\/ul>\",\"link\":\"https:\\\/\\\/e-trainingcentre.gr\\\/course\\\/view.php?id=79\",\"panel_style\":\"card-default\",\"title_style\":\"heading-large\",\"image\":\"\",\"link_size\":\"large\",\"text_align\":\"left\",\"text_align_breakpoint\":\"m\",\"text_align_fallback\":\"center\",\"maxwidth\":\"large\",\"image_svg_color\":\"emphasis\",\"block_align\":\"center\",\"title_hover_style\":\"reset\",\"title_align\":\"top\",\"title_grid_width\":\"1-2\",\"title_grid_breakpoint\":\"m\",\"image_grid_breakpoint\":\"m\",\"icon_width\":80,\"meta_element\":\"h2\",\"content_column_breakpoint\":\"m\",\"panel_padding\":\"default\"}},{\"type\":\"panel\",\"props\":{\"link_text\":\"Olvassa el az \\u00d6sszefoglal\\u00f3 jelent\\u00e9s\\u00fcnket a multigener\\u00e1ci\\u00f3s k\\u00e9pz\\u00e9si ig\\u00e9nyfelmr\\u00e9s\\u00fcnkr\\u0151l\",\"title_hover_style\":\"reset\",\"title_element\":\"h3\",\"title_align\":\"top\",\"title_grid_width\":\"1-2\",\"title_grid_breakpoint\":\"m\",\"meta_style\":\"meta\",\"meta_align\":\"below-title\",\"meta_element\":\"div\",\"content_column_breakpoint\":\"m\",\"icon_width\":80,\"image_align\":\"top\",\"image_grid_width\":\"1-2\",\"image_grid_breakpoint\":\"m\",\"image_svg_color\":\"emphasis\",\"link_style\":\"text\",\"margin\":\"default\",\"link\":\"https:\\\/\\\/inclusiveworkplace.eu\\\/wp-content\\\/uploads\\\/2021\\\/10\\\/Synthesis_Report_INSPIRER_final_with-reviewers.pdf\",\"link_target\":true,\"content\":\"\n\n<p><strong>\\u00c9rdekli a k\\u00e9pz\\u00e9s h\\u00e1ttere? <\\\/strong><\\\/p>\",\"panel_style\":\"card-primary\",\"content_style\":\"meta\",\"link_size\":\"small\",\"panel_padding\":\"small\"}}]},{\"name\":\"\",\"type\":\"column\",\"props\":{\"image_position\":\"center-center\",\"media_overlay_gradient\":\"\",\"width_medium\":\"1-3\",\"position_sticky_breakpoint\":\"m\"},\"children\":[{\"name\":\"\",\"type\":\"panel\",\"props\":{\"link_text\":\"360\\u2070 \\u00e9rt\\u00e9kel\\u0151 eszk\\u00f6z\",\"title_element\":\"div\",\"meta_style\":\"h4\",\"meta_align\":\"above-title\",\"image_align\":\"top\",\"image_grid_width\":\"1-2\",\"link_style\":\"primary\",\"margin\":\"default\",\"title\":\"\",\"meta\":\"360\\u00ba \\u00e9rt\\u00e9kel\\u00e9si eszk\\u00f6z multigener\\u00e1ci\\u00f3s munkahelyi kult\\u00fara m\\u00e9r\\u00e9s\\u00e9re\",\"content\":\"\n\n<p>Az eszk\\u00f6z holisztikus megk\\u00f6zel\\u00edt\\u00e9st biztos\\u00edt a v\\u00e1llalat kult\\u00far\\u00e1j\\u00e1nak \\u00e9rt\\u00e9kel\\u00e9s\\u00e9hez.<\\\/p>\\n\n\n<p>Seg\\u00edti a vezet\\u0151it \\u00e9s alkalmazottait (55 \\u00e9v felett \\u00e9s alatt) a t\\u00f6bbgener\\u00e1ci\\u00f3s munkahelyet alkot\\u00f3 elemek m\\u00e9r\\u00e9s\\u00e9ben. Ezenk\\u00edv\\u00fcl javaslatokat \\u00e9s ir\\u00e1nyelveket is tartalmaz arra vonatkoz\\u00f3an, hogy a felek mit hajtsanak v\\u00e9gre a gener\\u00e1ci\\u00f3k k\\u00f6z\\u00f6tti egy\\u00fcttm\\u0171k\\u00f6d\\u00e9s fokoz\\u00e1sa \\u00e9rdek\\u00e9ben.<\\\/p>\\n\n\n<p>Minden k\\u00e9pz\\u00e9si r\\u00e9sz el\\u0151tt \\u00e9s ut\\u00e1n haszn\\u00e1lhat\\u00f3 a hat\\u00e1s \\u00e9s az eredm\\u00e9nyek \\u00e9rt\\u00e9kel\\u00e9s\\u00e9re.<\\\/p>\",\"link\":\"https:\\\/\\\/inspirerv2.cfserver3.net\\\/hu\",\"panel_style\":\"card-default\",\"title_style\":\"heading-large\",\"image\":\"\",\"link_size\":\"large\",\"text_align\":\"left\",\"text_align_breakpoint\":\"m\",\"text_align_fallback\":\"center\",\"maxwidth\":\"large\",\"image_svg_color\":\"emphasis\",\"block_align\":\"center\",\"title_hover_style\":\"reset\",\"title_align\":\"top\",\"title_grid_width\":\"1-2\",\"title_grid_breakpoint\":\"m\",\"image_grid_breakpoint\":\"m\",\"icon_width\":80,\"meta_element\":\"h2\",\"content_column_breakpoint\":\"m\",\"panel_padding\":\"default\",\"link_target\":true}}]},{\"name\":\"\",\"type\":\"column\",\"props\":{\"image_position\":\"center-center\",\"media_overlay_gradient\":\"\",\"width_medium\":\"1-3\",\"position_sticky_breakpoint\":\"m\"},\"children\":[{\"name\":\"\",\"type\":\"panel\",\"props\":{\"link_text\":\"Mentoring Space\",\"title_element\":\"div\",\"meta_style\":\"h4\",\"meta_align\":\"above-title\",\"image_align\":\"top\",\"image_grid_width\":\"1-2\",\"link_style\":\"primary\",\"margin\":\"default\",\"title\":\"\",\"meta\":\"Gener\\u00e1ci\\u00f3k k\\u00f6z\\u00f6tti\\\/ ford\\u00edtott mentor\\u00e1l\\u00e1s\",\"content\":\"\n\n<p>Ez a platform \\u00e9rt\\u00e9kes eszk\\u00f6z a ford\\u00edtott mentor\\u00e1l\\u00e1s megval\\u00f3s\\u00edt\\u00e1s\\u00e1hoz v\\u00e1llalat\\u00e1ban vagy szervezet\\u00e9ben.<br \\\/><br \\\/>Biztons\\u00e1gos helyk\\u00e9nt m\\u0171k\\u00f6dik, ahol a fiatalabb \\u00e9s az id\\u0151sebb munkav\\u00e1llal\\u00f3kat \\u00f6ssze lehet kapcsolni, hogy mentor\\u00e1l\\u00e1st biztos\\u00edtsanak az \\u00faj technol\\u00f3gi\\u00e1kr\\u00f3l \\u00e9s szakter\\u00fcletekr\\u0151l, valamint megoszthass\\u00e1k tapasztalataikat.<br \\\/><br \\\/>Az id\\u0151sebb munkav\\u00e1llal\\u00f3k profit\\u00e1lhatnak a fiatalabbak digit\\u00e1lis k\\u00e9szs\\u00e9gekkel kapcsolatos szak\\u00e9rtelm\\u00e9b\\u0151l, a fiatalabbak pedig betekint\\u00e9st kapnak a kommunik\\u00e1ci\\u00f3ba \\u00e9s m\\u00e1s sz\\u00fcks\\u00e9ges k\\u00e9szs\\u00e9gekbe.<\\\/p>\",\"link\":\"https:\\\/\\\/mentoring.inclusiveworkplace.eu\\\/hu\\\/welcome\\\/\",\"panel_style\":\"card-default\",\"title_style\":\"heading-large\",\"image\":\"\",\"link_size\":\"large\",\"text_align\":\"left\",\"text_align_breakpoint\":\"m\",\"text_align_fallback\":\"center\",\"maxwidth\":\"large\",\"image_svg_color\":\"emphasis\",\"block_align\":\"center\",\"title_hover_style\":\"reset\",\"title_align\":\"top\",\"title_grid_width\":\"1-2\",\"title_grid_breakpoint\":\"m\",\"image_grid_breakpoint\":\"m\",\"icon_width\":80,\"meta_element\":\"h2\",\"content_column_breakpoint\":\"m\",\"panel_padding\":\"default\",\"link_target\":true}}]}]}]},{\"type\":\"section\",\"props\":{\"style\":\"default\",\"width\":\"default\",\"vertical_align\":\"middle\",\"title_position\":\"top-left\",\"title_rotation\":\"left\",\"title_breakpoint\":\"xl\",\"image_position\":\"center-center\"},\"children\":[{\"type\":\"row\",\"props\":{\"layout\":\"1-2,1-2\"},\"children\":[{\"type\":\"column\",\"props\":{\"image_position\":\"center-center\",\"media_overlay_gradient\":\"\",\"width_medium\":\"1-2\",\"position_sticky_breakpoint\":\"m\"},\"children\":[{\"type\":\"text\",\"props\":{\"margin\":\"default\",\"column_breakpoint\":\"m\",\"content\":\"\n\n<p>INSPIRER projekt - Befogad\\u00f3 munkahelyek id\\u0151s\\u00f6d\\u0151 munkav\\u00e1llal\\u00f3knak [2020-1-SK01-KA204-078253]<\\\/p>\",\"text_style\":\"meta\",\"text_color\":\"emphasis\"},\"modified\":\"2021-08-03T10:12:06.747Z\",\"name\":\"footer 1 hu\"},{\"type\":\"text\",\"props\":{\"margin\":\"default\",\"column_breakpoint\":\"m\",\"content\":\"\n\n<p>Az Eur\\u00f3pai Bizotts\\u00e1g t\\u00e1mogat\\u00e1st ny\\u00fajtott ennek a projektnek a k\\u00f6lts\\u00e9geihez. Ez a kiadv\\u00e1ny (weoldal) a szerz\\u0151 n\\u00e9zeteit t\\u00fckr\\u00f6zi, \\u00e9s az Eur\\u00f3pai Bizotts\\u00e1g nem tehet\\u0151 felel\\u0151ss\\u00e9 az abban foglaltak b\\u00e1rminem\\u0171 felhaszn\\u00e1l\\u00e1s\\u00e9rt.<\\\/p>\",\"text_style\":\"meta\",\"text_color\":\"emphasis\"},\"modified\":\"2021-08-03T10:12:24.490Z\",\"name\":\"footer 2 hu\"}]},{\"type\":\"column\",\"props\":{\"image_position\":\"center-center\",\"media_overlay_gradient\":\"\",\"width_medium\":\"1-2\",\"position_sticky_breakpoint\":\"m\"},\"children\":[{\"type\":\"image\",\"props\":{\"margin\":\"default\",\"image_svg_color\":\"emphasis\",\"image\":\"wp-content\\\/uploads\\\/2021\\\/08\\\/logosbeneficaireserasmusright_hu_0.jpg\",\"image_width\":\"400\",\"text_align\":\"center\"},\"modified\":\"2021-08-03T10:12:30.382Z\",\"name\":\"footer 3 hu\"}]}]}]}],\"version\":\"2.7.22\"} --><\/p>\n","protected":false},"excerpt":{"rendered":"<p>INSPIRER projekt szolg\u00e1ltat\u00e1sok Multigener\u00e1ci\u00f3s munkahelyi kult\u00far\u00e1val kapcsolatos k\u00e9pz\u00e9s Ez az egyed\u00fcl\u00e1ll\u00f3 k\u00e9pz\u00e9s a gener\u00e1ci\u00f3kon \u00e1t\u00edvel\u0151 csapatokat vezet\u0151 menedzsereknek\u00e9s a hum\u00e1ner\u0151forr\u00e1s -szakembereknek sz\u00f3l, \u00e9s hasznos inform\u00e1ci\u00f3kat \u00e9s k\u00e9pz\u00e9seket ny\u00fajt a t\u00f6bbgener\u00e1ci\u00f3s kult\u00fara munkahelyi t\u00e1mogat\u00e1s\u00e1nak teljes kihaszn\u00e1l\u00e1s\u00e1hoz. Tanulja meg: hogyan fejlesztheti \u00e9s t\u00e1mogathatja munkav\u00e1llal\u00f3i k\u00e9pess\u00e9geit kort\u00f3l f\u00fcggetlen\u00fcl hogyan kezelheti sikeresen a t\u00f6bbgener\u00e1ci\u00f3s csapatokat. Bej\u00e1rat \u00c9rdekli a k\u00e9pz\u00e9s [&hellip;]<\/p>\n","protected":false},"author":1,"featured_media":0,"parent":0,"menu_order":0,"comment_status":"closed","ping_status":"closed","template":"","meta":[],"_links":{"self":[{"href":"https:\/\/inclusiveworkplace.eu\/hu\/wp-json\/wp\/v2\/pages\/477"}],"collection":[{"href":"https:\/\/inclusiveworkplace.eu\/hu\/wp-json\/wp\/v2\/pages"}],"about":[{"href":"https:\/\/inclusiveworkplace.eu\/hu\/wp-json\/wp\/v2\/types\/page"}],"author":[{"embeddable":true,"href":"https:\/\/inclusiveworkplace.eu\/hu\/wp-json\/wp\/v2\/users\/1"}],"replies":[{"embeddable":true,"href":"https:\/\/inclusiveworkplace.eu\/hu\/wp-json\/wp\/v2\/comments?post=477"}],"version-history":[{"count":9,"href":"https:\/\/inclusiveworkplace.eu\/hu\/wp-json\/wp\/v2\/pages\/477\/revisions"}],"predecessor-version":[{"id":1468,"href":"https:\/\/inclusiveworkplace.eu\/hu\/wp-json\/wp\/v2\/pages\/477\/revisions\/1468"}],"wp:attachment":[{"href":"https:\/\/inclusiveworkplace.eu\/hu\/wp-json\/wp\/v2\/media?parent=477"}],"curies":[{"name":"wp","href":"https:\/\/api.w.org\/{rel}","templated":true}]}}