{"id":508,"date":"2021-03-18T14:04:12","date_gmt":"2021-03-18T14:04:12","guid":{"rendered":"https:\/\/inclusiveworkplace.eu\/services\/"},"modified":"2022-09-27T16:54:29","modified_gmt":"2022-09-27T16:54:29","slug":"services","status":"publish","type":"page","link":"https:\/\/inclusiveworkplace.eu\/fr\/services\/","title":{"rendered":"Services"},"content":{"rendered":"<h1>Services du projet INSPIRER<\/h1>\n<div>\n<p>Cours de formation sur la culture multig\u00e9n\u00e9rationnelle sur le lieu de travail<\/p>\n<div>\n<p>Ce cours de formation unique s&rsquo;adresse aux managers qui g\u00e8rent des \u00e9quipes multig\u00e9n\u00e9rationnelles et aux responsables des ressources humaines.<\/p>\n<p>Apprenez comment:<\/p>\n<ul class=\"uk-list\">\n<li><img decoding=\"async\" class=\"uk-margin-small-right uk-text-primary\" src=\"\/wp-content\/uploads\/pricing-check.svg\" uk-svg=\"\" \/>\u00a0am\u00e9liorer et soutenir les comp\u00e9tences de vos collaborateurs, quel que soit leur \u00e2ge<\/li>\n<li><img decoding=\"async\" class=\"uk-margin-small-right uk-text-primary\" src=\"\/wp-content\/uploads\/pricing-check.svg\" uk-svg=\"\" \/> comment g\u00e9rer avec succ\u00e8s des \u00e9quipes multig\u00e9n\u00e9rationnelles<\/li>\n<\/ul>\n<\/div>\n<p><a href=\"https:\/\/e-trainingcentre.gr\/course\/view.php?id=81\">Entr\u00e9e<\/a><\/p>\n<\/div>\n<div>\n<div>\n<p><strong>Vous \u00eates int\u00e9ress\u00e9 par le contexte de la formation ?<\/strong><\/p>\n<\/div>\n<p><a href=\"\/%20https:\/inclusiveworkplace.eu\/wp-content\/uploads\/2021\/10\/Synthesis_Report_INSPIRER_final_with-reviewers.pdf\">Lisez le \u00ab\u00a0Rapport de synth\u00e8se sur les besoins de formation en mati\u00e8re de culture professionnelle multig\u00e9n\u00e9rationnelle\u00a0\u00bb.<\/a><\/p>\n<\/div>\n<div>\n<p>Outil d&rsquo;\u00e9valuation \u00e0 360\u00b0 pour une culture d&rsquo;entreprise multig\u00e9n\u00e9rationnelle<\/p>\n<div>\n<p>Cet outil propose une approche globale pour \u00e9valuer la culture de votre entreprise. Il aide vos managers et vos employ\u00e9s (de plus et de moins de 55 ans) \u00e0 mesurer les \u00e9l\u00e9ments qui constituent un lieu de travail multig\u00e9n\u00e9rationnel.<\/p>\n<p>Il vous fournit \u00e9galement des suggestions et des politiques sur ce que chaque partie devrait mettre en \u0153uvre pour am\u00e9liorer la collaboration entre les g\u00e9n\u00e9rations.<\/p>\n<p>Il peut \u00eatre utilis\u00e9 avant et apr\u00e8s chaque session de formation pour \u00e9valuer l&rsquo;impact et les r\u00e9sultats.<\/p>\n<\/div>\n<p><a href=\"https:\/\/inspirerv2.cfserver3.net\/fr\">Outil d\u2019\u00e9valuation \u00e0 360\u00b0<\/a><\/p>\n<\/div>\n<div>\n<p>Mentorat transg\u00e9n\u00e9rationnel\/invers\u00e9 dans le domaine des technologies num\u00e9riques<\/p>\n<div>\n<p>Cette plateforme est un outil pr\u00e9cieux pour mettre en \u0153uvre le mentorat invers\u00e9 dans votre entreprise ou organisation. Elle fonctionne comme un espace s\u00fbr o\u00f9 les employ\u00e9s plus jeunes et plus \u00e2g\u00e9s peuvent \u00eatre jumel\u00e9s pour offrir un mentorat sur les nouvelles technologies et domaines d&rsquo;expertise et pour partager des id\u00e9es. Les employ\u00e9s plus \u00e2g\u00e9s b\u00e9n\u00e9ficieront de l&rsquo;expertise des plus jeunes en mati\u00e8re de comp\u00e9tences num\u00e9riques et les plus jeunes recevront des informations sur la communication et sur d&rsquo;autres comp\u00e9tences g\u00e9n\u00e9rales indispensables.<\/p>\n<\/div>\n<p><a href=\"https:\/\/mentoring.inclusiveworkplace.eu\/fr\/welcome\/\">L\u2019espace De Mentorat<\/a><\/p>\n<\/div>\n<div>\n<p>Projet INSPIRER &#8211; Lieux de travail inclusifs pour les travailleurs seniors [2020-1-SK01-KA204-078253]<\/p>\n<\/div>\n<div>\n<p>Le soutien de la Commission europ\u00e9enne \u00e0 la production de cette publication ne constitue pas une approbation de son contenu, qui n&rsquo;engage que ses auteurs, et la Commission ne peut \u00eatre tenue responsable de l&rsquo;usage qui pourrait \u00eatre fait des informations qu&rsquo;elle contient.<\/p>\n<\/div>\n<p><img decoding=\"async\" src=\"\/wp-content\/uploads\/2021\/08\/logosbeneficaireserasmusright_fr_0-1.jpg\" alt=\"\"><\/p>\n<p><!--more--><br \/>\n<!-- {\"name\":\"Pricing\",\"type\":\"layout\",\"children\":[{\"name\":\"Hero\",\"type\":\"section\",\"props\":{\"style\":\"default\",\"width\":\"default\",\"vertical_align\":\"middle\",\"title_position\":\"top-left\",\"title_rotation\":\"left\",\"title_breakpoint\":\"xl\",\"image_position\":\"bottom-center\",\"image\":\"wp-content\\\/uploads\\\/pricing-hero-bg.svg\",\"image_size\":\"cover\",\"header_transparent_noplaceholder\":false,\"padding\":\"large\",\"animation\":\"slide-bottom-medium\",\"animation_delay\":\"200\",\"padding_remove_bottom\":false},\"children\":[{\"name\":\"\",\"type\":\"row\",\"children\":[{\"name\":\"\",\"type\":\"column\",\"props\":{\"image_position\":\"center-center\",\"text_color\":\"light\",\"media_overlay_gradient\":\"\",\"width_medium\":\"1-1\",\"position_sticky_breakpoint\":\"m\"},\"children\":[{\"name\":\"\",\"type\":\"headline\",\"props\":{\"title_element\":\"h1\",\"content\":\"Services du projet INSPIRER\",\"text_align\":\"center\",\"title_style\":\"heading-medium\",\"margin\":\"large\",\"margin_remove_bottom\":false}}]}]},{\"name\":\"\",\"type\":\"row\",\"props\":{\"layout\":\"1-3,1-3,1-3\",\"margin\":\"xlarge\"},\"children\":[{\"name\":\"\",\"type\":\"column\",\"props\":{\"image_position\":\"center-center\",\"media_overlay_gradient\":\"\",\"width_medium\":\"1-3\",\"position_sticky_breakpoint\":\"m\"},\"children\":[{\"name\":\"\",\"type\":\"panel\",\"props\":{\"link_text\":\"Entr\\u00e9e\",\"title_element\":\"div\",\"meta_style\":\"h4\",\"meta_align\":\"above-title\",\"image_align\":\"top\",\"image_grid_width\":\"1-2\",\"link_style\":\"secondary\",\"margin\":\"default\",\"title\":\"\",\"meta\":\"Cours de formation sur la culture multig\\u00e9n\\u00e9rationnelle sur le lieu de travail\",\"content\":\"\n\n<p>Ce cours de formation unique s'adresse aux managers qui g\\u00e8rent des \\u00e9quipes multig\\u00e9n\\u00e9rationnelles et aux responsables des ressources humaines.<\\\/p>\\n\n\n<p>Apprenez comment:<\\\/p>\\n\n\n<ul class=\\\"uk-list\\\">\\n\n\n<li><img class=\\\"uk-margin-small-right uk-text-primary\\\" src=\\\"wp-content\\\/uploads\\\/pricing-check.svg\\\" uk-svg=\\\"\\\" \\\/>\\u00a0am\\u00e9liorer et soutenir les comp\\u00e9tences de vos collaborateurs, quel que soit leur \\u00e2ge<\\\/li>\\n\n\n<li><img class=\\\"uk-margin-small-right uk-text-primary\\\" src=\\\"wp-content\\\/uploads\\\/pricing-check.svg\\\" uk-svg=\\\"\\\" \\\/> comment g\\u00e9rer avec succ\\u00e8s des \\u00e9quipes multig\\u00e9n\\u00e9rationnelles<\\\/li>\\n<\\\/ul>\",\"link\":\"https:\\\/\\\/e-trainingcentre.gr\\\/course\\\/view.php?id=81\",\"panel_style\":\"card-default\",\"title_style\":\"heading-large\",\"image\":\"\",\"link_size\":\"large\",\"text_align\":\"left\",\"text_align_breakpoint\":\"m\",\"text_align_fallback\":\"center\",\"maxwidth\":\"large\",\"image_svg_color\":\"emphasis\",\"block_align\":\"center\",\"title_hover_style\":\"reset\",\"title_align\":\"top\",\"title_grid_width\":\"1-2\",\"title_grid_breakpoint\":\"m\",\"image_grid_breakpoint\":\"m\",\"icon_width\":80,\"meta_element\":\"h2\",\"content_column_breakpoint\":\"m\",\"panel_padding\":\"default\"}},{\"type\":\"panel\",\"props\":{\"link_text\":\"Lisez le \\\"Rapport de synth\\u00e8se sur les besoins de formation en mati\\u00e8re de culture professionnelle multig\\u00e9n\\u00e9rationnelle\\\".\",\"title_hover_style\":\"reset\",\"title_element\":\"h3\",\"title_align\":\"top\",\"title_grid_width\":\"1-2\",\"title_grid_breakpoint\":\"m\",\"meta_style\":\"meta\",\"meta_align\":\"below-title\",\"meta_element\":\"div\",\"content_column_breakpoint\":\"m\",\"icon_width\":80,\"image_align\":\"top\",\"image_grid_width\":\"1-2\",\"image_grid_breakpoint\":\"m\",\"image_svg_color\":\"emphasis\",\"link_style\":\"text\",\"margin\":\"default\",\"link\":\" https:\\\/\\\/inclusiveworkplace.eu\\\/wp-content\\\/uploads\\\/2021\\\/10\\\/Synthesis_Report_INSPIRER_final_with-reviewers.pdf\",\"link_target\":true,\"content\":\"\n\n<p><strong>Vous \\u00eates int\\u00e9ress\\u00e9 par le contexte de la formation ?<\\\/strong><\\\/p>\",\"panel_style\":\"card-primary\",\"content_style\":\"meta\",\"link_size\":\"small\",\"panel_padding\":\"small\"}}]},{\"name\":\"\",\"type\":\"column\",\"props\":{\"image_position\":\"center-center\",\"media_overlay_gradient\":\"\",\"width_medium\":\"1-3\",\"position_sticky_breakpoint\":\"m\"},\"children\":[{\"name\":\"\",\"type\":\"panel\",\"props\":{\"link_text\":\"Outil d\\u2019\\u00e9valuation \\u00e0 360\\u00b0\",\"title_element\":\"div\",\"meta_style\":\"h4\",\"meta_align\":\"above-title\",\"image_align\":\"top\",\"image_grid_width\":\"1-2\",\"link_style\":\"primary\",\"margin\":\"default\",\"title\":\"\",\"meta\":\"Outil d'\\u00e9valuation \\u00e0 360\\u00b0 pour une culture d'entreprise multig\\u00e9n\\u00e9rationnelle\",\"content\":\"\n\n<p>Cet outil propose une approche globale pour \\u00e9valuer la culture de votre entreprise. Il aide vos managers et vos employ\\u00e9s (de plus et de moins de 55 ans) \\u00e0 mesurer les \\u00e9l\\u00e9ments qui constituent un lieu de travail multig\\u00e9n\\u00e9rationnel.<br \\\/><br \\\/>Il vous fournit \\u00e9galement des suggestions et des politiques sur ce que chaque partie devrait mettre en \\u0153uvre pour am\\u00e9liorer la collaboration entre les g\\u00e9n\\u00e9rations.<br \\\/><br \\\/>Il peut \\u00eatre utilis\\u00e9 avant et apr\\u00e8s chaque session de formation pour \\u00e9valuer l'impact et les r\\u00e9sultats.<\\\/p>\",\"link\":\"https:\\\/\\\/inspirerv2.cfserver3.net\\\/fr\",\"panel_style\":\"card-default\",\"title_style\":\"heading-large\",\"image\":\"\",\"link_size\":\"large\",\"text_align\":\"left\",\"text_align_breakpoint\":\"m\",\"text_align_fallback\":\"center\",\"maxwidth\":\"large\",\"image_svg_color\":\"emphasis\",\"block_align\":\"center\",\"title_hover_style\":\"reset\",\"title_align\":\"top\",\"title_grid_width\":\"1-2\",\"title_grid_breakpoint\":\"m\",\"image_grid_breakpoint\":\"m\",\"icon_width\":80,\"meta_element\":\"h2\",\"content_column_breakpoint\":\"m\",\"panel_padding\":\"default\",\"link_target\":true}}]},{\"name\":\"\",\"type\":\"column\",\"props\":{\"image_position\":\"center-center\",\"media_overlay_gradient\":\"\",\"width_medium\":\"1-3\",\"position_sticky_breakpoint\":\"m\"},\"children\":[{\"name\":\"\",\"type\":\"panel\",\"props\":{\"link_text\":\"L\\u2019espace De Mentorat\",\"title_element\":\"div\",\"meta_style\":\"h4\",\"meta_align\":\"above-title\",\"image_align\":\"top\",\"image_grid_width\":\"1-2\",\"link_style\":\"primary\",\"margin\":\"default\",\"title\":\"\",\"meta\":\"Mentorat transg\\u00e9n\\u00e9rationnel\\\/invers\\u00e9 dans le domaine des technologies num\\u00e9riques\",\"content\":\"\n\n<p>Cette plateforme est un outil pr\\u00e9cieux pour mettre en \\u0153uvre le mentorat invers\\u00e9 dans votre entreprise ou organisation. Elle fonctionne comme un espace s\\u00fbr o\\u00f9 les employ\\u00e9s plus jeunes et plus \\u00e2g\\u00e9s peuvent \\u00eatre jumel\\u00e9s pour offrir un mentorat sur les nouvelles technologies et domaines d'expertise et pour partager des id\\u00e9es. Les employ\\u00e9s plus \\u00e2g\\u00e9s b\\u00e9n\\u00e9ficieront de l'expertise des plus jeunes en mati\\u00e8re de comp\\u00e9tences num\\u00e9riques et les plus jeunes recevront des informations sur la communication et sur d'autres comp\\u00e9tences g\\u00e9n\\u00e9rales indispensables.<\\\/p>\",\"link\":\"https:\\\/\\\/mentoring.inclusiveworkplace.eu\\\/fr\\\/welcome\\\/\",\"panel_style\":\"card-default\",\"title_style\":\"heading-large\",\"image\":\"\",\"link_size\":\"large\",\"text_align\":\"left\",\"text_align_breakpoint\":\"m\",\"text_align_fallback\":\"center\",\"maxwidth\":\"large\",\"image_svg_color\":\"emphasis\",\"block_align\":\"center\",\"title_hover_style\":\"reset\",\"title_align\":\"top\",\"title_grid_width\":\"1-2\",\"title_grid_breakpoint\":\"m\",\"image_grid_breakpoint\":\"m\",\"icon_width\":80,\"meta_element\":\"h2\",\"content_column_breakpoint\":\"m\",\"panel_padding\":\"default\",\"link_target\":true}}]}]}]},{\"type\":\"section\",\"props\":{\"style\":\"default\",\"width\":\"default\",\"vertical_align\":\"middle\",\"title_position\":\"top-left\",\"title_rotation\":\"left\",\"title_breakpoint\":\"xl\",\"image_position\":\"center-center\"},\"children\":[{\"type\":\"row\",\"props\":{\"layout\":\"1-2,1-2\"},\"children\":[{\"type\":\"column\",\"props\":{\"image_position\":\"center-center\",\"media_overlay_gradient\":\"\",\"width_medium\":\"1-2\",\"position_sticky_breakpoint\":\"m\"},\"children\":[{\"type\":\"text\",\"props\":{\"margin\":\"default\",\"column_breakpoint\":\"m\",\"content\":\"\n\n<p>Projet INSPIRER - Lieux de travail inclusifs pour les travailleurs seniors [2020-1-SK01-KA204-078253]<\\\/p>\",\"text_style\":\"meta\",\"text_color\":\"emphasis\"},\"modified\":\"2021-08-03T09:04:26.826Z\",\"name\":\"footer 1 fr\"},{\"type\":\"text\",\"props\":{\"margin\":\"default\",\"column_breakpoint\":\"m\",\"content\":\"\n\n<p>Le soutien de la Commission europ\\u00e9enne \\u00e0 la production de cette publication ne constitue pas une approbation de son contenu, qui n'engage que ses auteurs, et la Commission ne peut \\u00eatre tenue responsable de l'usage qui pourrait \\u00eatre fait des informations qu'elle contient.<\\\/p>\",\"text_style\":\"meta\",\"text_color\":\"emphasis\"},\"modified\":\"2021-08-03T09:04:33.588Z\",\"name\":\"footer 2 fr\"}]},{\"type\":\"column\",\"props\":{\"image_position\":\"center-center\",\"media_overlay_gradient\":\"\",\"width_medium\":\"1-2\",\"position_sticky_breakpoint\":\"m\"},\"children\":[{\"type\":\"image\",\"props\":{\"margin\":\"default\",\"image_svg_color\":\"emphasis\",\"image\":\"wp-content\\\/uploads\\\/2021\\\/08\\\/logosbeneficaireserasmusright_fr_0-1.jpg\",\"image_width\":\"400\",\"text_align\":\"center\"},\"modified\":\"2021-08-03T09:04:40.336Z\",\"name\":\"footer 3 fr\"}]}]}]}],\"version\":\"2.7.22\"} --><\/p>\n","protected":false},"excerpt":{"rendered":"<p>Services du projet INSPIRER Cours de formation sur la culture multig\u00e9n\u00e9rationnelle sur le lieu de travail Ce cours de formation unique s&rsquo;adresse aux managers qui g\u00e8rent des \u00e9quipes multig\u00e9n\u00e9rationnelles et aux responsables des ressources humaines. Apprenez comment: \u00a0am\u00e9liorer et soutenir les comp\u00e9tences de vos collaborateurs, quel que soit leur \u00e2ge comment g\u00e9rer avec succ\u00e8s des [&hellip;]<\/p>\n","protected":false},"author":1,"featured_media":0,"parent":0,"menu_order":0,"comment_status":"closed","ping_status":"closed","template":"","meta":[],"_links":{"self":[{"href":"https:\/\/inclusiveworkplace.eu\/fr\/wp-json\/wp\/v2\/pages\/508"}],"collection":[{"href":"https:\/\/inclusiveworkplace.eu\/fr\/wp-json\/wp\/v2\/pages"}],"about":[{"href":"https:\/\/inclusiveworkplace.eu\/fr\/wp-json\/wp\/v2\/types\/page"}],"author":[{"embeddable":true,"href":"https:\/\/inclusiveworkplace.eu\/fr\/wp-json\/wp\/v2\/users\/1"}],"replies":[{"embeddable":true,"href":"https:\/\/inclusiveworkplace.eu\/fr\/wp-json\/wp\/v2\/comments?post=508"}],"version-history":[{"count":9,"href":"https:\/\/inclusiveworkplace.eu\/fr\/wp-json\/wp\/v2\/pages\/508\/revisions"}],"predecessor-version":[{"id":1465,"href":"https:\/\/inclusiveworkplace.eu\/fr\/wp-json\/wp\/v2\/pages\/508\/revisions\/1465"}],"wp:attachment":[{"href":"https:\/\/inclusiveworkplace.eu\/fr\/wp-json\/wp\/v2\/media?parent=508"}],"curies":[{"name":"wp","href":"https:\/\/api.w.org\/{rel}","templated":true}]}}