{"id":505,"date":"2021-03-18T14:04:45","date_gmt":"2021-03-18T14:04:45","guid":{"rendered":"https:\/\/inclusiveworkplace.eu\/about-us\/"},"modified":"2021-12-10T08:33:39","modified_gmt":"2021-12-10T08:33:39","slug":"about-us","status":"publish","type":"page","link":"https:\/\/inclusiveworkplace.eu\/fr\/about-us\/","title":{"rendered":"\u00c0 propos de nous"},"content":{"rendered":"<h1>\u00c0 propos de nous<\/h1>\n<div>\n<p>Le projet Inspirer est un projet europ\u00e9en Erasmus+ visant \u00e0 promouvoir, par des approches innovantes et int\u00e9gr\u00e9es, l&rsquo;\u00e9galit\u00e9 et la diversit\u00e9 sur le lieu de travail, pour les entreprises qui emploient \u00e0 la fois des g\u00e9n\u00e9rations plus jeunes et plus \u00e2g\u00e9es.<\/p>\n<p>Inspirer fournit aux entreprises, organisations, managers et employ\u00e9s les outils n\u00e9cessaires pour \u00e9liminer la discrimination et la s\u00e9gr\u00e9gation li\u00e9es \u00e0 l&rsquo;\u00e2ge sur le lieu de travail et pour cr\u00e9er des environnements de travail positifs et inclusifs pour les g\u00e9n\u00e9rations plus \u00e2g\u00e9es.<\/p>\n<p>Le consortium qui apporte son expertise et sa validation aux services du projet est une \u00e9quipe multinationale, exp\u00e9riment\u00e9e en mati\u00e8re de ressources humaines et de formation.<\/p>\n<p>Les cr\u00e9ateurs du programme de formation, des outils d&rsquo;\u00e9valuation et de l&rsquo;espace de mentorat sont:<\/p>\n<\/div>\n<p><a href=\"https:\/\/www.tuke.sk\"><img decoding=\"async\" src=\"\/wp-content\/uploads\/2021\/07\/TUKE_logo.jpg\" alt=\"TUKE logo\"><\/a><\/p>\n<h3>L&rsquo;Universit\u00e9 Technique de Kosice<\/h3>\n<div>\n<p>L&rsquo;Universit\u00e9 Technique de Kosice est une universit\u00e9 publique qui s&rsquo;occupe de l&rsquo;enseignement universitaire et de la coop\u00e9ration internationale dans les domaines de la recherche et de l&rsquo;\u00e9ducation. Elle favorise les liens avec les institutions des secteurs priv\u00e9 et public et r\u00e9pond ainsi \u00e0 leurs besoins et \u00e0 ceux de la soci\u00e9t\u00e9 en g\u00e9n\u00e9ral. L&rsquo;Universit\u00e9 Technique de Kosice (TUKE) r\u00e9pond \u00e0 un large \u00e9ventail de besoins \u00e9ducatifs, non seulement dans la r\u00e9gion de la Slovaquie orientale, mais aussi dans toute la Slovaquie et en Europe centrale, car dans de nombreuses sp\u00e9cialisations, elle est le seul centre d&rsquo;enseignement et de recherche dans cette zone.<\/p>\n<\/div>\n<p><a href=\"https:\/\/astra-ngo.sk\/en\/\"><img decoding=\"async\" src=\"\/wp-content\/uploads\/2021\/07\/astra_logo_en.png\" alt=\"ASTRA logo\"><\/a><\/p>\n<h3>ASTRA<\/h3>\n<div>\n<p>L&rsquo;Association pour l&rsquo;Innovation et le D\u00e9veloppement est une association non gouvernementale, apolitique et b\u00e9n\u00e9vole cr\u00e9\u00e9e en 1998. <\/p>\n<p>ASTRA est un partenaire et un fournisseur reconnu dans des projets et des activit\u00e9s qui visent principalement \u00e0 : des activit\u00e9s d&rsquo;\u00e9ducation et de formation (eLearning, WBL &amp; enseignement \u00e0 distance), la promotion de l&rsquo;inclusion sociale, la pr\u00e9paration des r\u00e9gions et des villes au d\u00e9veloppement, y compris la pr\u00e9paration de plans et de programmes de d\u00e9veloppement, ainsi que le transfert de connaissances et de comp\u00e9tences en mati\u00e8re de d\u00e9veloppement r\u00e9gional et de d\u00e9veloppement des personnes de et vers la Slovaquie.<\/p>\n<\/div>\n<p><a href=\"https:\/\/www.idec.gr\/\"><img decoding=\"async\" src=\"\/wp-content\/uploads\/2021\/07\/idec_logo.jpg\" alt=\"IDEC logo\"><\/a><\/p>\n<h3>IDEC<\/h3>\n<div>\n<p>IDEC est une soci\u00e9t\u00e9 de formation et de conseil situ\u00e9e au Pir\u00e9e, en Gr\u00e8ce. Ses activit\u00e9s consistent en la formation, le conseil en gestion, l&rsquo;assurance qualit\u00e9, l&rsquo;\u00e9valuation et le d\u00e9veloppement de solutions TIC pour les secteurs priv\u00e9 et public. Les clients d&rsquo;IDEC sont \u00e0 la fois des PME et des grandes entreprises grecques dans une grande vari\u00e9t\u00e9 de secteurs. IDEC poss\u00e8de une vaste exp\u00e9rience des projets europ\u00e9ens, tant en tant que prestataire de services \u00e9ducatifs qu&rsquo;en tant que soci\u00e9t\u00e9 de conseil en gestion, et a cr\u00e9\u00e9 de nombreux cours, platesformes et jeux \u00e9ducatifs en ligne, ainsi que des outils d&rsquo;\u00e9valuation comparative et d&rsquo;auto-\u00e9valuation pour diff\u00e9rents groupes cibles. Parmi les th\u00e8mes sur lesquels elle se concentre, citons la num\u00e9risation, la gestion de l&rsquo;innovation, l&rsquo;assurance qualit\u00e9, le design thinking, la gamification, les soft skills, l&rsquo;\u00e9ducation aux m\u00e9dias, les comp\u00e9tences interculturelles, etc.<\/p>\n<\/div>\n<p><a href=\"http:\/\/trebag.hu\/\"><img decoding=\"async\" src=\"\/wp-content\/uploads\/2021\/07\/TREBAG_logo.png\" alt=\"TREBAG logo\"><\/a><\/p>\n<h3>TREBAG<\/h3>\n<div>\n<p>Trebag Intellectual Property and Project Manager Ltd est une entreprise priv\u00e9e hongroise et un laboratoire vivant disposant d&rsquo;un vaste r\u00e9seau local et r\u00e9gional parmi les parties prenantes et les acteurs du monde des affaires et de l&rsquo;\u00e9ducation. Elle est situ\u00e9e dans la banlieue de Budapest, en Hongrie. Son principal domaine d&rsquo;activit\u00e9 est la R+D+I et la recherche, le d\u00e9veloppement de mat\u00e9riel de formation, ainsi que la promotion de la construction communautaire et de l&rsquo;\u00e9ducation au profit des communaut\u00e9s locales et r\u00e9gionales.<\/p>\n<\/div>\n<p><a href=\"https:\/\/www.vhs-cham.de\/\"><img decoding=\"async\" src=\"\/wp-content\/uploads\/2021\/07\/vhs_logo.png\" alt=\"VHS Cham logo\"><\/a><\/p>\n<h3>VHS Cham<\/h3>\n<div>\n<p>VHS Cham est une association \u00e0 but non lucratif enregistr\u00e9e dans le Haut-Palatinat. Elle agit au niveau r\u00e9gional et propose des cours dans le domaine de la soci\u00e9t\u00e9, de la vocation, des langues, de la culture de la sant\u00e9 et des cours sp\u00e9ciaux (\u00e9coles de la deuxi\u00e8me chance et programmes d&rsquo;alphab\u00e9tisation). La grande partie des activit\u00e9s s&rsquo;adresse aux jeunes, aux ch\u00f4meurs, \u00e0 la g\u00e9n\u00e9ration des 50 ans et plus, aux personnes issues de l&rsquo;immigration et \u00e0 celles qui veulent changer de qualification. Dans le cadre de ces mesures, des activit\u00e9s d&rsquo;orientation, de formation et d&rsquo;apprentissage sont men\u00e9es en coop\u00e9ration avec les employeurs locaux et r\u00e9gionaux. VHS Cham s&rsquo;int\u00e9resse de pr\u00e8s \u00e0 la qualit\u00e9 de l&rsquo;EFP, car de nombreuses entreprises de la r\u00e9gion sont confront\u00e9es \u00e0 un manque de travailleurs qualifi\u00e9s en raison du faible taux de ch\u00f4mage. VHS Cham a acquis une riche exp\u00e9rience en coordonnant et en agissant en tant que partenaire cl\u00e9 dans de nombreux projets europ\u00e9ens au fil des ans.<\/p>\n<\/div>\n<p><a href=\"https:\/\/www.obes.gr\/\"><img decoding=\"async\" src=\"\/wp-content\/uploads\/2021\/07\/OBES_logo.jpg\" alt=\"OBES logo\"><\/a><\/p>\n<h3>OBES (OMOSPONDIA VIOMICHANIKON ERGATOUPALLILIKON SOMATEION)<\/h3>\n<div>\n<p>OBES est une f\u00e9d\u00e9ration de syndicats de travailleurs industriels en Gr\u00e8ce et compte 32 membres, des syndicats d&rsquo;entreprises industrielles de toute la Gr\u00e8ce. OBES a un riche pass\u00e9 d&rsquo;activit\u00e9s, principalement dans le domaine de la promotion de l&rsquo;information et de la consultation, tant au niveau national qu&rsquo;international. Au niveau national, elle est consid\u00e9r\u00e9e comme le point focal de l&rsquo;expertise en mati\u00e8re de comit\u00e9s d&rsquo;entreprise europ\u00e9ens (CEE). L&rsquo;un des principaux objectifs d&rsquo;OBES est de coop\u00e9rer avec des organisations en Gr\u00e8ce et \u00e0 l&rsquo;\u00e9tranger afin de r\u00e9soudre les probl\u00e8mes et les besoins communs de la classe ouvri\u00e8re et des employ\u00e9s en g\u00e9n\u00e9ral.<\/p>\n<\/div>\n<p><a href=\"http:\/\/www.ccilux.eu\/home\"><img decoding=\"async\" src=\"\/wp-content\/uploads\/2021\/07\/CCIL_logo.png\" alt=\"CCIL logo\"><\/a><\/p>\n<h3>Camera di Commercio Italo-Lussemburghese<\/h3>\n<div>\n<p>La Camera di Commercio Italo-Lussemburghese est une association sans but lucratif, fond\u00e9e en 1990, qui est reconnue par le minist\u00e8re italien du Commerce ext\u00e9rieur, avec le patronage du minist\u00e8re des Affaires \u00e9trang\u00e8res et du Commerce du gouvernement luxembourgeois et celui de l&rsquo;ambassade d&rsquo;Italie au Luxembourg. Membre du r\u00e9seau des Chambres de commerce italiennes \u00e0 l&rsquo;\u00e9tranger, la CCIL est devenue un point de r\u00e9f\u00e9rence pour la plupart des entreprises italiennes qui souhaitent op\u00e9rer au Luxembourg, ainsi que pour les collectivit\u00e9s locales et r\u00e9gionales qui souhaitent promouvoir leurs produits et services dans le c\u0153ur g\u00e9ographique et institutionnel de l&rsquo;Europe.<\/p>\n<\/div>\n<div>\n<p>Projet INSPIRER &#8211; Lieux de travail inclusifs pour les travailleurs seniors [2020-1-SK01-KA204-078253]<\/p>\n<\/div>\n<div>\n<p>Le soutien de la Commission europ\u00e9enne \u00e0 la production de cette publication ne constitue pas une approbation de son contenu, qui n&rsquo;engage que ses auteurs, et la Commission ne peut \u00eatre tenue responsable de l&rsquo;usage qui pourrait \u00eatre fait des informations qu&rsquo;elle contient.<\/p>\n<\/div>\n<p><img decoding=\"async\" src=\"\/wp-content\/uploads\/2021\/08\/logosbeneficaireserasmusright_fr_0-1.jpg\" alt=\"\"><\/p>\n<p><!--more--><br \/>\n<!-- {\"name\":\"Extensions\",\"type\":\"layout\",\"children\":[{\"name\":\"Hero\",\"type\":\"section\",\"props\":{\"style\":\"primary\",\"width\":\"default\",\"vertical_align\":\"\",\"title_position\":\"top-left\",\"title_rotation\":\"left\",\"title_breakpoint\":\"xl\",\"image_position\":\"bottom-center\",\"image\":\"\",\"text_color\":\"light\",\"height\":\"expand\",\"image_size\":\"cover\",\"image_width\":\"2560\",\"header_transparent_noplaceholder\":false,\"animation\":\"fade\",\"padding\":\"large\",\"padding_remove_top\":false},\"children\":[{\"name\":\"\",\"type\":\"row\",\"children\":[{\"name\":\"\",\"type\":\"column\",\"props\":{\"image_position\":\"center-center\",\"media_overlay_gradient\":\"\",\"width_medium\":\"1-1\"},\"children\":[{\"name\":\"\",\"type\":\"headline\",\"props\":{\"title_element\":\"h1\",\"content\":\"\\u00c0 propos de nous\",\"title_style\":\"heading-medium\",\"maxwidth\":\"large\"}}]}]}]},{\"type\":\"section\",\"props\":{\"style\":\"default\",\"width\":\"default\",\"vertical_align\":\"middle\",\"title_position\":\"top-left\",\"title_rotation\":\"left\",\"title_breakpoint\":\"xl\",\"image_position\":\"center-center\",\"title\":\"About\"},\"children\":[{\"type\":\"row\",\"children\":[{\"type\":\"column\",\"props\":{\"image_position\":\"center-center\",\"media_overlay_gradient\":\"\"},\"children\":[{\"type\":\"text\",\"props\":{\"margin\":\"default\",\"column_breakpoint\":\"m\",\"content\":\"\n\n<p>Le projet Inspirer est un projet europ\\u00e9en Erasmus+ visant \\u00e0 promouvoir, par des approches innovantes et int\\u00e9gr\\u00e9es, l'\\u00e9galit\\u00e9 et la diversit\\u00e9 sur le lieu de travail, pour les entreprises qui emploient \\u00e0 la fois des g\\u00e9n\\u00e9rations plus jeunes et plus \\u00e2g\\u00e9es.<br \\\/><br \\\/>Inspirer fournit aux entreprises, organisations, managers et employ\\u00e9s les outils n\\u00e9cessaires pour \\u00e9liminer la discrimination et la s\\u00e9gr\\u00e9gation li\\u00e9es \\u00e0 l'\\u00e2ge sur le lieu de travail et pour cr\\u00e9er des environnements de travail positifs et inclusifs pour les g\\u00e9n\\u00e9rations plus \\u00e2g\\u00e9es.<br \\\/><br \\\/>Le consortium qui apporte son expertise et sa validation aux services du projet est une \\u00e9quipe multinationale, exp\\u00e9riment\\u00e9e en mati\\u00e8re de ressources humaines et de formation.<br \\\/><br \\\/>Les cr\\u00e9ateurs du programme de formation, des outils d'\\u00e9valuation et de l'espace de mentorat sont:<\\\/p>\",\"dropcap\":false,\"text_style\":\"lead\"}}]}]},{\"type\":\"row\",\"props\":{\"layout\":\"1-2,1-2\"},\"children\":[{\"type\":\"column\",\"props\":{\"image_position\":\"center-center\",\"media_overlay_gradient\":\"\",\"width_medium\":\"1-2\"},\"children\":[{\"type\":\"image\",\"props\":{\"margin\":\"default\",\"image_svg_color\":\"emphasis\",\"image\":\"wp-content\\\/uploads\\\/2021\\\/07\\\/TUKE_logo.jpg\",\"image_alt\":\"TUKE logo\",\"image_height\":\"200\",\"link\":\"https:\\\/\\\/www.tuke.sk\",\"link_target\":\"blank\",\"text_align\":\"center\"}}]},{\"type\":\"column\",\"props\":{\"image_position\":\"center-center\",\"media_overlay_gradient\":\"\",\"width_medium\":\"1-2\"},\"children\":[{\"type\":\"headline\",\"props\":{\"title_element\":\"h3\",\"content\":\"L'Universit\\u00e9 Technique de Kosice\"}},{\"type\":\"text\",\"props\":{\"margin\":\"default\",\"column_breakpoint\":\"m\",\"content\":\"\n\n<p>L'Universit\\u00e9 Technique de Kosice est une universit\\u00e9 publique qui s'occupe de l'enseignement universitaire et de la coop\\u00e9ration internationale dans les domaines de la recherche et de l'\\u00e9ducation. Elle favorise les liens avec les institutions des secteurs priv\\u00e9 et public et r\\u00e9pond ainsi \\u00e0 leurs besoins et \\u00e0 ceux de la soci\\u00e9t\\u00e9 en g\\u00e9n\\u00e9ral. L'Universit\\u00e9 Technique de Kosice (TUKE) r\\u00e9pond \\u00e0 un large \\u00e9ventail de besoins \\u00e9ducatifs, non seulement dans la r\\u00e9gion de la Slovaquie orientale, mais aussi dans toute la Slovaquie et en Europe centrale, car dans de nombreuses sp\\u00e9cialisations, elle est le seul centre d'enseignement et de recherche dans cette zone.<\\\/p>\"}}]}]},{\"type\":\"row\",\"props\":{\"layout\":\"1-2,1-2\"},\"children\":[{\"type\":\"column\",\"props\":{\"image_position\":\"center-center\",\"media_overlay_gradient\":\"\",\"width_medium\":\"1-2\"},\"children\":[{\"type\":\"image\",\"props\":{\"margin\":\"default\",\"image_svg_color\":\"emphasis\",\"image\":\"wp-content\\\/uploads\\\/2021\\\/07\\\/astra_logo_en.png\",\"image_alt\":\"ASTRA logo\",\"link\":\"https:\\\/\\\/astra-ngo.sk\\\/en\\\/\",\"link_target\":\"blank\",\"image_height\":\"100\",\"text_align\":\"center\",\"position_top\":\"590\"}}]},{\"type\":\"column\",\"props\":{\"image_position\":\"center-center\",\"media_overlay_gradient\":\"\",\"width_medium\":\"1-2\"},\"children\":[{\"type\":\"headline\",\"props\":{\"title_element\":\"h3\",\"content\":\"ASTRA\"}},{\"type\":\"text\",\"props\":{\"margin\":\"default\",\"column_breakpoint\":\"m\",\"content\":\"\n\n<p>L'Association pour l'Innovation et le D\\u00e9veloppement est une association non gouvernementale, apolitique et b\\u00e9n\\u00e9vole cr\\u00e9\\u00e9e en 1998. <br \\\/><br \\\/>ASTRA est un partenaire et un fournisseur reconnu dans des projets et des activit\\u00e9s qui visent principalement \\u00e0 : des activit\\u00e9s d'\\u00e9ducation et de formation (eLearning, WBL &amp; enseignement \\u00e0 distance), la promotion de l'inclusion sociale, la pr\\u00e9paration des r\\u00e9gions et des villes au d\\u00e9veloppement, y compris la pr\\u00e9paration de plans et de programmes de d\\u00e9veloppement, ainsi que le transfert de connaissances et de comp\\u00e9tences en mati\\u00e8re de d\\u00e9veloppement r\\u00e9gional et de d\\u00e9veloppement des personnes de et vers la Slovaquie.<\\\/p>\"}}]}]},{\"type\":\"row\",\"props\":{\"layout\":\"1-2,1-2\"},\"children\":[{\"type\":\"column\",\"props\":{\"image_position\":\"center-center\",\"media_overlay_gradient\":\"\",\"width_medium\":\"1-2\"},\"children\":[{\"type\":\"image\",\"props\":{\"margin\":\"default\",\"image_svg_color\":\"emphasis\",\"image\":\"wp-content\\\/uploads\\\/2021\\\/07\\\/idec_logo.jpg\",\"image_alt\":\"IDEC logo\",\"link\":\"https:\\\/\\\/www.idec.gr\\\/\",\"link_target\":\"blank\",\"text_align\":\"center\"}}]},{\"type\":\"column\",\"props\":{\"image_position\":\"center-center\",\"media_overlay_gradient\":\"\",\"width_medium\":\"1-2\"},\"children\":[{\"type\":\"headline\",\"props\":{\"title_element\":\"h3\",\"content\":\"IDEC\"}},{\"type\":\"text\",\"props\":{\"margin\":\"default\",\"column_breakpoint\":\"m\",\"content\":\"\n\n<p>IDEC est une soci\\u00e9t\\u00e9 de formation et de conseil situ\\u00e9e au Pir\\u00e9e, en Gr\\u00e8ce. Ses activit\\u00e9s consistent en la formation, le conseil en gestion, l'assurance qualit\\u00e9, l'\\u00e9valuation et le d\\u00e9veloppement de solutions TIC pour les secteurs priv\\u00e9 et public. Les clients d'IDEC sont \\u00e0 la fois des PME et des grandes entreprises grecques dans une grande vari\\u00e9t\\u00e9 de secteurs. IDEC poss\\u00e8de une vaste exp\\u00e9rience des projets europ\\u00e9ens, tant en tant que prestataire de services \\u00e9ducatifs qu'en tant que soci\\u00e9t\\u00e9 de conseil en gestion, et a cr\\u00e9\\u00e9 de nombreux cours, platesformes et jeux \\u00e9ducatifs en ligne, ainsi que des outils d'\\u00e9valuation comparative et d'auto-\\u00e9valuation pour diff\\u00e9rents groupes cibles. Parmi les th\\u00e8mes sur lesquels elle se concentre, citons la num\\u00e9risation, la gestion de l'innovation, l'assurance qualit\\u00e9, le design thinking, la gamification, les soft skills, l'\\u00e9ducation aux m\\u00e9dias, les comp\\u00e9tences interculturelles, etc.<\\\/p>\"}}]}]},{\"type\":\"row\",\"props\":{\"layout\":\"1-2,1-2\"},\"children\":[{\"type\":\"column\",\"props\":{\"image_position\":\"center-center\",\"media_overlay_gradient\":\"\",\"width_medium\":\"1-2\"},\"children\":[{\"type\":\"image\",\"props\":{\"margin\":\"default\",\"image_svg_color\":\"emphasis\",\"image\":\"wp-content\\\/uploads\\\/2021\\\/07\\\/TREBAG_logo.png\",\"image_alt\":\"TREBAG logo\",\"link\":\"http:\\\/\\\/trebag.hu\\\/\",\"link_target\":\"blank\",\"text_align\":\"center\"}}]},{\"type\":\"column\",\"props\":{\"image_position\":\"center-center\",\"media_overlay_gradient\":\"\",\"width_medium\":\"1-2\"},\"children\":[{\"type\":\"headline\",\"props\":{\"title_element\":\"h3\",\"content\":\"TREBAG\"}},{\"type\":\"text\",\"props\":{\"margin\":\"default\",\"column_breakpoint\":\"m\",\"content\":\"\n\n<p>Trebag Intellectual Property and Project Manager Ltd est une entreprise priv\\u00e9e hongroise et un laboratoire vivant disposant d'un vaste r\\u00e9seau local et r\\u00e9gional parmi les parties prenantes et les acteurs du monde des affaires et de l'\\u00e9ducation. Elle est situ\\u00e9e dans la banlieue de Budapest, en Hongrie. Son principal domaine d'activit\\u00e9 est la R+D+I et la recherche, le d\\u00e9veloppement de mat\\u00e9riel de formation, ainsi que la promotion de la construction communautaire et de l'\\u00e9ducation au profit des communaut\\u00e9s locales et r\\u00e9gionales.<\\\/p>\"}}]}]},{\"type\":\"row\",\"props\":{\"layout\":\"1-2,1-2\"},\"children\":[{\"type\":\"column\",\"props\":{\"image_position\":\"center-center\",\"media_overlay_gradient\":\"\",\"width_medium\":\"1-2\"},\"children\":[{\"type\":\"image\",\"props\":{\"margin\":\"default\",\"image_svg_color\":\"emphasis\",\"image\":\"wp-content\\\/uploads\\\/2021\\\/07\\\/vhs_logo.png\",\"image_alt\":\"VHS Cham logo\",\"link\":\"https:\\\/\\\/www.vhs-cham.de\\\/\",\"link_target\":\"blank\",\"text_align\":\"center\",\"image_height\":\"60\"}}]},{\"type\":\"column\",\"props\":{\"image_position\":\"center-center\",\"media_overlay_gradient\":\"\",\"width_medium\":\"1-2\"},\"children\":[{\"type\":\"headline\",\"props\":{\"title_element\":\"h3\",\"content\":\"VHS Cham\"}},{\"type\":\"text\",\"props\":{\"margin\":\"default\",\"column_breakpoint\":\"m\",\"content\":\"\n\n<p>VHS Cham est une association \\u00e0 but non lucratif enregistr\\u00e9e dans le Haut-Palatinat. Elle agit au niveau r\\u00e9gional et propose des cours dans le domaine de la soci\\u00e9t\\u00e9, de la vocation, des langues, de la culture de la sant\\u00e9 et des cours sp\\u00e9ciaux (\\u00e9coles de la deuxi\\u00e8me chance et programmes d'alphab\\u00e9tisation). La grande partie des activit\\u00e9s s'adresse aux jeunes, aux ch\\u00f4meurs, \\u00e0 la g\\u00e9n\\u00e9ration des 50 ans et plus, aux personnes issues de l'immigration et \\u00e0 celles qui veulent changer de qualification. Dans le cadre de ces mesures, des activit\\u00e9s d'orientation, de formation et d'apprentissage sont men\\u00e9es en coop\\u00e9ration avec les employeurs locaux et r\\u00e9gionaux. VHS Cham s'int\\u00e9resse de pr\\u00e8s \\u00e0 la qualit\\u00e9 de l'EFP, car de nombreuses entreprises de la r\\u00e9gion sont confront\\u00e9es \\u00e0 un manque de travailleurs qualifi\\u00e9s en raison du faible taux de ch\\u00f4mage. VHS Cham a acquis une riche exp\\u00e9rience en coordonnant et en agissant en tant que partenaire cl\\u00e9 dans de nombreux projets europ\\u00e9ens au fil des ans.<\\\/p>\"}}]}]},{\"type\":\"row\",\"props\":{\"layout\":\"1-2,1-2\"},\"children\":[{\"type\":\"column\",\"props\":{\"image_position\":\"center-center\",\"media_overlay_gradient\":\"\",\"width_medium\":\"1-2\"},\"children\":[{\"type\":\"image\",\"props\":{\"margin\":\"default\",\"image_svg_color\":\"emphasis\",\"image\":\"wp-content\\\/uploads\\\/2021\\\/07\\\/OBES_logo.jpg\",\"image_alt\":\"OBES logo\",\"link\":\"https:\\\/\\\/www.obes.gr\\\/\",\"link_target\":\"blank\",\"text_align\":\"center\"}}]},{\"type\":\"column\",\"props\":{\"image_position\":\"center-center\",\"media_overlay_gradient\":\"\",\"width_medium\":\"1-2\"},\"children\":[{\"type\":\"headline\",\"props\":{\"title_element\":\"h3\",\"content\":\"OBES (OMOSPONDIA VIOMICHANIKON ERGATOUPALLILIKON SOMATEION)\"}},{\"type\":\"text\",\"props\":{\"margin\":\"default\",\"column_breakpoint\":\"m\",\"content\":\"\n\n<p>OBES est une f\\u00e9d\\u00e9ration de syndicats de travailleurs industriels en Gr\\u00e8ce et compte 32 membres, des syndicats d'entreprises industrielles de toute la Gr\\u00e8ce. OBES a un riche pass\\u00e9 d'activit\\u00e9s, principalement dans le domaine de la promotion de l'information et de la consultation, tant au niveau national qu'international. Au niveau national, elle est consid\\u00e9r\\u00e9e comme le point focal de l'expertise en mati\\u00e8re de comit\\u00e9s d'entreprise europ\\u00e9ens (CEE). L'un des principaux objectifs d'OBES est de coop\\u00e9rer avec des organisations en Gr\\u00e8ce et \\u00e0 l'\\u00e9tranger afin de r\\u00e9soudre les probl\\u00e8mes et les besoins communs de la classe ouvri\\u00e8re et des employ\\u00e9s en g\\u00e9n\\u00e9ral.<\\\/p>\"}}]}]},{\"type\":\"row\",\"props\":{\"layout\":\"1-2,1-2\"},\"children\":[{\"type\":\"column\",\"props\":{\"image_position\":\"center-center\",\"media_overlay_gradient\":\"\",\"width_medium\":\"1-2\"},\"children\":[{\"type\":\"image\",\"props\":{\"margin\":\"default\",\"image_svg_color\":\"emphasis\",\"image\":\"wp-content\\\/uploads\\\/2021\\\/07\\\/CCIL_logo.png\",\"image_alt\":\"CCIL logo\",\"link\":\"http:\\\/\\\/www.ccilux.eu\\\/home\",\"link_target\":\"blank\",\"text_align\":\"center\"}}]},{\"type\":\"column\",\"props\":{\"image_position\":\"center-center\",\"media_overlay_gradient\":\"\",\"width_medium\":\"1-2\"},\"children\":[{\"type\":\"headline\",\"props\":{\"title_element\":\"h3\",\"content\":\"Camera di Commercio Italo-Lussemburghese\"}},{\"type\":\"text\",\"props\":{\"margin\":\"default\",\"column_breakpoint\":\"m\",\"content\":\"\n\n<p>La Camera di Commercio Italo-Lussemburghese est une association sans but lucratif, fond\\u00e9e en 1990, qui est reconnue par le minist\\u00e8re italien du Commerce ext\\u00e9rieur, avec le patronage du minist\\u00e8re des Affaires \\u00e9trang\\u00e8res et du Commerce du gouvernement luxembourgeois et celui de l'ambassade d'Italie au Luxembourg. Membre du r\\u00e9seau des Chambres de commerce italiennes \\u00e0 l'\\u00e9tranger, la CCIL est devenue un point de r\\u00e9f\\u00e9rence pour la plupart des entreprises italiennes qui souhaitent op\\u00e9rer au Luxembourg, ainsi que pour les collectivit\\u00e9s locales et r\\u00e9gionales qui souhaitent promouvoir leurs produits et services dans le c\\u0153ur g\\u00e9ographique et institutionnel de l'Europe.<\\\/p>\"}}]}]}],\"name\":\"About\"},{\"type\":\"section\",\"props\":{\"style\":\"default\",\"width\":\"default\",\"vertical_align\":\"middle\",\"title_position\":\"top-left\",\"title_rotation\":\"left\",\"title_breakpoint\":\"xl\",\"image_position\":\"center-center\"},\"children\":[{\"type\":\"row\",\"props\":{\"layout\":\"1-2,1-2\"},\"children\":[{\"type\":\"column\",\"props\":{\"image_position\":\"center-center\",\"media_overlay_gradient\":\"\",\"width_medium\":\"1-2\"},\"children\":[{\"type\":\"text\",\"props\":{\"margin\":\"default\",\"column_breakpoint\":\"m\",\"content\":\"\n\n<p>Projet INSPIRER - Lieux de travail inclusifs pour les travailleurs seniors [2020-1-SK01-KA204-078253]<\\\/p>\",\"text_style\":\"meta\",\"text_color\":\"emphasis\"},\"modified\":\"2021-08-03T09:04:26.826Z\",\"name\":\"footer 1 fr\"},{\"type\":\"text\",\"props\":{\"margin\":\"default\",\"column_breakpoint\":\"m\",\"content\":\"\n\n<p>Le soutien de la Commission europ\\u00e9enne \\u00e0 la production de cette publication ne constitue pas une approbation de son contenu, qui n'engage que ses auteurs, et la Commission ne peut \\u00eatre tenue responsable de l'usage qui pourrait \\u00eatre fait des informations qu'elle contient.<\\\/p>\",\"text_style\":\"meta\",\"text_color\":\"emphasis\"},\"modified\":\"2021-08-03T09:04:33.588Z\",\"name\":\"footer 2 fr\"}]},{\"type\":\"column\",\"props\":{\"image_position\":\"center-center\",\"media_overlay_gradient\":\"\",\"width_medium\":\"1-2\"},\"children\":[{\"type\":\"image\",\"props\":{\"margin\":\"default\",\"image_svg_color\":\"emphasis\",\"image\":\"wp-content\\\/uploads\\\/2021\\\/08\\\/logosbeneficaireserasmusright_fr_0-1.jpg\",\"image_width\":\"400\",\"text_align\":\"center\"},\"modified\":\"2021-08-03T09:04:40.336Z\",\"name\":\"footer 3 fr\"}]}]}]}],\"version\":\"2.5.8\"} --><\/p>\n","protected":false},"excerpt":{"rendered":"<p>\u00c0 propos de nous Le projet Inspirer est un projet europ\u00e9en Erasmus+ visant \u00e0 promouvoir, par des approches innovantes et int\u00e9gr\u00e9es, l&rsquo;\u00e9galit\u00e9 et la diversit\u00e9 sur le lieu de travail, pour les entreprises qui emploient \u00e0 la fois des g\u00e9n\u00e9rations plus jeunes et plus \u00e2g\u00e9es. Inspirer fournit aux entreprises, organisations, managers et employ\u00e9s les outils [&hellip;]<\/p>\n","protected":false},"author":1,"featured_media":0,"parent":0,"menu_order":0,"comment_status":"closed","ping_status":"closed","template":"","meta":[],"_links":{"self":[{"href":"https:\/\/inclusiveworkplace.eu\/fr\/wp-json\/wp\/v2\/pages\/505"}],"collection":[{"href":"https:\/\/inclusiveworkplace.eu\/fr\/wp-json\/wp\/v2\/pages"}],"about":[{"href":"https:\/\/inclusiveworkplace.eu\/fr\/wp-json\/wp\/v2\/types\/page"}],"author":[{"embeddable":true,"href":"https:\/\/inclusiveworkplace.eu\/fr\/wp-json\/wp\/v2\/users\/1"}],"replies":[{"embeddable":true,"href":"https:\/\/inclusiveworkplace.eu\/fr\/wp-json\/wp\/v2\/comments?post=505"}],"version-history":[{"count":4,"href":"https:\/\/inclusiveworkplace.eu\/fr\/wp-json\/wp\/v2\/pages\/505\/revisions"}],"predecessor-version":[{"id":890,"href":"https:\/\/inclusiveworkplace.eu\/fr\/wp-json\/wp\/v2\/pages\/505\/revisions\/890"}],"wp:attachment":[{"href":"https:\/\/inclusiveworkplace.eu\/fr\/wp-json\/wp\/v2\/media?parent=505"}],"curies":[{"name":"wp","href":"https:\/\/api.w.org\/{rel}","templated":true}]}}