{"id":502,"date":"2021-03-18T13:56:22","date_gmt":"2021-03-18T13:56:22","guid":{"rendered":"https:\/\/inclusiveworkplace.eu\/sample-page\/"},"modified":"2021-12-14T07:25:24","modified_gmt":"2021-12-14T07:25:24","slug":"sample-page","status":"publish","type":"page","link":"https:\/\/inclusiveworkplace.eu\/fr\/","title":{"rendered":"Accueil"},"content":{"rendered":"<h1>Soyez un Inspirer<\/h1>\n<div>Construisez une culture multig\u00e9n\u00e9rationnelle d&rsquo;apprentissage et de coop\u00e9ration!<\/div>\n<p><a href=\"#office\"><img decoding=\"async\" src=\"\/wp-content\/uploads\/company-image.svg\" alt=\"\"><\/a><\/p>\n<div>Vous souhaitez instaurer une culture de la coop\u00e9ration, de la diversit\u00e9 et de l&rsquo;innovation dans votre entreprise ou organisation?<\/p>\n<p>Il existe de nombreuses strat\u00e9gies \u00e0 suivre, mais INSPIRER fournit \u00e9galement tous les outils n\u00e9cessaires: formation, \u00e9valuation mesurable, et une plateforme pour le mentorat invers\u00e9.<\/p>\n<p>Contactez-nous ou visitez notre blog pour lire des exemples d&rsquo;applications r\u00e9elles.<\/p><\/div>\n<h2>Ce qu&rsquo;INSPIRER offre:<\/h2>\n<p><img decoding=\"async\" src=\"\/wp-content\/uploads\/2021\/07\/inclusive_workplace_home1_web.jpg\" alt=\"\"><\/p>\n<h3>Cours de formation sur la culture multig\u00e9n\u00e9rationnelle sur le lieu de travail<\/h3>\n<div>\n<p>Ce cours de formation unique s&rsquo;adresse aux managers qui g\u00e8rent des \u00e9quipes multig\u00e9n\u00e9rationnelles et aux responsables des ressources humaines. Il fournit des informations et une formation utiles pour tirer parti du plein potentiel du soutien d&rsquo;une culture multig\u00e9n\u00e9rationnelle sur le lieu de travail.<\/p>\n<p>Apprenez comment am\u00e9liorer et soutenir les comp\u00e9tences de vos collaborateurs, quel que soit leur \u00e2ge, et comment g\u00e9rer avec succ\u00e8s des \u00e9quipes multig\u00e9n\u00e9rationnelles.<\/p>\n<\/div>\n<p>\n    <a href=\"\/fr\/services\/\">Lire la suite<\/a>\n<\/p>\n<h3>Outil d&rsquo;\u00e9valuation \u00e0 360\u00b0 pour une culture d&rsquo;entreprise multig\u00e9n\u00e9rationnelle<\/h3>\n<div>\n<p>Cet outil propose une approche globale pour \u00e9valuer la culture de votre entreprise. Il aide vos managers et vos employ\u00e9s (de plus et de moins de 55 ans) \u00e0 mesurer les \u00e9l\u00e9ments qui constituent un lieu de travail multig\u00e9n\u00e9rationnel.<\/p>\n<p>Il vous fournit \u00e9galement des suggestions et des politiques sur ce que chaque partie devrait mettre en \u0153uvre pour am\u00e9liorer la collaboration entre les g\u00e9n\u00e9rations.<\/p>\n<p>Il peut \u00eatre utilis\u00e9 avant et apr\u00e8s chaque session de formation pour \u00e9valuer l&rsquo;impact et les r\u00e9sultats.<\/p>\n<\/div>\n<p>\n    <a href=\"\/fr\/services\/\">Lire la suite<\/a>\n<\/p>\n<p><img decoding=\"async\" src=\"\/wp-content\/uploads\/2021\/07\/inclusive_workplace_home2_web.jpg\" alt=\"\"><br \/>\n<img decoding=\"async\" src=\"\/wp-content\/uploads\/2021\/07\/inclusive_workplace_home3_web.jpg\" alt=\"\"><\/p>\n<h3>Mentorat transg\u00e9n\u00e9rationnel\/invers\u00e9 dans le domaine des technologies num\u00e9riques<\/h3>\n<div>\n<p>Cette plateforme est un outil pr\u00e9cieux pour mettre en \u0153uvre le mentorat invers\u00e9 dans votre entreprise ou organisation.<\/p>\n<p>Elle fonctionne comme un espace s\u00fbr o\u00f9 les employ\u00e9s plus jeunes et plus \u00e2g\u00e9s peuvent \u00eatre jumel\u00e9s pour offrir un mentorat sur les nouvelles technologies et domaines d&rsquo;expertise et pour partager des id\u00e9es.<\/p>\n<p>Les employ\u00e9s plus \u00e2g\u00e9s b\u00e9n\u00e9ficieront de l&rsquo;expertise des plus jeunes en mati\u00e8re de comp\u00e9tences num\u00e9riques et les plus jeunes recevront des informations sur la communication et sur d&rsquo;autres comp\u00e9tences g\u00e9n\u00e9rales indispensables.<\/p>\n<\/div>\n<p>\n    <a href=\"\/fr\/services\/\">Lire la suite<\/a>\n<\/p>\n<hr>\n<h1>Obtenez le d\u00e9pliant de pr\u00e9sentation d&rsquo;INSPIRER<\/h1>\n<p>\n    <a href=\"\/wp-content\/uploads\/2021\/12\/INSPIRER_leaflet-FINAL-FR.pdf\">T\u00e9l\u00e9charger pdf<\/a>\n<\/p>\n<hr>\n<h1>Abonnez-vous \u00e0 notre newsletter!<\/h1>\n<div>\n<p>Projet INSPIRER &#8211; Lieux de travail inclusifs pour les travailleurs seniors [2020-1-SK01-KA204-078253]<\/p>\n<\/div>\n<div>\n<p>Le soutien de la Commission europ\u00e9enne \u00e0 la production de cette publication ne constitue pas une approbation de son contenu, qui n&rsquo;engage que ses auteurs, et la Commission ne peut \u00eatre tenue responsable de l&rsquo;usage qui pourrait \u00eatre fait des informations qu&rsquo;elle contient.<\/p>\n<\/div>\n<p><img decoding=\"async\" src=\"\/wp-content\/uploads\/2021\/08\/logosbeneficaireserasmusright_fr_0-1.jpg\" alt=\"\"><\/p>\n<p><!--more--><br \/>\n<!-- {\"name\":\"Company\",\"type\":\"layout\",\"children\":[{\"name\":\"Hero\",\"type\":\"section\",\"props\":{\"style\":\"default\",\"width\":\"default\",\"vertical_align\":\"middle\",\"title_position\":\"top-left\",\"title_rotation\":\"left\",\"title_breakpoint\":\"xl\",\"image_position\":\"top-center\",\"image\":\"wp-content\\\/uploads\\\/2021\\\/03\\\/inspirer_home_2.jpg\",\"height\":\"percent\",\"header_transparent_noplaceholder\":true,\"text_color\":\"light\",\"image_size\":\"cover\",\"overlap\":true,\"image_width\":\"2560\",\"animation\":\"fade\",\"media_overlay\":\"rgba(0, 0, 0, 0.5)\",\"padding_remove_bottom\":false},\"children\":[{\"name\":\"\",\"type\":\"row\",\"children\":[{\"name\":\"\",\"type\":\"column\",\"props\":{\"image_position\":\"center-center\",\"media_overlay_gradient\":\"\",\"width_medium\":\"1-1\"},\"children\":[{\"name\":\"\",\"type\":\"headline\",\"props\":{\"title_element\":\"h1\",\"content\":\"Soyez un Inspirer\",\"title_style\":\"heading-medium\",\"text_align\":\"right\",\"margin\":\"small\"}},{\"name\":\"\",\"type\":\"headline\",\"props\":{\"title_element\":\"div\",\"content\":\"Construisez une culture multig\\u00e9n\\u00e9rationnelle d'apprentissage et de coop\\u00e9ration!\",\"title_style\":\"h3\",\"margin\":\"remove-vertical\",\"text_align\":\"right\"}}]}],\"props\":{\"margin_remove_bottom\":false}}]},{\"name\":\"Image\",\"type\":\"section\",\"props\":{\"style\":\"default\",\"width\":\"default\",\"vertical_align\":\"middle\",\"title_position\":\"top-left\",\"title_rotation\":\"left\",\"title_breakpoint\":\"xl\",\"image_position\":\"center-center\",\"padding\":\"none\",\"id\":\"office\",\"animation\":\"slide-bottom-medium\"},\"children\":[{\"name\":\"\",\"type\":\"row\",\"children\":[{\"name\":\"\",\"type\":\"column\",\"props\":{\"image_position\":\"center-center\",\"media_overlay_gradient\":\"\",\"text_color\":\"light\",\"width_medium\":\"1-1\"},\"children\":[{\"name\":\"\",\"type\":\"image\",\"props\":{\"margin\":\"small\",\"image\":\"wp-content\\\/uploads\\\/company-image.svg\",\"text_align\":\"right\",\"animation\":\"parallax\",\"parallax_y_start\":\"-130\",\"parallax_y_end\":\"-200\",\"visibility\":\"m\",\"link\":\"#office\",\"image_svg_color\":\"emphasis\",\"image_svg_inline\":true}}]}],\"props\":{\"margin_remove_bottom\":true}}]},{\"name\":\"Office\",\"type\":\"section\",\"props\":{\"style\":\"default\",\"width\":\"default\",\"vertical_align\":\"middle\",\"title_position\":\"top-left\",\"title_rotation\":\"left\",\"title_breakpoint\":\"xl\",\"image_position\":\"center-center\",\"padding_remove_top\":false,\"image\":\"\",\"image_size\":\"contain\",\"image_effect\":\"parallax\",\"image_parallax_bgy_start\":\"50\",\"image_parallax_bgy_end\":\"-50\",\"padding\":\"xsmall\",\"animation\":\"slide-bottom-medium\",\"animation_delay\":\"200\",\"media_visibility\":\"m\",\"padding_remove_bottom\":false},\"children\":[{\"name\":\"\",\"type\":\"row\",\"children\":[{\"name\":\"\",\"type\":\"column\",\"props\":{\"image_position\":\"center-center\",\"media_overlay_gradient\":\"\",\"width_medium\":\"1-1\"},\"children\":[{\"name\":\"\",\"type\":\"headline\",\"props\":{\"title_element\":\"div\",\"content\":\"Vous souhaitez instaurer une culture de la coop\\u00e9ration, de la diversit\\u00e9 et de l'innovation dans votre entreprise ou organisation?<br \\\/><br \\\/>Il existe de nombreuses strat\\u00e9gies \\u00e0 suivre, mais INSPIRER fournit \\u00e9galement tous les outils n\\u00e9cessaires: formation, \\u00e9valuation mesurable, et une plateforme pour le mentorat invers\\u00e9.<br \\\/><br \\\/>Contactez-nous ou visitez notre blog pour lire des exemples d'applications r\\u00e9elles.\",\"text_align\":\"center\",\"title_style\":\"h3\",\"block_align\":\"center\",\"margin_remove_top\":true,\"margin\":\"remove-vertical\"}}]}]},{\"type\":\"row\",\"props\":{\"margin_remove_bottom\":true,\"margin\":\"large\"},\"children\":[{\"type\":\"column\",\"props\":{\"image_position\":\"center-center\",\"media_overlay_gradient\":\"\"},\"children\":[{\"type\":\"headline\",\"props\":{\"title_element\":\"h2\",\"content\":\"Ce qu'INSPIRER offre:\",\"text_align\":\"center\",\"margin_remove_bottom\":true}}]}]},{\"name\":\"\",\"type\":\"row\",\"props\":{\"layout\":\"1-2,1-2\",\"vertical_align\":true,\"margin\":\"default\",\"column_gap\":\"large\",\"row_gap\":\"large\"},\"children\":[{\"name\":\"\",\"type\":\"column\",\"props\":{\"image_position\":\"center-center\",\"vertical_align\":\"middle\",\"media_overlay_gradient\":\"\",\"width_medium\":\"1-2\"},\"children\":[{\"type\":\"image\",\"props\":{\"margin\":\"default\",\"image_svg_color\":\"emphasis\",\"image\":\"wp-content\\\/uploads\\\/2021\\\/07\\\/inclusive_workplace_home1_web.jpg\",\"image_border\":\"pill\",\"image_box_decoration\":\"shadow\"}}]},{\"name\":\"\",\"type\":\"column\",\"props\":{\"image_position\":\"center-center\",\"vertical_align\":\"middle\",\"media_overlay_gradient\":\"\",\"width_medium\":\"1-2\"},\"children\":[{\"name\":\"\",\"type\":\"headline\",\"props\":{\"title_element\":\"h3\",\"content\":\"Cours de formation sur la culture multig\\u00e9n\\u00e9rationnelle sur le lieu de travail\",\"margin\":\"medium\",\"margin_remove_top\":true,\"text_align\":\"left\",\"text_align_breakpoint\":\"m\",\"text_align_fallback\":\"center\"}},{\"name\":\"\",\"type\":\"text\",\"props\":{\"margin\":\"default\",\"column_breakpoint\":\"m\",\"content\":\"\n\n<p>Ce cours de formation unique s'adresse aux managers qui g\\u00e8rent des \\u00e9quipes multig\\u00e9n\\u00e9rationnelles et aux responsables des ressources humaines. Il fournit des informations et une formation utiles pour tirer parti du plein potentiel du soutien d'une culture multig\\u00e9n\\u00e9rationnelle sur le lieu de travail.<\\\/p>\\n\n\n<p>Apprenez comment am\\u00e9liorer et soutenir les comp\\u00e9tences de vos collaborateurs, quel que soit leur \\u00e2ge, et comment g\\u00e9rer avec succ\\u00e8s des \\u00e9quipes multig\\u00e9n\\u00e9rationnelles.<\\\/p>\",\"text_align\":\"left\",\"text_align_breakpoint\":\"m\",\"text_align_fallback\":\"center\",\"maxwidth_breakpoint\":\"s\",\"block_align\":\"center\"}},{\"type\":\"button\",\"props\":{\"grid_column_gap\":\"small\",\"grid_row_gap\":\"small\",\"margin\":\"default\"},\"children\":[{\"type\":\"button_item\",\"props\":{\"button_style\":\"primary\",\"icon_align\":\"left\",\"content\":\"Lire la suite\",\"link\":\"\\\/fr\\\/services\\\/\"}}]}]}]},{\"name\":\"\",\"type\":\"row\",\"props\":{\"layout\":\"1-2,1-2\",\"vertical_align\":true,\"margin\":\"xlarge\",\"column_gap\":\"large\",\"row_gap\":\"large\"},\"children\":[{\"name\":\"\",\"type\":\"column\",\"props\":{\"image_position\":\"center-center\",\"vertical_align\":\"middle\",\"media_overlay_gradient\":\"\",\"width_medium\":\"1-2\"},\"children\":[{\"name\":\"\",\"type\":\"headline\",\"props\":{\"title_element\":\"h3\",\"content\":\"Outil d'\\u00e9valuation \\u00e0 360\\u00b0 pour une culture d'entreprise multig\\u00e9n\\u00e9rationnelle\",\"margin\":\"medium\",\"margin_remove_top\":true,\"text_align\":\"left\",\"text_align_breakpoint\":\"m\",\"text_align_fallback\":\"center\"}},{\"name\":\"\",\"type\":\"text\",\"props\":{\"margin\":\"default\",\"column_breakpoint\":\"m\",\"content\":\"\n\n<p>Cet outil propose une approche globale pour \\u00e9valuer la culture de votre entreprise. Il aide vos managers et vos employ\\u00e9s (de plus et de moins de 55 ans) \\u00e0 mesurer les \\u00e9l\\u00e9ments qui constituent un lieu de travail multig\\u00e9n\\u00e9rationnel.<br \\\/><br \\\/>Il vous fournit \\u00e9galement des suggestions et des politiques sur ce que chaque partie devrait mettre en \\u0153uvre pour am\\u00e9liorer la collaboration entre les g\\u00e9n\\u00e9rations.<br \\\/><br \\\/>Il peut \\u00eatre utilis\\u00e9 avant et apr\\u00e8s chaque session de formation pour \\u00e9valuer l'impact et les r\\u00e9sultats.<\\\/p>\",\"text_align\":\"left\",\"text_align_breakpoint\":\"m\",\"text_align_fallback\":\"center\",\"maxwidth_breakpoint\":\"s\",\"block_align\":\"center\"}},{\"type\":\"button\",\"props\":{\"grid_column_gap\":\"small\",\"grid_row_gap\":\"small\",\"margin\":\"default\"},\"children\":[{\"type\":\"button_item\",\"props\":{\"button_style\":\"primary\",\"icon_align\":\"left\",\"content\":\"Lire la suite\",\"link\":\"\\\/fr\\\/services\\\/\"}}]}]},{\"name\":\"\",\"type\":\"column\",\"props\":{\"image_position\":\"center-center\",\"vertical_align\":\"middle\",\"media_overlay_gradient\":\"\",\"width_medium\":\"1-2\"},\"children\":[{\"type\":\"image\",\"props\":{\"margin\":\"default\",\"image_svg_color\":\"emphasis\",\"image\":\"wp-content\\\/uploads\\\/2021\\\/07\\\/inclusive_workplace_home2_web.jpg\",\"image_border\":\"pill\",\"image_box_decoration\":\"shadow\"}}]}]},{\"name\":\"\",\"type\":\"row\",\"props\":{\"layout\":\"1-2,1-2\",\"vertical_align\":true,\"margin\":\"default\",\"column_gap\":\"large\",\"row_gap\":\"large\"},\"children\":[{\"name\":\"\",\"type\":\"column\",\"props\":{\"image_position\":\"center-center\",\"vertical_align\":\"middle\",\"media_overlay_gradient\":\"\",\"width_medium\":\"1-2\"},\"children\":[{\"type\":\"image\",\"props\":{\"margin\":\"default\",\"image_svg_color\":\"emphasis\",\"image\":\"wp-content\\\/uploads\\\/2021\\\/07\\\/inclusive_workplace_home3_web.jpg\",\"image_border\":\"pill\",\"image_box_decoration\":\"shadow\"}}]},{\"name\":\"\",\"type\":\"column\",\"props\":{\"image_position\":\"center-center\",\"vertical_align\":\"middle\",\"media_overlay_gradient\":\"\",\"width_medium\":\"1-2\"},\"children\":[{\"name\":\"\",\"type\":\"headline\",\"props\":{\"title_element\":\"h3\",\"content\":\"Mentorat transg\\u00e9n\\u00e9rationnel\\\/invers\\u00e9 dans le domaine des technologies num\\u00e9riques\",\"margin\":\"medium\",\"margin_remove_top\":true,\"text_align\":\"left\",\"text_align_breakpoint\":\"m\",\"text_align_fallback\":\"center\"}},{\"name\":\"\",\"type\":\"text\",\"props\":{\"margin\":\"default\",\"column_breakpoint\":\"m\",\"content\":\"\n\n<p>Cette plateforme est un outil pr\\u00e9cieux pour mettre en \\u0153uvre le mentorat invers\\u00e9 dans votre entreprise ou organisation.<br \\\/><br \\\/>Elle fonctionne comme un espace s\\u00fbr o\\u00f9 les employ\\u00e9s plus jeunes et plus \\u00e2g\\u00e9s peuvent \\u00eatre jumel\\u00e9s pour offrir un mentorat sur les nouvelles technologies et domaines d'expertise et pour partager des id\\u00e9es.<br \\\/><br \\\/>Les employ\\u00e9s plus \\u00e2g\\u00e9s b\\u00e9n\\u00e9ficieront de l'expertise des plus jeunes en mati\\u00e8re de comp\\u00e9tences num\\u00e9riques et les plus jeunes recevront des informations sur la communication et sur d'autres comp\\u00e9tences g\\u00e9n\\u00e9rales indispensables.<\\\/p>\",\"text_align\":\"left\",\"text_align_breakpoint\":\"m\",\"text_align_fallback\":\"center\",\"maxwidth_breakpoint\":\"s\",\"block_align\":\"center\"}},{\"type\":\"button\",\"props\":{\"grid_column_gap\":\"small\",\"grid_row_gap\":\"small\",\"margin\":\"default\"},\"children\":[{\"type\":\"button_item\",\"props\":{\"button_style\":\"primary\",\"icon_align\":\"left\",\"content\":\"Lire la suite\",\"link\":\"\\\/fr\\\/services\\\/\"}}]}]}]},{\"type\":\"row\",\"children\":[{\"type\":\"column\",\"props\":{\"image_position\":\"center-center\",\"media_overlay_gradient\":\"\"},\"children\":[{\"type\":\"divider\",\"props\":{\"divider_element\":\"hr\"}},{\"type\":\"headline\",\"props\":{\"title_element\":\"h1\",\"content\":\"Obtenez le d\\u00e9pliant de pr\\u00e9sentation d'INSPIRER\",\"text_align\":\"center\"}},{\"type\":\"button\",\"props\":{\"grid_column_gap\":\"small\",\"grid_row_gap\":\"small\",\"margin\":\"default\",\"text_align\":\"center\"},\"children\":[{\"type\":\"button_item\",\"props\":{\"button_style\":\"primary\",\"icon_align\":\"left\",\"content\":\"T\\u00e9l\\u00e9charger pdf\",\"link\":\"wp-content\\\/uploads\\\/2021\\\/12\\\/INSPIRER_leaflet-FINAL-FR.pdf\"}}]}]}]},{\"type\":\"row\",\"children\":[{\"type\":\"column\",\"props\":{\"image_position\":\"center-center\",\"media_overlay_gradient\":\"\"},\"children\":[{\"type\":\"divider\",\"props\":{\"divider_element\":\"hr\"}}]}]},{\"type\":\"row\",\"props\":{\"layout\":\"1-2,1-2\",\"margin\":\"large\"},\"children\":[{\"type\":\"column\",\"props\":{\"image_position\":\"center-center\",\"media_overlay_gradient\":\"\",\"width_medium\":\"1-2\"},\"children\":[{\"type\":\"headline\",\"props\":{\"title_element\":\"h1\",\"content\":\"Abonnez-vous \\u00e0 notre newsletter!\"}}]},{\"type\":\"column\",\"props\":{\"image_position\":\"center-center\",\"media_overlay_gradient\":\"\",\"width_medium\":\"1-2\"},\"children\":[{\"type\":\"newsletter\",\"props\":{\"layout\":\"grid\",\"show_name\":false,\"label_first_name\":\"First name\",\"label_last_name\":\"Last name\",\"label_email\":\"Adresse e-mail\",\"label_button\":\"Abonnez-vous\",\"provider\":{\"name\":\"mailchimp\",\"after_submit\":\"message\",\"message\":\"You've been subscribed successfully.\",\"redirect\":\"\"},\"mailchimp\":{\"client_id\":\"\",\"list_id\":\"621f9adef6\",\"double_optin\":true},\"cmonitor\":{\"client_id\":\"\",\"list_id\":\"\"},\"button_mode\":\"button\",\"button_style\":\"secondary\",\"button_icon\":\"mail\",\"form_size\":\"\"}}]}]}]},{\"type\":\"section\",\"props\":{\"style\":\"default\",\"width\":\"default\",\"vertical_align\":\"middle\",\"title_position\":\"top-left\",\"title_rotation\":\"left\",\"title_breakpoint\":\"xl\",\"image_position\":\"center-center\"},\"children\":[{\"type\":\"row\",\"props\":{\"layout\":\"1-2,1-2\"},\"children\":[{\"type\":\"column\",\"props\":{\"image_position\":\"center-center\",\"media_overlay_gradient\":\"\",\"width_medium\":\"1-2\"},\"children\":[{\"type\":\"text\",\"props\":{\"margin\":\"default\",\"column_breakpoint\":\"m\",\"content\":\"\n\n<p>Projet INSPIRER - Lieux de travail inclusifs pour les travailleurs seniors [2020-1-SK01-KA204-078253]<\\\/p>\",\"text_style\":\"meta\",\"text_color\":\"emphasis\"},\"modified\":\"2021-08-03T08:58:12.188Z\",\"name\":\"footer 1 en\"},{\"type\":\"text\",\"props\":{\"margin\":\"default\",\"column_breakpoint\":\"m\",\"content\":\"\n\n<p>Le soutien de la Commission europ\\u00e9enne \\u00e0 la production de cette publication ne constitue pas une approbation de son contenu, qui n'engage que ses auteurs, et la Commission ne peut \\u00eatre tenue responsable de l'usage qui pourrait \\u00eatre fait des informations qu'elle contient.<\\\/p>\",\"text_style\":\"meta\",\"text_color\":\"emphasis\"},\"modified\":\"2021-08-03T08:58:24.208Z\",\"name\":\"footer 2 en\"}]},{\"type\":\"column\",\"props\":{\"image_position\":\"center-center\",\"media_overlay_gradient\":\"\",\"width_medium\":\"1-2\"},\"children\":[{\"type\":\"image\",\"props\":{\"margin\":\"default\",\"image_svg_color\":\"emphasis\",\"image\":\"wp-content\\\/uploads\\\/2021\\\/08\\\/logosbeneficaireserasmusright_fr_0-1.jpg\",\"image_width\":\"400\",\"text_align\":\"center\"},\"modified\":\"2021-08-03T08:58:30.715Z\",\"name\":\"footer 3 en\"}]}]}]}],\"version\":\"2.5.8\"} --><\/p>\n","protected":false},"excerpt":{"rendered":"<p>Soyez un Inspirer Construisez une culture multig\u00e9n\u00e9rationnelle d&rsquo;apprentissage et de coop\u00e9ration! Vous souhaitez instaurer une culture de la coop\u00e9ration, de la diversit\u00e9 et de l&rsquo;innovation dans votre entreprise ou organisation? Il existe de nombreuses strat\u00e9gies \u00e0 suivre, mais INSPIRER fournit \u00e9galement tous les outils n\u00e9cessaires: formation, \u00e9valuation mesurable, et une plateforme pour le mentorat invers\u00e9. [&hellip;]<\/p>\n","protected":false},"author":1,"featured_media":0,"parent":0,"menu_order":0,"comment_status":"closed","ping_status":"open","template":"","meta":[],"_links":{"self":[{"href":"https:\/\/inclusiveworkplace.eu\/fr\/wp-json\/wp\/v2\/pages\/502"}],"collection":[{"href":"https:\/\/inclusiveworkplace.eu\/fr\/wp-json\/wp\/v2\/pages"}],"about":[{"href":"https:\/\/inclusiveworkplace.eu\/fr\/wp-json\/wp\/v2\/types\/page"}],"author":[{"embeddable":true,"href":"https:\/\/inclusiveworkplace.eu\/fr\/wp-json\/wp\/v2\/users\/1"}],"replies":[{"embeddable":true,"href":"https:\/\/inclusiveworkplace.eu\/fr\/wp-json\/wp\/v2\/comments?post=502"}],"version-history":[{"count":9,"href":"https:\/\/inclusiveworkplace.eu\/fr\/wp-json\/wp\/v2\/pages\/502\/revisions"}],"predecessor-version":[{"id":1023,"href":"https:\/\/inclusiveworkplace.eu\/fr\/wp-json\/wp\/v2\/pages\/502\/revisions\/1023"}],"wp:attachment":[{"href":"https:\/\/inclusiveworkplace.eu\/fr\/wp-json\/wp\/v2\/media?parent=502"}],"curies":[{"name":"wp","href":"https:\/\/api.w.org\/{rel}","templated":true}]}}