{"id":489,"date":"2021-03-18T14:04:12","date_gmt":"2021-03-18T14:04:12","guid":{"rendered":"https:\/\/inclusiveworkplace.eu\/services\/"},"modified":"2022-09-27T16:54:53","modified_gmt":"2022-09-27T16:54:53","slug":"services","status":"publish","type":"page","link":"https:\/\/inclusiveworkplace.eu\/de\/services\/","title":{"rendered":"Angebote"},"content":{"rendered":"<h1>INSPIRER Projekt &#8211; Angebote<\/h1>\n<div>\n<p>Innovativer Schulungskurs zur generationen\u00fcbergreifenden Arbeitsplatzkultur<\/p>\n<div>\n<p>Dieser innovative Kurs richtet sich an F\u00fchrungskr\u00e4fte, die mit generationen\u00fcbergreifenden Teams umgehen, sowie an Personalverantwortliche und bietet n\u00fctzliche Informationen und Trainings, um das volle Potenzial zur Unterst\u00fctzung einer Mehrgenerationenkultur am Arbeitsplatz zu nutzen.<\/p>\n<p>Lernen Sie, wie<\/p>\n<ul class=\"uk-list\">\n<li><img decoding=\"async\" class=\"uk-margin-small-right uk-text-primary\" src=\"\/wp-content\/uploads\/pricing-check.svg\" uk-svg=\"\" \/>\u00a0die F\u00e4higkeiten Ihrer Mitarbeiter unabh\u00e4ngig von deren Alter f\u00f6rdern und unterst\u00fctzen<\/li>\n<li><img decoding=\"async\" class=\"uk-margin-small-right uk-text-primary\" src=\"\/wp-content\/uploads\/pricing-check.svg\" uk-svg=\"\" \/> generationen\u00fcbergreifende Teams erfolgreich managen<\/li>\n<\/ul>\n<\/div>\n<p><a href=\"https:\/\/e-trainingcentre.gr\/course\/view.php?id=80\">Eingang<\/a><\/p>\n<\/div>\n<div>\n<div>\n<p><strong>Am Hintergrund des Trainings interessiert?<\/strong><\/p>\n<\/div>\n<p><a href=\"https:\/\/inclusiveworkplace.eu\/wp-content\/uploads\/2021\/10\/Synthesis_Report_INSPIRER_final_with-reviewers.pdf\">Lesen Sie den Bericht &#8222;Generationen\u00fcbergreifende Arbeitskultur in Unternehmen&#8220;<\/a><\/p>\n<\/div>\n<div>\n<p>360\u00b0 Assessment Tool zur generationen\u00fcbergreifenden Arbeitsplatzkultur<\/p>\n<div>\n<p>Das Tool bietet einen ganzheitlichen Ansatz zur Bewertung der Kultur Ihres Unternehmens.<\/p>\n<p>Es unterst\u00fctzt Ihre F\u00fchrungskr\u00e4fte und Mitarbeiter (\u00fcber und unter 55) dabei, die Elemente zu messen, die ein generationen\u00fcbergreifendes Arbeitsumfeld ausmachen.Es liefert Ihnen auch Vorschl\u00e4ge und Strategien, was jede Seite umsetzen sollte, um die Zusammenarbeit zwischen den beteiligten Generationen zu verbessern.<\/p>\n<p>Das Tool kann vor und nach jeder Trainingseinheit verwendet werden, um die Wirkungen und Ergebnisse zu bewerten.<\/p>\n<\/div>\n<p><a href=\"https:\/\/inspirerv2.cfserver3.net\/de\">360\u00b0 Assessment Tool<\/a><\/p>\n<\/div>\n<div>\n<p>Generationen\u00fcbergreifendes \/ Reverse Mentoring zu digitalen Technologien<\/p>\n<div>\n<p>Diese Plattform ist ein wertvolles Werkzeug, um Reverse Mentoring in Ihrem Unternehmen oder Ihrer Organisation zu implementieren. Sie fungiert als sicherer Raum, in dem jeweils einen j\u00fcngeren und einen \u00e4lteren Mitarbeitenden zusammenzubringen, um sich gegenseitig Mentoring zu neuen Technologien oder speziellen Fachgebieten anzubieten und Erfahrungen auszutauschen. \u00c4ltere Mitarbeiter profitieren von der Expertise der J\u00fcngeren in Bezug auf digitale F\u00e4higkeiten und die J\u00fcngeren erhalten Einblicke in Kommunikation und andere dringend ben\u00f6tigte Soft Skills.<\/p>\n<\/div>\n<p><a href=\"https:\/\/mentoring.inclusiveworkplace.eu\/de\/welcome\/\">Mentoring Space<\/a><\/p>\n<\/div>\n<div>\n<p>Projekt INSPIRER &#8211; Inklusive Arbeitspl\u00e4tze f\u00fcr \u00e4ltere Arbeitnehmer [2020-1-SK01-KA204-078253]<\/p>\n<\/div>\n<div>\n<p>Die Unterst\u00fctzung der Europ\u00e4ischen Kommission f\u00fcr die Erstellung dieser Ver\u00f6ffentlichung stellt keine Billigung des Inhalts dar, welcher nur die Ansichten der Verfasser wiedergibt, und die Kommission kann nicht f\u00fcr eine etwaige Verwendung der darin enthaltenen Informationen haftbar gemacht werden.<\/p>\n<\/div>\n<p><img decoding=\"async\" src=\"\/wp-content\/uploads\/2021\/08\/logosbeneficaireserasmusright_de_0-1.jpg\" alt=\"\"><\/p>\n<p><!--more--><br \/>\n<!-- {\"name\":\"Pricing\",\"type\":\"layout\",\"children\":[{\"name\":\"Hero\",\"type\":\"section\",\"props\":{\"style\":\"default\",\"width\":\"default\",\"vertical_align\":\"middle\",\"title_position\":\"top-left\",\"title_rotation\":\"left\",\"title_breakpoint\":\"xl\",\"image_position\":\"bottom-center\",\"image\":\"wp-content\\\/uploads\\\/pricing-hero-bg.svg\",\"image_size\":\"cover\",\"header_transparent_noplaceholder\":false,\"padding\":\"large\",\"animation\":\"slide-bottom-medium\",\"animation_delay\":\"200\",\"padding_remove_bottom\":false},\"children\":[{\"name\":\"\",\"type\":\"row\",\"children\":[{\"name\":\"\",\"type\":\"column\",\"props\":{\"image_position\":\"center-center\",\"text_color\":\"light\",\"media_overlay_gradient\":\"\",\"width_medium\":\"1-1\",\"position_sticky_breakpoint\":\"m\"},\"children\":[{\"name\":\"\",\"type\":\"headline\",\"props\":{\"title_element\":\"h1\",\"content\":\"INSPIRER Projekt - Angebote\",\"text_align\":\"center\",\"title_style\":\"heading-medium\",\"margin\":\"large\",\"margin_remove_bottom\":false}}]}]},{\"name\":\"\",\"type\":\"row\",\"props\":{\"layout\":\"1-3,1-3,1-3\",\"margin\":\"xlarge\"},\"children\":[{\"name\":\"\",\"type\":\"column\",\"props\":{\"image_position\":\"center-center\",\"media_overlay_gradient\":\"\",\"width_medium\":\"1-3\",\"position_sticky_breakpoint\":\"m\"},\"children\":[{\"name\":\"\",\"type\":\"panel\",\"props\":{\"link_text\":\"Eingang\",\"title_element\":\"div\",\"meta_style\":\"h4\",\"meta_align\":\"above-title\",\"image_align\":\"top\",\"image_grid_width\":\"1-2\",\"link_style\":\"secondary\",\"margin\":\"default\",\"title\":\"\",\"meta\":\"Innovativer Schulungskurs zur generationen\\u00fcbergreifenden Arbeitsplatzkultur\",\"content\":\"\n\n<p>Dieser innovative Kurs richtet sich an F\\u00fchrungskr\\u00e4fte, die mit generationen\\u00fcbergreifenden Teams umgehen, sowie an Personalverantwortliche und bietet n\\u00fctzliche Informationen und Trainings, um das volle Potenzial zur Unterst\\u00fctzung einer Mehrgenerationenkultur am Arbeitsplatz zu nutzen.<\\\/p>\\n\n\n<p>Lernen Sie, wie<\\\/p>\\n\n\n<ul class=\\\"uk-list\\\">\\n\n\n<li><img class=\\\"uk-margin-small-right uk-text-primary\\\" src=\\\"wp-content\\\/uploads\\\/pricing-check.svg\\\" uk-svg=\\\"\\\" \\\/>\\u00a0die F\\u00e4higkeiten Ihrer Mitarbeiter unabh\\u00e4ngig von deren Alter f\\u00f6rdern und unterst\\u00fctzen<\\\/li>\\n\n\n<li><img class=\\\"uk-margin-small-right uk-text-primary\\\" src=\\\"wp-content\\\/uploads\\\/pricing-check.svg\\\" uk-svg=\\\"\\\" \\\/> generationen\\u00fcbergreifende Teams erfolgreich managen<\\\/li>\\n<\\\/ul>\",\"link\":\"https:\\\/\\\/e-trainingcentre.gr\\\/course\\\/view.php?id=80\",\"panel_style\":\"card-default\",\"title_style\":\"heading-large\",\"image\":\"\",\"link_size\":\"large\",\"text_align\":\"left\",\"text_align_breakpoint\":\"m\",\"text_align_fallback\":\"center\",\"maxwidth\":\"large\",\"image_svg_color\":\"emphasis\",\"block_align\":\"center\",\"title_hover_style\":\"reset\",\"title_align\":\"top\",\"title_grid_width\":\"1-2\",\"title_grid_breakpoint\":\"m\",\"image_grid_breakpoint\":\"m\",\"icon_width\":80,\"meta_element\":\"h2\",\"content_column_breakpoint\":\"m\",\"panel_padding\":\"default\"}},{\"type\":\"panel\",\"props\":{\"link_text\":\"Lesen Sie den Bericht \\\"Generationen\\u00fcbergreifende Arbeitskultur in Unternehmen\\\"\",\"title_hover_style\":\"reset\",\"title_element\":\"h3\",\"title_align\":\"top\",\"title_grid_width\":\"1-2\",\"title_grid_breakpoint\":\"m\",\"meta_style\":\"meta\",\"meta_align\":\"below-title\",\"meta_element\":\"div\",\"content_column_breakpoint\":\"m\",\"icon_width\":80,\"image_align\":\"top\",\"image_grid_width\":\"1-2\",\"image_grid_breakpoint\":\"m\",\"image_svg_color\":\"emphasis\",\"link_style\":\"text\",\"margin\":\"default\",\"content\":\"\n\n<p><strong>Am Hintergrund des Trainings interessiert?<\\\/strong><\\\/p>\",\"link\":\"https:\\\/\\\/inclusiveworkplace.eu\\\/wp-content\\\/uploads\\\/2021\\\/10\\\/Synthesis_Report_INSPIRER_final_with-reviewers.pdf\",\"panel_style\":\"card-primary\",\"content_style\":\"meta\",\"link_size\":\"small\",\"panel_padding\":\"small\"}}]},{\"name\":\"\",\"type\":\"column\",\"props\":{\"image_position\":\"center-center\",\"media_overlay_gradient\":\"\",\"width_medium\":\"1-3\",\"position_sticky_breakpoint\":\"m\"},\"children\":[{\"name\":\"\",\"type\":\"panel\",\"props\":{\"link_text\":\"360\\u00b0 Assessment Tool\",\"title_element\":\"div\",\"meta_style\":\"h4\",\"meta_align\":\"above-title\",\"image_align\":\"top\",\"image_grid_width\":\"1-2\",\"link_style\":\"primary\",\"margin\":\"default\",\"title\":\"\",\"meta\":\"360\\u00b0 Assessment Tool zur generationen\\u00fcbergreifenden Arbeitsplatzkultur\",\"content\":\"\n\n<p>Das Tool bietet einen ganzheitlichen Ansatz zur Bewertung der Kultur Ihres Unternehmens.<\\\/p>\\n\n\n<p>Es unterst\\u00fctzt Ihre F\\u00fchrungskr\\u00e4fte und Mitarbeiter (\\u00fcber und unter 55) dabei, die Elemente zu messen, die ein generationen\\u00fcbergreifendes Arbeitsumfeld ausmachen.Es liefert Ihnen auch Vorschl\\u00e4ge und Strategien, was jede Seite umsetzen sollte, um die Zusammenarbeit zwischen den beteiligten Generationen zu verbessern.<\\\/p>\\n\n\n<p>Das Tool kann vor und nach jeder Trainingseinheit verwendet werden, um die Wirkungen und Ergebnisse zu bewerten.<\\\/p>\",\"link\":\"https:\\\/\\\/inspirerv2.cfserver3.net\\\/de\",\"panel_style\":\"card-default\",\"title_style\":\"heading-large\",\"image\":\"\",\"link_size\":\"large\",\"text_align\":\"left\",\"text_align_breakpoint\":\"m\",\"text_align_fallback\":\"center\",\"maxwidth\":\"large\",\"image_svg_color\":\"emphasis\",\"block_align\":\"center\",\"title_hover_style\":\"reset\",\"title_align\":\"top\",\"title_grid_width\":\"1-2\",\"title_grid_breakpoint\":\"m\",\"image_grid_breakpoint\":\"m\",\"icon_width\":80,\"meta_element\":\"h2\",\"content_column_breakpoint\":\"m\",\"panel_padding\":\"default\",\"link_target\":true}}]},{\"name\":\"\",\"type\":\"column\",\"props\":{\"image_position\":\"center-center\",\"media_overlay_gradient\":\"\",\"width_medium\":\"1-3\",\"position_sticky_breakpoint\":\"m\"},\"children\":[{\"name\":\"\",\"type\":\"panel\",\"props\":{\"link_text\":\"Mentoring Space\",\"title_element\":\"div\",\"meta_style\":\"h4\",\"meta_align\":\"above-title\",\"image_align\":\"top\",\"image_grid_width\":\"1-2\",\"link_style\":\"primary\",\"margin\":\"default\",\"title\":\"\",\"meta\":\"Generationen\\u00fcbergreifendes \\\/ Reverse Mentoring zu digitalen Technologien\",\"content\":\"\n\n<p>Diese Plattform ist ein wertvolles Werkzeug, um Reverse Mentoring in Ihrem Unternehmen oder Ihrer Organisation zu implementieren. Sie fungiert als sicherer Raum, in dem jeweils einen j\\u00fcngeren und einen \\u00e4lteren Mitarbeitenden zusammenzubringen, um sich gegenseitig Mentoring zu neuen Technologien oder speziellen Fachgebieten anzubieten und Erfahrungen auszutauschen. \\u00c4ltere Mitarbeiter profitieren von der Expertise der J\\u00fcngeren in Bezug auf digitale F\\u00e4higkeiten und die J\\u00fcngeren erhalten Einblicke in Kommunikation und andere dringend ben\\u00f6tigte Soft Skills.<\\\/p>\",\"link\":\"https:\\\/\\\/mentoring.inclusiveworkplace.eu\\\/de\\\/welcome\\\/\",\"panel_style\":\"card-default\",\"title_style\":\"heading-large\",\"image\":\"\",\"link_size\":\"large\",\"text_align\":\"left\",\"text_align_breakpoint\":\"m\",\"text_align_fallback\":\"center\",\"maxwidth\":\"large\",\"image_svg_color\":\"emphasis\",\"block_align\":\"center\",\"title_hover_style\":\"reset\",\"title_align\":\"top\",\"title_grid_width\":\"1-2\",\"title_grid_breakpoint\":\"m\",\"image_grid_breakpoint\":\"m\",\"icon_width\":80,\"meta_element\":\"h2\",\"content_column_breakpoint\":\"m\",\"panel_padding\":\"default\"}}]}]}]},{\"type\":\"section\",\"props\":{\"style\":\"default\",\"width\":\"default\",\"vertical_align\":\"middle\",\"title_position\":\"top-left\",\"title_rotation\":\"left\",\"title_breakpoint\":\"xl\",\"image_position\":\"center-center\"},\"children\":[{\"type\":\"row\",\"props\":{\"layout\":\"1-2,1-2\"},\"children\":[{\"type\":\"column\",\"props\":{\"image_position\":\"center-center\",\"media_overlay_gradient\":\"\",\"width_medium\":\"1-2\",\"position_sticky_breakpoint\":\"m\"},\"children\":[{\"type\":\"text\",\"props\":{\"margin\":\"default\",\"column_breakpoint\":\"m\",\"content\":\"\n\n<p>Projekt INSPIRER - Inklusive Arbeitspl\\u00e4tze f\\u00fcr \\u00e4ltere Arbeitnehmer [2020-1-SK01-KA204-078253]<\\\/p>\",\"text_style\":\"meta\",\"text_color\":\"emphasis\"},\"modified\":\"2021-08-03T09:10:16.629Z\",\"name\":\"footer 1 de\"},{\"type\":\"text\",\"props\":{\"margin\":\"default\",\"column_breakpoint\":\"m\",\"content\":\"\n\n<p>Die Unterst\\u00fctzung der Europ\\u00e4ischen Kommission f\\u00fcr die Erstellung dieser Ver\\u00f6ffentlichung stellt keine Billigung des Inhalts dar, welcher nur die Ansichten der Verfasser wiedergibt, und die Kommission kann nicht f\\u00fcr eine etwaige Verwendung der darin enthaltenen Informationen haftbar gemacht werden.<\\\/p>\",\"text_style\":\"meta\",\"text_color\":\"emphasis\"},\"modified\":\"2021-08-03T09:10:22.436Z\",\"name\":\"footer 2 de\"}]},{\"type\":\"column\",\"props\":{\"image_position\":\"center-center\",\"media_overlay_gradient\":\"\",\"width_medium\":\"1-2\",\"position_sticky_breakpoint\":\"m\"},\"children\":[{\"type\":\"image\",\"props\":{\"margin\":\"default\",\"image_svg_color\":\"emphasis\",\"image\":\"wp-content\\\/uploads\\\/2021\\\/08\\\/logosbeneficaireserasmusright_de_0-1.jpg\",\"image_width\":\"400\",\"text_align\":\"center\"},\"modified\":\"2021-08-03T09:10:26.900Z\",\"name\":\"footer 3 de\"}]}]}]}],\"version\":\"2.7.22\"} --><\/p>\n","protected":false},"excerpt":{"rendered":"<p>INSPIRER Projekt &#8211; Angebote Innovativer Schulungskurs zur generationen\u00fcbergreifenden Arbeitsplatzkultur Dieser innovative Kurs richtet sich an F\u00fchrungskr\u00e4fte, die mit generationen\u00fcbergreifenden Teams umgehen, sowie an Personalverantwortliche und bietet n\u00fctzliche Informationen und Trainings, um das volle Potenzial zur Unterst\u00fctzung einer Mehrgenerationenkultur am Arbeitsplatz zu nutzen. Lernen Sie, wie \u00a0die F\u00e4higkeiten Ihrer Mitarbeiter unabh\u00e4ngig von deren Alter f\u00f6rdern und [&hellip;]<\/p>\n","protected":false},"author":1,"featured_media":0,"parent":0,"menu_order":0,"comment_status":"closed","ping_status":"closed","template":"","meta":[],"_links":{"self":[{"href":"https:\/\/inclusiveworkplace.eu\/de\/wp-json\/wp\/v2\/pages\/489"}],"collection":[{"href":"https:\/\/inclusiveworkplace.eu\/de\/wp-json\/wp\/v2\/pages"}],"about":[{"href":"https:\/\/inclusiveworkplace.eu\/de\/wp-json\/wp\/v2\/types\/page"}],"author":[{"embeddable":true,"href":"https:\/\/inclusiveworkplace.eu\/de\/wp-json\/wp\/v2\/users\/1"}],"replies":[{"embeddable":true,"href":"https:\/\/inclusiveworkplace.eu\/de\/wp-json\/wp\/v2\/comments?post=489"}],"version-history":[{"count":10,"href":"https:\/\/inclusiveworkplace.eu\/de\/wp-json\/wp\/v2\/pages\/489\/revisions"}],"predecessor-version":[{"id":1466,"href":"https:\/\/inclusiveworkplace.eu\/de\/wp-json\/wp\/v2\/pages\/489\/revisions\/1466"}],"wp:attachment":[{"href":"https:\/\/inclusiveworkplace.eu\/de\/wp-json\/wp\/v2\/media?parent=489"}],"curies":[{"name":"wp","href":"https:\/\/api.w.org\/{rel}","templated":true}]}}