{"id":486,"date":"2021-03-18T14:04:45","date_gmt":"2021-03-18T14:04:45","guid":{"rendered":"https:\/\/inclusiveworkplace.eu\/about-us\/"},"modified":"2021-12-10T08:38:55","modified_gmt":"2021-12-10T08:38:55","slug":"about-us","status":"publish","type":"page","link":"https:\/\/inclusiveworkplace.eu\/de\/about-us\/","title":{"rendered":"\u00dcber uns"},"content":{"rendered":"<h1>\u00dcber uns<\/h1>\n<div>\n<p>INSPIRER ist ein europ\u00e4isches Erasmus+ Projekt, das darauf abzielt, durch innovative und integrierte Ans\u00e4tze Gleichberechtigung und Vielfalt am Arbeitsplatz zu f\u00f6rdern, und zwar f\u00fcr Unternehmen, die sowohl j\u00fcngere als auch \u00e4ltere Mitarbeitende besch\u00e4ftigen.<\/p>\n<p>INSPIRER bietet Unternehmen, Organisationen, Managern und Mitarbeitenden die notwendigen Werkzeuge, um Altersdiskriminierung und Ausgrenzung am Arbeitsplatz entgegenzuwirken und ein positives und integratives Arbeitsumfeld f\u00fcr \u00e4ltere Generationen zu schaffen.<\/p>\n<p>Das Projektkonsortiumm ist ein multinationales Team von Organisationen mit langj\u00e4hriger Erfahrung im Bereich Personalwesen und Weiterbildung.<\/p>\n<p>An der Entwicklung der Projektergebnisse beteiligt sind:<\/p>\n<\/div>\n<p><a href=\"https:\/\/www.tuke.sk\"><img decoding=\"async\" src=\"\/wp-content\/uploads\/2021\/07\/TUKE_logo.jpg\" alt=\"TUKE logo\"><\/a><\/p>\n<h3>TECHNICKA UNIVERZITA V KOSICIACH &#8211; Slowakei<\/h3>\n<div>\n<p>Die Technische Universit\u00e4t Kosice (TUKE) ist eine \u00f6ffentliche Universit\u00e4t, die sich mit Hochschulbildung und internationaler Zusammenarbeit in den Bereichen Bildung und Forschung befasst, die Verbindungen mit Institutionen im privaten und \u00f6ffentlichen Sektor f\u00f6rdert und so sowohl auf die Bedarfe im Hochschulbereich als auch die der Gesellschaft im Allgemeinen reagiert. TUKE deckt eine breite Palette an Bildungsbed\u00fcrfnissen ab, nicht nur in der ostslowakischen Region, sondern in der gesamten Slowakei und in Mitteleuropa, was sich an Alleinstellungmerkmalen in vielen Fachbereichen der Bildung und Forschung ablesen l\u00e4sst.<\/p>\n<\/div>\n<p><a href=\"https:\/\/astra-ngo.sk\/en\/\"><img decoding=\"async\" src=\"\/wp-content\/uploads\/2021\/07\/astra_logo_en.png\" alt=\"ASTRA logo\"><\/a><\/p>\n<h3>ASTRA &#8211; ZDRUZENIE PRE INOVACIE A ROZVOJ \u2013 Slowakei<\/h3>\n<div>\n<p>ASTRA ist eine nichtstaatliche, unabh\u00e4ngige und ehrenamtliche Vereinigung, die 1998 gegr\u00fcndet wurde. <\/p>\n<p>ASTRA ist ein bekannter Partner und Anbieter von Projekten und Aktivit\u00e4ten in folgenden Bereichen: Bildungs- und Trainingsaktivit\u00e4ten (eLearning, WBL &amp; Fernunterricht), F\u00f6rderung der sozialen Inklusion, Vorbereitung von Regionen und St\u00e4dten auf die Entwicklung einschlie\u00dflich der Vorbereitung von Pl\u00e4nen &amp; Entwicklungsprogrammen sowie Transfer von Wissen und F\u00e4higkeiten in der regionalen Entwicklung und Weiterbildung von Menschen aus und in der Slowakei.<\/p>\n<\/div>\n<p><a href=\"https:\/\/www.idec.gr\/\"><img decoding=\"async\" src=\"\/wp-content\/uploads\/2021\/07\/idec_logo.jpg\" alt=\"IDEC logo\"><\/a><\/p>\n<h3>IDEC \u2013 Griechenland<\/h3>\n<div>\n<p>IDEC ist ein Schulungs- und Beratungsunternehmen mit Sitz in Pir\u00e4us, Griechenland. Seine Aktivit\u00e4ten bestehen aus Training, Managementberatung, Qualit\u00e4tssicherung, Evaluierung und Entwicklung von IKT-L\u00f6sungen f\u00fcr den privaten und \u00f6ffentlichen Sektor. Zu den Kunden von IDEC geh\u00f6ren sowohl KMUs als auch gr\u00f6\u00dfere griechische Unternehmen aus den unterschiedlichsten Branchen. IDEC verf\u00fcgt \u00fcber umfangreiche Erfahrungen in EU-Projekten sowohl als Bildungsanbieter als auch als Unternehmensberatung und hat zahlreiche E-Learning-Kurse, Plattformen, Lernspiele sowie Benchmarking- und Selbstbewertungsinstrumente f\u00fcr verschiedene Zielgruppen entwickelt. Wichtige Themen dabei sind u.a. Digitalisierung, Innovationsmanagement, Qualit\u00e4tssicherung, Design Thinking, Gamification, Soft Skills, Medienkompetenz und interkulturelle Kompetenzen.<\/p>\n<\/div>\n<p><a href=\"http:\/\/trebag.hu\/\"><img decoding=\"async\" src=\"\/wp-content\/uploads\/2021\/07\/TREBAG_logo.png\" alt=\"TREBAG logo\"><\/a><\/p>\n<h3>TREBAG KFT &#8211; Ungarn<\/h3>\n<div>\n<p>Trebag Intellectual Property and Project Manager Ltd ist ein ungarisches Privatunternehmen und Living Lab mit einem riesigen Netzwerk auf lokaler und regionaler Ebene unter Interessenvertretern und Akteuren in Wirtschaft und Bildung. Es hat seinen Sitz in einem Vorort von Budapest, Ungarn. Sein Hauptt\u00e4tigkeitsfeld ist Forschung &amp; Entwicklung &amp; Innovation sowie die Entwicklung von Schulungsmaterialien, die F\u00f6rderung von Bildung in der Gesellschaft zum Nutzen der lokalen und regionalen Gemeinschaften.<\/p>\n<\/div>\n<p><a href=\"https:\/\/www.vhs-cham.de\/\"><img decoding=\"async\" src=\"\/wp-content\/uploads\/2021\/07\/vhs_logo.png\" alt=\"VHS Cham logo\"><\/a><\/p>\n<h3>Volkshochschule im Landkreis Cham e.V. &#8211; Deutschland<\/h3>\n<div>\n<p>Die Volkshochschule im Landkreis Cham e.V. ist ein eingetragener, gemeinn\u00fctziger Verein in der Oberpfalz. Sie agiert auf regionaler Ebene und bietet Kurse in den Bereichen Gesellschaft, Beruf, Sprachen, Gesundheit, Kultur und Spezial (Zweiter Bildungsweg und Alphabetisierungsprogramme) an. Der \u00fcberwiegende Teil der Aktivit\u00e4ten richtet sich an Jugendliche, Menschen ohne Arbeit, die Generation 50+, Zugewanderte und Menschen, die sich beruflich neu orientieren m\u00f6chten. Im Rahmen dieser Ma\u00dfnahmen werden Beratungsaktivit\u00e4ten,Schulungs- und Bildungsaktivit\u00e4ten in Zusammenarbeit mit lokalen und regionalen Arbeitgebern durchgef\u00fchrt. Die VHS Cham hat ein zentrales Interesse an der Qualit\u00e4t der beruflichen Bildung, da viele Unternehmen in der Region aufgrund der niedrigen Arbeitslosenquote mit einem Fachkr\u00e4ftemangel zu k\u00e4mpfen haben. Die VHS Cham hat im Laufe der Jahre viel Erfahrung bei der Koordination und als Partnerorganisation in europ\u00e4ischen Projekten gesammelt.<\/p>\n<\/div>\n<p><a href=\"https:\/\/www.obes.gr\/\"><img decoding=\"async\" src=\"\/wp-content\/uploads\/2021\/07\/OBES_logo.jpg\" alt=\"OBES logo\"><\/a><\/p>\n<h3>OBES \u2013 Griechenland<\/h3>\n<div>\n<p>OBES ist der Verband der Industriearbeitergewerkschaften in Griechenland und hat 32 Mitglieder, Gewerkschaften aus Industrieunternehmen in ganz Griechenland. OBES kann zahlreiche Erfahrungen im Bereich der F\u00f6rderung und Konsultation sowohl auf nationaler als auch auf internationaler Ebene vorweisen. Auf nationaler Ebene gilt OBES als Anlaufstelle f\u00fcr Fachwissen bez\u00fcglich Europ\u00e4ischer Betriebsr\u00e4te (European Works Councils &#8211; EWC). Eines der Hauptziele von OBES ist es, mit Organisationen in Griechenland und im Ausland zusammenzuarbeiten, um gemeinsame Probleme und Bed\u00fcrfnisse von Arbeitern und Arbeitnehmern im Allgemeinen zu l\u00f6sen.<\/p>\n<\/div>\n<p><a href=\"http:\/\/www.ccilux.eu\/home\"><img decoding=\"async\" src=\"\/wp-content\/uploads\/2021\/07\/CCIL_logo.png\" alt=\"CCIL logo\"><\/a><\/p>\n<h3>CAMERA DI COMMERCIO ITALO-LUSSEMBURGHESE &#8211; Luxemburg<\/h3>\n<div>\n<p>Die Camera di Commercio Italo-Lussemburghese ist ein 1990 gegr\u00fcndeter gemeinn\u00fctziger Verein, der vom italienischen Au\u00dfenhandelsministerium anerkannt ist und unter der Schirmherrschaft des Ministeriums f\u00fcr ausw\u00e4rtige Angelegenheiten und Handel der luxemburgischen Regierung sowie der italienischen Botschaft in Luxemburg steht. Als Mitglied des Netzwerks der italienischen Auslandshandelskammern ist die CCIL zu einem Bezugspunkt f\u00fcr die meisten italienischen Unternehmen geworden, die in Luxemburg t\u00e4tig werden wollen, sowie f\u00fcr die lokalen und regionalen Beh\u00f6rden, die ihre Produkte und Dienstleistungen im geografischen und institutionellen Herzen Europas vermarkten m\u00f6chten.<\/p>\n<\/div>\n<div>\n<p>Projekt INSPIRER &#8211; Inklusive Arbeitspl\u00e4tze f\u00fcr \u00e4ltere Arbeitnehmer [2020-1-SK01-KA204-078253]<\/p>\n<\/div>\n<div>\n<p>Die Unterst\u00fctzung der Europ\u00e4ischen Kommission f\u00fcr die Erstellung dieser Ver\u00f6ffentlichung stellt keine Billigung des Inhalts dar, welcher nur die Ansichten der Verfasser wiedergibt, und die Kommission kann nicht f\u00fcr eine etwaige Verwendung der darin enthaltenen Informationen haftbar gemacht werden.<\/p>\n<\/div>\n<p><img decoding=\"async\" src=\"\/wp-content\/uploads\/2021\/08\/logosbeneficaireserasmusright_de_0-1.jpg\" alt=\"\"><\/p>\n<p><!--more--><br \/>\n<!-- {\"name\":\"Extensions\",\"type\":\"layout\",\"children\":[{\"name\":\"Hero\",\"type\":\"section\",\"props\":{\"style\":\"primary\",\"width\":\"default\",\"vertical_align\":\"\",\"title_position\":\"top-left\",\"title_rotation\":\"left\",\"title_breakpoint\":\"xl\",\"image_position\":\"bottom-center\",\"image\":\"\",\"text_color\":\"light\",\"height\":\"expand\",\"image_size\":\"cover\",\"image_width\":\"2560\",\"header_transparent_noplaceholder\":false,\"animation\":\"fade\",\"padding\":\"large\",\"padding_remove_top\":false},\"children\":[{\"name\":\"\",\"type\":\"row\",\"children\":[{\"name\":\"\",\"type\":\"column\",\"props\":{\"image_position\":\"center-center\",\"media_overlay_gradient\":\"\",\"width_medium\":\"1-1\"},\"children\":[{\"name\":\"\",\"type\":\"headline\",\"props\":{\"title_element\":\"h1\",\"content\":\"\\u00dcber uns\",\"title_style\":\"heading-medium\",\"maxwidth\":\"large\"}}]}]}]},{\"type\":\"section\",\"props\":{\"style\":\"default\",\"width\":\"default\",\"vertical_align\":\"middle\",\"title_position\":\"top-left\",\"title_rotation\":\"left\",\"title_breakpoint\":\"xl\",\"image_position\":\"center-center\",\"title\":\"About\"},\"children\":[{\"type\":\"row\",\"children\":[{\"type\":\"column\",\"props\":{\"image_position\":\"center-center\",\"media_overlay_gradient\":\"\"},\"children\":[{\"type\":\"text\",\"props\":{\"margin\":\"default\",\"column_breakpoint\":\"m\",\"content\":\"\n\n<p>INSPIRER ist ein europ\\u00e4isches Erasmus+ Projekt, das darauf abzielt, durch innovative und integrierte Ans\\u00e4tze Gleichberechtigung und Vielfalt am Arbeitsplatz zu f\\u00f6rdern, und zwar f\\u00fcr Unternehmen, die sowohl j\\u00fcngere als auch \\u00e4ltere Mitarbeitende besch\\u00e4ftigen.<\\\/p>\\n\n\n<p>INSPIRER bietet Unternehmen, Organisationen, Managern und Mitarbeitenden die notwendigen Werkzeuge, um Altersdiskriminierung und Ausgrenzung am Arbeitsplatz entgegenzuwirken und ein positives und integratives Arbeitsumfeld f\\u00fcr \\u00e4ltere Generationen zu schaffen.<\\\/p>\\n\n\n<p>Das Projektkonsortiumm ist ein multinationales Team von Organisationen mit langj\\u00e4hriger Erfahrung im Bereich Personalwesen und Weiterbildung.<\\\/p>\\n\n\n<p>An der Entwicklung der Projektergebnisse beteiligt sind:<\\\/p>\",\"dropcap\":false,\"text_style\":\"lead\"}}]}]},{\"type\":\"row\",\"props\":{\"layout\":\"1-2,1-2\"},\"children\":[{\"type\":\"column\",\"props\":{\"image_position\":\"center-center\",\"media_overlay_gradient\":\"\",\"width_medium\":\"1-2\"},\"children\":[{\"type\":\"image\",\"props\":{\"margin\":\"default\",\"image_svg_color\":\"emphasis\",\"image\":\"wp-content\\\/uploads\\\/2021\\\/07\\\/TUKE_logo.jpg\",\"image_alt\":\"TUKE logo\",\"image_height\":\"200\",\"link\":\"https:\\\/\\\/www.tuke.sk\",\"link_target\":\"blank\",\"text_align\":\"center\"}}]},{\"type\":\"column\",\"props\":{\"image_position\":\"center-center\",\"media_overlay_gradient\":\"\",\"width_medium\":\"1-2\"},\"children\":[{\"type\":\"headline\",\"props\":{\"title_element\":\"h3\",\"content\":\"TECHNICKA UNIVERZITA V KOSICIACH - Slowakei\"}},{\"type\":\"text\",\"props\":{\"margin\":\"default\",\"column_breakpoint\":\"m\",\"content\":\"\n\n<p>Die Technische Universit\\u00e4t Kosice (TUKE) ist eine \\u00f6ffentliche Universit\\u00e4t, die sich mit Hochschulbildung und internationaler Zusammenarbeit in den Bereichen Bildung und Forschung befasst, die Verbindungen mit Institutionen im privaten und \\u00f6ffentlichen Sektor f\\u00f6rdert und so sowohl auf die Bedarfe im Hochschulbereich als auch die der Gesellschaft im Allgemeinen reagiert. TUKE deckt eine breite Palette an Bildungsbed\\u00fcrfnissen ab, nicht nur in der ostslowakischen Region, sondern in der gesamten Slowakei und in Mitteleuropa, was sich an Alleinstellungmerkmalen in vielen Fachbereichen der Bildung und Forschung ablesen l\\u00e4sst.<\\\/p>\"}}]}]},{\"type\":\"row\",\"props\":{\"layout\":\"1-2,1-2\"},\"children\":[{\"type\":\"column\",\"props\":{\"image_position\":\"center-center\",\"media_overlay_gradient\":\"\",\"width_medium\":\"1-2\"},\"children\":[{\"type\":\"image\",\"props\":{\"margin\":\"default\",\"image_svg_color\":\"emphasis\",\"image\":\"wp-content\\\/uploads\\\/2021\\\/07\\\/astra_logo_en.png\",\"image_alt\":\"ASTRA logo\",\"link\":\"https:\\\/\\\/astra-ngo.sk\\\/en\\\/\",\"link_target\":\"blank\",\"image_height\":\"100\",\"text_align\":\"center\",\"position_top\":\"590\"}}]},{\"type\":\"column\",\"props\":{\"image_position\":\"center-center\",\"media_overlay_gradient\":\"\",\"width_medium\":\"1-2\"},\"children\":[{\"type\":\"headline\",\"props\":{\"title_element\":\"h3\",\"content\":\"ASTRA - ZDRUZENIE PRE INOVACIE A ROZVOJ \\u2013 Slowakei\"}},{\"type\":\"text\",\"props\":{\"margin\":\"default\",\"column_breakpoint\":\"m\",\"content\":\"\n\n<p>ASTRA ist eine nichtstaatliche, unabh\\u00e4ngige und ehrenamtliche Vereinigung, die 1998 gegr\\u00fcndet wurde. <br \\\/><br \\\/>ASTRA ist ein bekannter Partner und Anbieter von Projekten und Aktivit\\u00e4ten in folgenden Bereichen: Bildungs- und Trainingsaktivit\\u00e4ten (eLearning, WBL &amp; Fernunterricht), F\\u00f6rderung der sozialen Inklusion, Vorbereitung von Regionen und St\\u00e4dten auf die Entwicklung einschlie\\u00dflich der Vorbereitung von Pl\\u00e4nen &amp; Entwicklungsprogrammen sowie Transfer von Wissen und F\\u00e4higkeiten in der regionalen Entwicklung und Weiterbildung von Menschen aus und in der Slowakei.<\\\/p>\"}}]}]},{\"type\":\"row\",\"props\":{\"layout\":\"1-2,1-2\"},\"children\":[{\"type\":\"column\",\"props\":{\"image_position\":\"center-center\",\"media_overlay_gradient\":\"\",\"width_medium\":\"1-2\"},\"children\":[{\"type\":\"image\",\"props\":{\"margin\":\"default\",\"image_svg_color\":\"emphasis\",\"image\":\"wp-content\\\/uploads\\\/2021\\\/07\\\/idec_logo.jpg\",\"image_alt\":\"IDEC logo\",\"link\":\"https:\\\/\\\/www.idec.gr\\\/\",\"link_target\":\"blank\",\"text_align\":\"center\"}}]},{\"type\":\"column\",\"props\":{\"image_position\":\"center-center\",\"media_overlay_gradient\":\"\",\"width_medium\":\"1-2\"},\"children\":[{\"type\":\"headline\",\"props\":{\"title_element\":\"h3\",\"content\":\"IDEC \\u2013 Griechenland\"}},{\"type\":\"text\",\"props\":{\"margin\":\"default\",\"column_breakpoint\":\"m\",\"content\":\"\n\n<p>IDEC ist ein Schulungs- und Beratungsunternehmen mit Sitz in Pir\\u00e4us, Griechenland. Seine Aktivit\\u00e4ten bestehen aus Training, Managementberatung, Qualit\\u00e4tssicherung, Evaluierung und Entwicklung von IKT-L\\u00f6sungen f\\u00fcr den privaten und \\u00f6ffentlichen Sektor. Zu den Kunden von IDEC geh\\u00f6ren sowohl KMUs als auch gr\\u00f6\\u00dfere griechische Unternehmen aus den unterschiedlichsten Branchen. IDEC verf\\u00fcgt \\u00fcber umfangreiche Erfahrungen in EU-Projekten sowohl als Bildungsanbieter als auch als Unternehmensberatung und hat zahlreiche E-Learning-Kurse, Plattformen, Lernspiele sowie Benchmarking- und Selbstbewertungsinstrumente f\\u00fcr verschiedene Zielgruppen entwickelt. Wichtige Themen dabei sind u.a. Digitalisierung, Innovationsmanagement, Qualit\\u00e4tssicherung, Design Thinking, Gamification, Soft Skills, Medienkompetenz und interkulturelle Kompetenzen.<\\\/p>\"}}]}]},{\"type\":\"row\",\"props\":{\"layout\":\"1-2,1-2\"},\"children\":[{\"type\":\"column\",\"props\":{\"image_position\":\"center-center\",\"media_overlay_gradient\":\"\",\"width_medium\":\"1-2\"},\"children\":[{\"type\":\"image\",\"props\":{\"margin\":\"default\",\"image_svg_color\":\"emphasis\",\"image\":\"wp-content\\\/uploads\\\/2021\\\/07\\\/TREBAG_logo.png\",\"image_alt\":\"TREBAG logo\",\"link\":\"http:\\\/\\\/trebag.hu\\\/\",\"link_target\":\"blank\",\"text_align\":\"center\"}}]},{\"type\":\"column\",\"props\":{\"image_position\":\"center-center\",\"media_overlay_gradient\":\"\",\"width_medium\":\"1-2\"},\"children\":[{\"type\":\"headline\",\"props\":{\"title_element\":\"h3\",\"content\":\"TREBAG KFT - Ungarn\"}},{\"type\":\"text\",\"props\":{\"margin\":\"default\",\"column_breakpoint\":\"m\",\"content\":\"\n\n<p>Trebag Intellectual Property and Project Manager Ltd ist ein ungarisches Privatunternehmen und Living Lab mit einem riesigen Netzwerk auf lokaler und regionaler Ebene unter Interessenvertretern und Akteuren in Wirtschaft und Bildung. Es hat seinen Sitz in einem Vorort von Budapest, Ungarn. Sein Hauptt\\u00e4tigkeitsfeld ist Forschung &amp; Entwicklung &amp; Innovation sowie die Entwicklung von Schulungsmaterialien, die F\\u00f6rderung von Bildung in der Gesellschaft zum Nutzen der lokalen und regionalen Gemeinschaften.<\\\/p>\"}}]}]},{\"type\":\"row\",\"props\":{\"layout\":\"1-2,1-2\"},\"children\":[{\"type\":\"column\",\"props\":{\"image_position\":\"center-center\",\"media_overlay_gradient\":\"\",\"width_medium\":\"1-2\"},\"children\":[{\"type\":\"image\",\"props\":{\"margin\":\"default\",\"image_svg_color\":\"emphasis\",\"image\":\"wp-content\\\/uploads\\\/2021\\\/07\\\/vhs_logo.png\",\"image_alt\":\"VHS Cham logo\",\"link\":\"https:\\\/\\\/www.vhs-cham.de\\\/\",\"link_target\":\"blank\",\"text_align\":\"center\",\"image_height\":\"60\"}}]},{\"type\":\"column\",\"props\":{\"image_position\":\"center-center\",\"media_overlay_gradient\":\"\",\"width_medium\":\"1-2\"},\"children\":[{\"type\":\"headline\",\"props\":{\"title_element\":\"h3\",\"content\":\"Volkshochschule im Landkreis Cham e.V. - Deutschland\"}},{\"type\":\"text\",\"props\":{\"margin\":\"default\",\"column_breakpoint\":\"m\",\"content\":\"\n\n<p>Die Volkshochschule im Landkreis Cham e.V. ist ein eingetragener, gemeinn\\u00fctziger Verein in der Oberpfalz. Sie agiert auf regionaler Ebene und bietet Kurse in den Bereichen Gesellschaft, Beruf, Sprachen, Gesundheit, Kultur und Spezial (Zweiter Bildungsweg und Alphabetisierungsprogramme) an. Der \\u00fcberwiegende Teil der Aktivit\\u00e4ten richtet sich an Jugendliche, Menschen ohne Arbeit, die Generation 50+, Zugewanderte und Menschen, die sich beruflich neu orientieren m\\u00f6chten. Im Rahmen dieser Ma\\u00dfnahmen werden Beratungsaktivit\\u00e4ten,Schulungs- und Bildungsaktivit\\u00e4ten in Zusammenarbeit mit lokalen und regionalen Arbeitgebern durchgef\\u00fchrt. Die VHS Cham hat ein zentrales Interesse an der Qualit\\u00e4t der beruflichen Bildung, da viele Unternehmen in der Region aufgrund der niedrigen Arbeitslosenquote mit einem Fachkr\\u00e4ftemangel zu k\\u00e4mpfen haben. Die VHS Cham hat im Laufe der Jahre viel Erfahrung bei der Koordination und als Partnerorganisation in europ\\u00e4ischen Projekten gesammelt.<\\\/p>\"}}]}]},{\"type\":\"row\",\"props\":{\"layout\":\"1-2,1-2\"},\"children\":[{\"type\":\"column\",\"props\":{\"image_position\":\"center-center\",\"media_overlay_gradient\":\"\",\"width_medium\":\"1-2\"},\"children\":[{\"type\":\"image\",\"props\":{\"margin\":\"default\",\"image_svg_color\":\"emphasis\",\"image\":\"wp-content\\\/uploads\\\/2021\\\/07\\\/OBES_logo.jpg\",\"image_alt\":\"OBES logo\",\"link\":\"https:\\\/\\\/www.obes.gr\\\/\",\"link_target\":\"blank\",\"text_align\":\"center\"}}]},{\"type\":\"column\",\"props\":{\"image_position\":\"center-center\",\"media_overlay_gradient\":\"\",\"width_medium\":\"1-2\"},\"children\":[{\"type\":\"headline\",\"props\":{\"title_element\":\"h3\",\"content\":\"OBES \\u2013 Griechenland\"}},{\"type\":\"text\",\"props\":{\"margin\":\"default\",\"column_breakpoint\":\"m\",\"content\":\"\n\n<p>OBES ist der Verband der Industriearbeitergewerkschaften in Griechenland und hat 32 Mitglieder, Gewerkschaften aus Industrieunternehmen in ganz Griechenland. OBES kann zahlreiche Erfahrungen im Bereich der F\\u00f6rderung und Konsultation sowohl auf nationaler als auch auf internationaler Ebene vorweisen. Auf nationaler Ebene gilt OBES als Anlaufstelle f\\u00fcr Fachwissen bez\\u00fcglich Europ\\u00e4ischer Betriebsr\\u00e4te (European Works Councils - EWC). Eines der Hauptziele von OBES ist es, mit Organisationen in Griechenland und im Ausland zusammenzuarbeiten, um gemeinsame Probleme und Bed\\u00fcrfnisse von Arbeitern und Arbeitnehmern im Allgemeinen zu l\\u00f6sen.<\\\/p>\"}}]}]},{\"type\":\"row\",\"props\":{\"layout\":\"1-2,1-2\"},\"children\":[{\"type\":\"column\",\"props\":{\"image_position\":\"center-center\",\"media_overlay_gradient\":\"\",\"width_medium\":\"1-2\"},\"children\":[{\"type\":\"image\",\"props\":{\"margin\":\"default\",\"image_svg_color\":\"emphasis\",\"image\":\"wp-content\\\/uploads\\\/2021\\\/07\\\/CCIL_logo.png\",\"image_alt\":\"CCIL logo\",\"link\":\"http:\\\/\\\/www.ccilux.eu\\\/home\",\"link_target\":\"blank\",\"text_align\":\"center\"}}]},{\"type\":\"column\",\"props\":{\"image_position\":\"center-center\",\"media_overlay_gradient\":\"\",\"width_medium\":\"1-2\"},\"children\":[{\"type\":\"headline\",\"props\":{\"title_element\":\"h3\",\"content\":\"CAMERA DI COMMERCIO ITALO-LUSSEMBURGHESE - Luxemburg\"}},{\"type\":\"text\",\"props\":{\"margin\":\"default\",\"column_breakpoint\":\"m\",\"content\":\"\n\n<p>Die Camera di Commercio Italo-Lussemburghese ist ein 1990 gegr\\u00fcndeter gemeinn\\u00fctziger Verein, der vom italienischen Au\\u00dfenhandelsministerium anerkannt ist und unter der Schirmherrschaft des Ministeriums f\\u00fcr ausw\\u00e4rtige Angelegenheiten und Handel der luxemburgischen Regierung sowie der italienischen Botschaft in Luxemburg steht. Als Mitglied des Netzwerks der italienischen Auslandshandelskammern ist die CCIL zu einem Bezugspunkt f\\u00fcr die meisten italienischen Unternehmen geworden, die in Luxemburg t\\u00e4tig werden wollen, sowie f\\u00fcr die lokalen und regionalen Beh\\u00f6rden, die ihre Produkte und Dienstleistungen im geografischen und institutionellen Herzen Europas vermarkten m\\u00f6chten.<\\\/p>\"}}]}]}],\"name\":\"About\"},{\"type\":\"section\",\"props\":{\"style\":\"default\",\"width\":\"default\",\"vertical_align\":\"middle\",\"title_position\":\"top-left\",\"title_rotation\":\"left\",\"title_breakpoint\":\"xl\",\"image_position\":\"center-center\"},\"children\":[{\"type\":\"row\",\"props\":{\"layout\":\"1-2,1-2\"},\"children\":[{\"type\":\"column\",\"props\":{\"image_position\":\"center-center\",\"media_overlay_gradient\":\"\",\"width_medium\":\"1-2\"},\"children\":[{\"type\":\"text\",\"props\":{\"margin\":\"default\",\"column_breakpoint\":\"m\",\"content\":\"\n\n<p>Projekt INSPIRER - Inklusive Arbeitspl\\u00e4tze f\\u00fcr \\u00e4ltere Arbeitnehmer [2020-1-SK01-KA204-078253]<\\\/p>\",\"text_style\":\"meta\",\"text_color\":\"emphasis\"},\"modified\":\"2021-08-03T08:58:12.188Z\",\"name\":\"footer 1 en\"},{\"type\":\"text\",\"props\":{\"margin\":\"default\",\"column_breakpoint\":\"m\",\"content\":\"\n\n<p>Die Unterst\\u00fctzung der Europ\\u00e4ischen Kommission f\\u00fcr die Erstellung dieser Ver\\u00f6ffentlichung stellt keine Billigung des Inhalts dar, welcher nur die Ansichten der Verfasser wiedergibt, und die Kommission kann nicht f\\u00fcr eine etwaige Verwendung der darin enthaltenen Informationen haftbar gemacht werden.<\\\/p>\",\"text_style\":\"meta\",\"text_color\":\"emphasis\"},\"modified\":\"2021-08-03T08:58:24.208Z\",\"name\":\"footer 2 en\"}]},{\"type\":\"column\",\"props\":{\"image_position\":\"center-center\",\"media_overlay_gradient\":\"\",\"width_medium\":\"1-2\"},\"children\":[{\"type\":\"image\",\"props\":{\"margin\":\"default\",\"image_svg_color\":\"emphasis\",\"image\":\"wp-content\\\/uploads\\\/2021\\\/08\\\/logosbeneficaireserasmusright_de_0-1.jpg\",\"image_width\":\"400\",\"text_align\":\"center\"},\"modified\":\"2021-08-03T08:58:30.715Z\",\"name\":\"footer 3 en\"}]}]}]}],\"version\":\"2.5.8\"} --><\/p>\n","protected":false},"excerpt":{"rendered":"<p>\u00dcber uns INSPIRER ist ein europ\u00e4isches Erasmus+ Projekt, das darauf abzielt, durch innovative und integrierte Ans\u00e4tze Gleichberechtigung und Vielfalt am Arbeitsplatz zu f\u00f6rdern, und zwar f\u00fcr Unternehmen, die sowohl j\u00fcngere als auch \u00e4ltere Mitarbeitende besch\u00e4ftigen. INSPIRER bietet Unternehmen, Organisationen, Managern und Mitarbeitenden die notwendigen Werkzeuge, um Altersdiskriminierung und Ausgrenzung am Arbeitsplatz entgegenzuwirken und ein positives [&hellip;]<\/p>\n","protected":false},"author":1,"featured_media":0,"parent":0,"menu_order":0,"comment_status":"closed","ping_status":"closed","template":"","meta":[],"_links":{"self":[{"href":"https:\/\/inclusiveworkplace.eu\/de\/wp-json\/wp\/v2\/pages\/486"}],"collection":[{"href":"https:\/\/inclusiveworkplace.eu\/de\/wp-json\/wp\/v2\/pages"}],"about":[{"href":"https:\/\/inclusiveworkplace.eu\/de\/wp-json\/wp\/v2\/types\/page"}],"author":[{"embeddable":true,"href":"https:\/\/inclusiveworkplace.eu\/de\/wp-json\/wp\/v2\/users\/1"}],"replies":[{"embeddable":true,"href":"https:\/\/inclusiveworkplace.eu\/de\/wp-json\/wp\/v2\/comments?post=486"}],"version-history":[{"count":4,"href":"https:\/\/inclusiveworkplace.eu\/de\/wp-json\/wp\/v2\/pages\/486\/revisions"}],"predecessor-version":[{"id":906,"href":"https:\/\/inclusiveworkplace.eu\/de\/wp-json\/wp\/v2\/pages\/486\/revisions\/906"}],"wp:attachment":[{"href":"https:\/\/inclusiveworkplace.eu\/de\/wp-json\/wp\/v2\/media?parent=486"}],"curies":[{"name":"wp","href":"https:\/\/api.w.org\/{rel}","templated":true}]}}