{"id":483,"date":"2021-03-18T13:56:22","date_gmt":"2021-03-18T13:56:22","guid":{"rendered":"https:\/\/inclusiveworkplace.eu\/sample-page\/"},"modified":"2021-12-15T08:02:12","modified_gmt":"2021-12-15T08:02:12","slug":"sample-page","status":"publish","type":"page","link":"https:\/\/inclusiveworkplace.eu\/de\/","title":{"rendered":"Home"},"content":{"rendered":"<h1>Ein &#8222;Inspirer&#8220; sein<\/h1>\n<div>Bauen Sie eine generationen\u00fcbergreifenden Arbeitsplatzkultur des Lernens und der Zusammenarbeit auf!<\/div>\n<p><a href=\"#office\"><img decoding=\"async\" src=\"\/wp-content\/uploads\/company-image.svg\" alt=\"\"><\/a><\/p>\n<div>M\u00f6chten Sie in Ihrem Unternehmen oder Ihrer Organisation eine Kultur der Zusammenarbeit, Vielfalt und Innovation aufbauen?<\/p>\n<p>Es gibt viele Strategien, aber INSPIRER bietet auch alle notwendigen Werkzeuge: Training, messbare Evaluation und eine Plattform f\u00fcr Reverse Mentorship.<\/p>\n<p>Kontaktieren Sie uns oder besuchen Sie unseren Blog, um mehr \u00fcber die praktische Anwendung im Arbeitsleben zu erfahren.<\/p><\/div>\n<h2>Was INSPIRER bietet:<\/h2>\n<p><img decoding=\"async\" src=\"\/wp-content\/uploads\/2021\/07\/inclusive_workplace_home1_web.jpg\" alt=\"\"><\/p>\n<h3>Innovativer Schulungskurs zur generationen\u00fcbergreifenden Arbeitsplatzkultur<\/h3>\n<div>\n<p>Dieser innovative Kurs richtet sich an F\u00fchrungskr\u00e4fte, die mit generationen\u00fcbergreifenden Teams umgehen, sowie an Personalverantwortliche und bietet n\u00fctzliche Informationen und Trainings, um das volle Potenzial zur Unterst\u00fctzung einer Mehrgenerationenkultur am Arbeitsplatz zu nutzen.<\/p>\n<p>Lernen Sie, wie Sie die F\u00e4higkeiten Ihrer Mitarbeiter unabh\u00e4ngig von deren Alter f\u00f6rdern und unterst\u00fctzen und wie Sie generationen\u00fcbergreifende Teams erfolgreich managen.<\/p>\n<\/div>\n<p>\n    <a href=\"\/de\/services\/\">Mehr<\/a>\n<\/p>\n<h3>360\u00b0 Assessment Tool zur generationen\u00fcbergreifenden Arbeitsplatzkultur<\/h3>\n<div>\n<p>Das Tool bietet einen ganzheitlichen Ansatz zur Bewertung der Kultur Ihres Unternehmens. Es unterst\u00fctzt Ihre F\u00fchrungskr\u00e4fte und Mitarbeiter (\u00fcber und unter 55) dabei, die Elemente zu messen, die ein generationen\u00fcbergreifendes Arbeitsumfeld ausmachen.<\/p>\n<p>Es liefert Ihnen auch Vorschl\u00e4ge und Strategien, was jede Seite umsetzen sollte, um die Zusammenarbeit zwischen den beteiligten Generationen zu verbessern.<\/p>\n<p>Das Tool kann vor und nach jeder Trainingseinheit verwendet werden, um die Wirkungen und Ergebnisse zu bewerten.<\/p>\n<\/div>\n<p>\n    <a href=\"\/de\/services\/\">Mehr<\/a>\n<\/p>\n<p><img decoding=\"async\" src=\"\/wp-content\/uploads\/2021\/07\/inclusive_workplace_home2_web.jpg\" alt=\"\"><br \/>\n<img decoding=\"async\" src=\"\/wp-content\/uploads\/2021\/07\/inclusive_workplace_home3_web.jpg\" alt=\"\"><\/p>\n<h3>Generationen\u00fcbergreifendes \/ Reverse Mentoring zu digitalen Technologien<\/h3>\n<div>\n<p>Diese Plattform ist ein wertvolles Werkzeug, um Reverse Mentoring in Ihrem Unternehmen oder Ihrer Organisation zu implementieren.<\/p>\n<p>Sie fungiert als sicherer Raum, in dem jeweils einen j\u00fcngeren und einen \u00e4lteren Mitarbeitenden zusammenzubringen, um sich gegenseitig Mentoring zu neuen Technologien oder speziellen Fachgebieten anzubieten und Erfahrungen auszutauschen.<\/p>\n<p>\u00c4ltere Mitarbeiter profitieren von der Expertise der J\u00fcngeren in Bezug auf digitale F\u00e4higkeiten und die J\u00fcngeren erhalten Einblicke in Kommunikation und andere dringend ben\u00f6tigte Soft Skills.<\/p>\n<\/div>\n<p>\n    <a href=\"\/de\/services\/\">Mehr<\/a>\n<\/p>\n<hr>\n<h1>Holen Sie sich die Inspirer Pr\u00e4sentationsbrosch\u00fcre<\/h1>\n<p>\n    <a href=\"\/wp-content\/uploads\/2021\/12\/INSPIRER_leaflet-DE-FINAL.pdf\">Download pdf<\/a>\n<\/p>\n<hr>\n<h1>Erhalten Sie unseren Newsletter!<\/h1>\n<div>\n<p>Projekt INSPIRER &#8211; Inklusive Arbeitspl\u00e4tze f\u00fcr \u00e4ltere Arbeitnehmer [2020-1-SK01-KA204-078253]<\/p>\n<\/div>\n<div>\n<p>Die Unterst\u00fctzung der Europ\u00e4ischen Kommission f\u00fcr die Erstellung dieser Ver\u00f6ffentlichung stellt keine Billigung des Inhalts dar, welcher nur die Ansichten der Verfasser wiedergibt, und die Kommission kann nicht f\u00fcr eine etwaige Verwendung der darin enthaltenen Informationen haftbar gemacht werden.<\/p>\n<\/div>\n<p><img decoding=\"async\" src=\"\/wp-content\/uploads\/2021\/08\/logosbeneficaireserasmusright_de_0-1.jpg\" alt=\"\"><\/p>\n<p><!--more--><br \/>\n<!-- {\"name\":\"Company\",\"type\":\"layout\",\"children\":[{\"name\":\"Hero\",\"type\":\"section\",\"props\":{\"style\":\"default\",\"width\":\"default\",\"vertical_align\":\"middle\",\"title_position\":\"top-left\",\"title_rotation\":\"left\",\"title_breakpoint\":\"xl\",\"image_position\":\"top-center\",\"image\":\"wp-content\\\/uploads\\\/2021\\\/03\\\/inspirer_home_2.jpg\",\"height\":\"percent\",\"header_transparent_noplaceholder\":true,\"text_color\":\"light\",\"image_size\":\"cover\",\"overlap\":true,\"image_width\":\"2560\",\"animation\":\"fade\",\"media_overlay\":\"rgba(0, 0, 0, 0.5)\",\"padding_remove_bottom\":false},\"children\":[{\"name\":\"\",\"type\":\"row\",\"children\":[{\"name\":\"\",\"type\":\"column\",\"props\":{\"image_position\":\"center-center\",\"media_overlay_gradient\":\"\",\"width_medium\":\"1-1\"},\"children\":[{\"name\":\"\",\"type\":\"headline\",\"props\":{\"title_element\":\"h1\",\"content\":\"Ein \\\"Inspirer\\\" sein\",\"title_style\":\"heading-medium\",\"text_align\":\"right\",\"margin\":\"small\"}},{\"name\":\"\",\"type\":\"headline\",\"props\":{\"title_element\":\"div\",\"content\":\"Bauen Sie eine generationen\\u00fcbergreifenden Arbeitsplatzkultur des Lernens und der Zusammenarbeit auf!\",\"title_style\":\"h3\",\"margin\":\"remove-vertical\",\"text_align\":\"right\"}}]}],\"props\":{\"margin_remove_bottom\":false}}]},{\"name\":\"Image\",\"type\":\"section\",\"props\":{\"style\":\"default\",\"width\":\"default\",\"vertical_align\":\"middle\",\"title_position\":\"top-left\",\"title_rotation\":\"left\",\"title_breakpoint\":\"xl\",\"image_position\":\"center-center\",\"padding\":\"none\",\"id\":\"office\",\"animation\":\"slide-bottom-medium\"},\"children\":[{\"name\":\"\",\"type\":\"row\",\"children\":[{\"name\":\"\",\"type\":\"column\",\"props\":{\"image_position\":\"center-center\",\"media_overlay_gradient\":\"\",\"text_color\":\"light\",\"width_medium\":\"1-1\"},\"children\":[{\"name\":\"\",\"type\":\"image\",\"props\":{\"margin\":\"small\",\"image\":\"wp-content\\\/uploads\\\/company-image.svg\",\"text_align\":\"right\",\"animation\":\"parallax\",\"parallax_y_start\":\"-130\",\"parallax_y_end\":\"-200\",\"visibility\":\"m\",\"link\":\"#office\",\"image_svg_color\":\"emphasis\",\"image_svg_inline\":true}}]}],\"props\":{\"margin_remove_bottom\":true}}]},{\"name\":\"Office\",\"type\":\"section\",\"props\":{\"style\":\"default\",\"width\":\"default\",\"vertical_align\":\"middle\",\"title_position\":\"top-left\",\"title_rotation\":\"left\",\"title_breakpoint\":\"xl\",\"image_position\":\"center-center\",\"padding_remove_top\":false,\"image\":\"\",\"image_size\":\"contain\",\"image_effect\":\"parallax\",\"image_parallax_bgy_start\":\"50\",\"image_parallax_bgy_end\":\"-50\",\"padding\":\"xsmall\",\"animation\":\"slide-bottom-medium\",\"animation_delay\":\"200\",\"media_visibility\":\"m\",\"padding_remove_bottom\":false},\"children\":[{\"name\":\"\",\"type\":\"row\",\"children\":[{\"name\":\"\",\"type\":\"column\",\"props\":{\"image_position\":\"center-center\",\"media_overlay_gradient\":\"\",\"width_medium\":\"1-1\"},\"children\":[{\"name\":\"\",\"type\":\"headline\",\"props\":{\"title_element\":\"div\",\"content\":\"M\\u00f6chten Sie in Ihrem Unternehmen oder Ihrer Organisation eine Kultur der Zusammenarbeit, Vielfalt und Innovation aufbauen?<br \\\/><br \\\/>Es gibt viele Strategien, aber INSPIRER bietet auch alle notwendigen Werkzeuge: Training, messbare Evaluation und eine Plattform f\\u00fcr Reverse Mentorship.<br \\\/><br \\\/>Kontaktieren Sie uns oder besuchen Sie unseren Blog, um mehr \\u00fcber die praktische Anwendung im Arbeitsleben zu erfahren.\",\"text_align\":\"center\",\"title_style\":\"h3\",\"block_align\":\"center\",\"margin_remove_top\":true,\"margin\":\"remove-vertical\"}}]}]},{\"type\":\"row\",\"props\":{\"margin_remove_bottom\":true,\"margin\":\"large\"},\"children\":[{\"type\":\"column\",\"props\":{\"image_position\":\"center-center\",\"media_overlay_gradient\":\"\"},\"children\":[{\"type\":\"headline\",\"props\":{\"title_element\":\"h2\",\"content\":\"Was INSPIRER bietet:\",\"text_align\":\"center\",\"margin_remove_bottom\":true}}]}]},{\"name\":\"\",\"type\":\"row\",\"props\":{\"layout\":\"1-2,1-2\",\"vertical_align\":true,\"margin\":\"default\",\"column_gap\":\"large\",\"row_gap\":\"large\"},\"children\":[{\"name\":\"\",\"type\":\"column\",\"props\":{\"image_position\":\"center-center\",\"vertical_align\":\"middle\",\"media_overlay_gradient\":\"\",\"width_medium\":\"1-2\"},\"children\":[{\"type\":\"image\",\"props\":{\"margin\":\"default\",\"image_svg_color\":\"emphasis\",\"image\":\"wp-content\\\/uploads\\\/2021\\\/07\\\/inclusive_workplace_home1_web.jpg\",\"image_border\":\"pill\",\"image_box_decoration\":\"shadow\"}}]},{\"name\":\"\",\"type\":\"column\",\"props\":{\"image_position\":\"center-center\",\"vertical_align\":\"middle\",\"media_overlay_gradient\":\"\",\"width_medium\":\"1-2\"},\"children\":[{\"name\":\"\",\"type\":\"headline\",\"props\":{\"title_element\":\"h3\",\"content\":\"Innovativer Schulungskurs zur generationen\\u00fcbergreifenden Arbeitsplatzkultur\",\"margin\":\"medium\",\"margin_remove_top\":true,\"text_align\":\"left\",\"text_align_breakpoint\":\"m\",\"text_align_fallback\":\"center\"}},{\"name\":\"\",\"type\":\"text\",\"props\":{\"margin\":\"default\",\"column_breakpoint\":\"m\",\"content\":\"\n\n<p>Dieser innovative Kurs richtet sich an F\\u00fchrungskr\\u00e4fte, die mit generationen\\u00fcbergreifenden Teams umgehen, sowie an Personalverantwortliche und bietet n\\u00fctzliche Informationen und Trainings, um das volle Potenzial zur Unterst\\u00fctzung einer Mehrgenerationenkultur am Arbeitsplatz zu nutzen.<\\\/p>\\n\n\n<p>Lernen Sie, wie Sie die F\\u00e4higkeiten Ihrer Mitarbeiter unabh\\u00e4ngig von deren Alter f\\u00f6rdern und unterst\\u00fctzen und wie Sie generationen\\u00fcbergreifende Teams erfolgreich managen.<\\\/p>\",\"text_align\":\"left\",\"text_align_breakpoint\":\"m\",\"text_align_fallback\":\"center\",\"maxwidth_breakpoint\":\"s\",\"block_align\":\"center\"}},{\"type\":\"button\",\"props\":{\"grid_column_gap\":\"small\",\"grid_row_gap\":\"small\",\"margin\":\"default\"},\"children\":[{\"type\":\"button_item\",\"props\":{\"button_style\":\"primary\",\"icon_align\":\"left\",\"content\":\"Mehr\",\"link\":\"\\\/de\\\/services\\\/\"}}]}]}]},{\"name\":\"\",\"type\":\"row\",\"props\":{\"layout\":\"1-2,1-2\",\"vertical_align\":true,\"margin\":\"xlarge\",\"column_gap\":\"large\",\"row_gap\":\"large\"},\"children\":[{\"name\":\"\",\"type\":\"column\",\"props\":{\"image_position\":\"center-center\",\"vertical_align\":\"middle\",\"media_overlay_gradient\":\"\",\"width_medium\":\"1-2\"},\"children\":[{\"name\":\"\",\"type\":\"headline\",\"props\":{\"title_element\":\"h3\",\"content\":\"360\\u00b0 Assessment Tool zur generationen\\u00fcbergreifenden Arbeitsplatzkultur\",\"margin\":\"medium\",\"margin_remove_top\":true,\"text_align\":\"left\",\"text_align_breakpoint\":\"m\",\"text_align_fallback\":\"center\"}},{\"name\":\"\",\"type\":\"text\",\"props\":{\"margin\":\"default\",\"column_breakpoint\":\"m\",\"content\":\"\n\n<p>Das Tool bietet einen ganzheitlichen Ansatz zur Bewertung der Kultur Ihres Unternehmens. Es unterst\\u00fctzt Ihre F\\u00fchrungskr\\u00e4fte und Mitarbeiter (\\u00fcber und unter 55) dabei, die Elemente zu messen, die ein generationen\\u00fcbergreifendes Arbeitsumfeld ausmachen.<\\\/p>\\n\n\n<p>Es liefert Ihnen auch Vorschl\\u00e4ge und Strategien, was jede Seite umsetzen sollte, um die Zusammenarbeit zwischen den beteiligten Generationen zu verbessern.<\\\/p>\\n\n\n<p>Das Tool kann vor und nach jeder Trainingseinheit verwendet werden, um die Wirkungen und Ergebnisse zu bewerten.<\\\/p>\",\"text_align\":\"left\",\"text_align_breakpoint\":\"m\",\"text_align_fallback\":\"center\",\"maxwidth_breakpoint\":\"s\",\"block_align\":\"center\"}},{\"type\":\"button\",\"props\":{\"grid_column_gap\":\"small\",\"grid_row_gap\":\"small\",\"margin\":\"default\"},\"children\":[{\"type\":\"button_item\",\"props\":{\"button_style\":\"primary\",\"icon_align\":\"left\",\"content\":\"Mehr\",\"link\":\"\\\/de\\\/services\\\/\"}}]}]},{\"name\":\"\",\"type\":\"column\",\"props\":{\"image_position\":\"center-center\",\"vertical_align\":\"middle\",\"media_overlay_gradient\":\"\",\"width_medium\":\"1-2\"},\"children\":[{\"type\":\"image\",\"props\":{\"margin\":\"default\",\"image_svg_color\":\"emphasis\",\"image\":\"wp-content\\\/uploads\\\/2021\\\/07\\\/inclusive_workplace_home2_web.jpg\",\"image_border\":\"pill\",\"image_box_decoration\":\"shadow\"}}]}]},{\"name\":\"\",\"type\":\"row\",\"props\":{\"layout\":\"1-2,1-2\",\"vertical_align\":true,\"margin\":\"default\",\"column_gap\":\"large\",\"row_gap\":\"large\"},\"children\":[{\"name\":\"\",\"type\":\"column\",\"props\":{\"image_position\":\"center-center\",\"vertical_align\":\"middle\",\"media_overlay_gradient\":\"\",\"width_medium\":\"1-2\"},\"children\":[{\"type\":\"image\",\"props\":{\"margin\":\"default\",\"image_svg_color\":\"emphasis\",\"image\":\"wp-content\\\/uploads\\\/2021\\\/07\\\/inclusive_workplace_home3_web.jpg\",\"image_border\":\"pill\",\"image_box_decoration\":\"shadow\"}}]},{\"name\":\"\",\"type\":\"column\",\"props\":{\"image_position\":\"center-center\",\"vertical_align\":\"middle\",\"media_overlay_gradient\":\"\",\"width_medium\":\"1-2\"},\"children\":[{\"name\":\"\",\"type\":\"headline\",\"props\":{\"title_element\":\"h3\",\"content\":\"Generationen\\u00fcbergreifendes \\\/ Reverse Mentoring zu digitalen Technologien\",\"margin\":\"medium\",\"margin_remove_top\":true,\"text_align\":\"left\",\"text_align_breakpoint\":\"m\",\"text_align_fallback\":\"center\"}},{\"name\":\"\",\"type\":\"text\",\"props\":{\"margin\":\"default\",\"column_breakpoint\":\"m\",\"content\":\"\n\n<p>Diese Plattform ist ein wertvolles Werkzeug, um Reverse Mentoring in Ihrem Unternehmen oder Ihrer Organisation zu implementieren.<\\\/p>\\n\n\n<p>Sie fungiert als sicherer Raum, in dem jeweils einen j\\u00fcngeren und einen \\u00e4lteren Mitarbeitenden zusammenzubringen, um sich gegenseitig Mentoring zu neuen Technologien oder speziellen Fachgebieten anzubieten und Erfahrungen auszutauschen.<\\\/p>\\n\n\n<p>\\u00c4ltere Mitarbeiter profitieren von der Expertise der J\\u00fcngeren in Bezug auf digitale F\\u00e4higkeiten und die J\\u00fcngeren erhalten Einblicke in Kommunikation und andere dringend ben\\u00f6tigte Soft Skills.<\\\/p>\",\"text_align\":\"left\",\"text_align_breakpoint\":\"m\",\"text_align_fallback\":\"center\",\"maxwidth_breakpoint\":\"s\",\"block_align\":\"center\"}},{\"type\":\"button\",\"props\":{\"grid_column_gap\":\"small\",\"grid_row_gap\":\"small\",\"margin\":\"default\"},\"children\":[{\"type\":\"button_item\",\"props\":{\"button_style\":\"primary\",\"icon_align\":\"left\",\"content\":\"Mehr\",\"link\":\"\\\/de\\\/services\\\/\"}}]}]}]},{\"type\":\"row\",\"children\":[{\"type\":\"column\",\"props\":{\"image_position\":\"center-center\",\"media_overlay_gradient\":\"\"},\"children\":[{\"type\":\"divider\",\"props\":{\"divider_element\":\"hr\"}},{\"type\":\"headline\",\"props\":{\"title_element\":\"h1\",\"content\":\"Holen Sie sich die Inspirer Pr\\u00e4sentationsbrosch\\u00fcre\",\"text_align\":\"center\"}},{\"type\":\"button\",\"props\":{\"grid_column_gap\":\"small\",\"grid_row_gap\":\"small\",\"margin\":\"default\",\"text_align\":\"center\"},\"children\":[{\"type\":\"button_item\",\"props\":{\"button_style\":\"primary\",\"icon_align\":\"left\",\"content\":\"Download pdf\",\"link\":\"wp-content\\\/uploads\\\/2021\\\/12\\\/INSPIRER_leaflet-DE-FINAL.pdf\",\"link_target\":\"blank\"}}]}]}]},{\"type\":\"row\",\"children\":[{\"type\":\"column\",\"props\":{\"image_position\":\"center-center\",\"media_overlay_gradient\":\"\"},\"children\":[{\"type\":\"divider\",\"props\":{\"divider_element\":\"hr\"}}]}]},{\"type\":\"row\",\"props\":{\"layout\":\"1-2,1-2\",\"margin\":\"large\"},\"children\":[{\"type\":\"column\",\"props\":{\"image_position\":\"center-center\",\"media_overlay_gradient\":\"\",\"width_medium\":\"1-2\"},\"children\":[{\"type\":\"headline\",\"props\":{\"title_element\":\"h1\",\"content\":\"Erhalten Sie unseren Newsletter!\"}}]},{\"type\":\"column\",\"props\":{\"image_position\":\"center-center\",\"media_overlay_gradient\":\"\",\"width_medium\":\"1-2\"},\"children\":[{\"type\":\"newsletter\",\"props\":{\"layout\":\"grid\",\"show_name\":false,\"label_first_name\":\"First name\",\"label_last_name\":\"Last name\",\"label_email\":\"E-Mail-Adresse\",\"label_button\":\"Anmelden\",\"provider\":{\"name\":\"mailchimp\",\"after_submit\":\"message\",\"message\":\"You've been subscribed successfully.\",\"redirect\":\"\"},\"mailchimp\":{\"client_id\":\"\",\"list_id\":\"621f9adef6\",\"double_optin\":true},\"cmonitor\":{\"client_id\":\"\",\"list_id\":\"\"},\"button_mode\":\"button\",\"button_style\":\"secondary\",\"button_icon\":\"mail\",\"form_size\":\"\"}}]}]}]},{\"type\":\"section\",\"props\":{\"style\":\"default\",\"width\":\"default\",\"vertical_align\":\"middle\",\"title_position\":\"top-left\",\"title_rotation\":\"left\",\"title_breakpoint\":\"xl\",\"image_position\":\"center-center\"},\"children\":[{\"type\":\"row\",\"props\":{\"layout\":\"1-2,1-2\"},\"children\":[{\"type\":\"column\",\"props\":{\"image_position\":\"center-center\",\"media_overlay_gradient\":\"\",\"width_medium\":\"1-2\"},\"children\":[{\"type\":\"text\",\"props\":{\"margin\":\"default\",\"column_breakpoint\":\"m\",\"content\":\"\n\n<p>Projekt INSPIRER - Inklusive Arbeitspl\\u00e4tze f\\u00fcr \\u00e4ltere Arbeitnehmer [2020-1-SK01-KA204-078253]<\\\/p>\",\"text_style\":\"meta\",\"text_color\":\"emphasis\"},\"modified\":\"2021-08-03T09:10:16.629Z\",\"name\":\"footer 1 de\"},{\"type\":\"text\",\"props\":{\"margin\":\"default\",\"column_breakpoint\":\"m\",\"content\":\"\n\n<p>Die Unterst\\u00fctzung der Europ\\u00e4ischen Kommission f\\u00fcr die Erstellung dieser Ver\\u00f6ffentlichung stellt keine Billigung des Inhalts dar, welcher nur die Ansichten der Verfasser wiedergibt, und die Kommission kann nicht f\\u00fcr eine etwaige Verwendung der darin enthaltenen Informationen haftbar gemacht werden.<\\\/p>\",\"text_style\":\"meta\",\"text_color\":\"emphasis\"},\"modified\":\"2021-08-03T09:10:22.436Z\",\"name\":\"footer 2 de\"}]},{\"type\":\"column\",\"props\":{\"image_position\":\"center-center\",\"media_overlay_gradient\":\"\",\"width_medium\":\"1-2\"},\"children\":[{\"type\":\"image\",\"props\":{\"margin\":\"default\",\"image_svg_color\":\"emphasis\",\"image\":\"wp-content\\\/uploads\\\/2021\\\/08\\\/logosbeneficaireserasmusright_de_0-1.jpg\",\"image_width\":\"400\",\"text_align\":\"center\"},\"modified\":\"2021-08-03T09:10:26.900Z\",\"name\":\"footer 3 de\"}]}]}]}],\"version\":\"2.5.8\"} --><\/p>\n","protected":false},"excerpt":{"rendered":"<p>Ein &#8222;Inspirer&#8220; sein Bauen Sie eine generationen\u00fcbergreifenden Arbeitsplatzkultur des Lernens und der Zusammenarbeit auf! M\u00f6chten Sie in Ihrem Unternehmen oder Ihrer Organisation eine Kultur der Zusammenarbeit, Vielfalt und Innovation aufbauen? Es gibt viele Strategien, aber INSPIRER bietet auch alle notwendigen Werkzeuge: Training, messbare Evaluation und eine Plattform f\u00fcr Reverse Mentorship. Kontaktieren Sie uns oder besuchen [&hellip;]<\/p>\n","protected":false},"author":1,"featured_media":0,"parent":0,"menu_order":0,"comment_status":"closed","ping_status":"open","template":"","meta":[],"_links":{"self":[{"href":"https:\/\/inclusiveworkplace.eu\/de\/wp-json\/wp\/v2\/pages\/483"}],"collection":[{"href":"https:\/\/inclusiveworkplace.eu\/de\/wp-json\/wp\/v2\/pages"}],"about":[{"href":"https:\/\/inclusiveworkplace.eu\/de\/wp-json\/wp\/v2\/types\/page"}],"author":[{"embeddable":true,"href":"https:\/\/inclusiveworkplace.eu\/de\/wp-json\/wp\/v2\/users\/1"}],"replies":[{"embeddable":true,"href":"https:\/\/inclusiveworkplace.eu\/de\/wp-json\/wp\/v2\/comments?post=483"}],"version-history":[{"count":10,"href":"https:\/\/inclusiveworkplace.eu\/de\/wp-json\/wp\/v2\/pages\/483\/revisions"}],"predecessor-version":[{"id":1056,"href":"https:\/\/inclusiveworkplace.eu\/de\/wp-json\/wp\/v2\/pages\/483\/revisions\/1056"}],"wp:attachment":[{"href":"https:\/\/inclusiveworkplace.eu\/de\/wp-json\/wp\/v2\/media?parent=483"}],"curies":[{"name":"wp","href":"https:\/\/api.w.org\/{rel}","templated":true}]}}